{"id":999,"date":"2024-12-23T16:06:45","date_gmt":"2024-12-23T15:06:45","guid":{"rendered":"https:\/\/los-odpowiedzialni-spolecznie.pl\/?post_type=product&#038;p=999"},"modified":"2024-12-23T16:07:56","modified_gmt":"2024-12-23T15:07:56","slug":"babcianki-z-czosnkiem-niedzwiedzim-100-g-naturavena","status":"publish","type":"product","link":"https:\/\/los-odpowiedzialni-spolecznie.pl\/en\/sklep\/produkty-spozywcze\/przekaski\/slone\/babcianki-z-czosnkiem-niedzwiedzim-100-g-naturavena\/","title":{"rendered":"Babcianki z Czosnkiem Nied\u017awiedzim 100 g Naturavena"},"content":{"rendered":"<h3>Opis Produktu<\/h3>\n<p class=\"name\"><strong>Babcianki z Czosnkiem Nied\u017awiedzim 100 g Naturavena<\/strong><\/p>\n<p>Babcianki to cieniutkie wafelki wypiekane na suchej p\u0142ycie bez \u017cadnego t\u0142uszczu. Okr\u0105g\u0142e, chrupi\u0105ce ciasteczka stanowi\u0105 idealn\u0105 przek\u0105sk\u0119. Nie zawieraj\u0105 barwnik\u00f3w i spulchniaczy.<\/p>\n<p><strong>Sk\u0142adniki:<\/strong><br \/>\nm\u0105ka pszenna (72%), p\u0142atki OWSIANE (11,5%), otr\u0119by OWSIANE (5,8%), cukier, olej rzepakowy, czosnek nied\u017awiedzi (1,73%), s\u00f3l, pieprz<\/p>\n<p><strong>Warto\u015b\u0107 od\u017cywcza w 100 g<\/strong><br \/>\n<strong>Warto\u015b\u0107 energetyczna 1519 kJ\/363 kcal<\/strong><br \/>\n<strong>T\u0142uszcz<\/strong> 5,6 g<br \/>\n<strong>&#8211; w tym kwasy t\u0142uszczowe nasycone<\/strong> 0,7 g<br \/>\n<strong>W\u0119glowodany<\/strong> 68,9 g<br \/>\n<strong>&#8211; w tym cukry 3,8 g<\/strong><br \/>\n<strong>B\u0142onnik<\/strong> 3,2 g<br \/>\n<strong>Bia\u0142ko<\/strong> 9,4 g<br \/>\n<strong>S\u00f3l<\/strong> 1,7 g<\/p>","protected":false},"excerpt":{"rendered":"<p>Opis Produktu Babcianki z Czosnkiem Nied\u017awiedzim 100 g Naturavena Babcianki to cieniutkie wafelki wypiekane na suchej p\u0142ycie bez \u017cadnego t\u0142uszczu. Okr\u0105g\u0142e, chrupi\u0105ce ciasteczka stanowi\u0105 idealn\u0105 przek\u0105sk\u0119. Nie zawieraj\u0105 barwnik\u00f3w i spulchniaczy. Sk\u0142adniki: m\u0105ka pszenna (72%), p\u0142atki OWSIANE (11,5%), otr\u0119by OWSIANE (5,8%), cukier, olej rzepakowy, czosnek nied\u017awiedzi (1,73%), s\u00f3l, pieprz Warto\u015b\u0107 od\u017cywcza w 100 g Warto\u015b\u0107 [&hellip;]<\/p>","protected":false},"featured_media":1052,"template":"","meta":{"site-sidebar-layout":"default","site-content-layout":"","ast-site-content-layout":"default","site-content-style":"default","site-sidebar-style":"default","ast-global-header-display":"","ast-banner-title-visibility":"","ast-main-header-display":"","ast-hfb-above-header-display":"","ast-hfb-below-header-display":"","ast-hfb-mobile-header-display":"","site-post-title":"","ast-breadcrumbs-content":"","ast-featured-img":"","footer-sml-layout":"","theme-transparent-header-meta":"default","adv-header-id-meta":"","stick-header-meta":"","header-above-stick-meta":"","header-main-stick-meta":"","header-below-stick-meta":"","astra-migrate-meta-layouts":"set","ast-page-background-enabled":"default","ast-page-background-meta":{"desktop":{"background-color":"var(--ast-global-color-4)","background-image":"","background-repeat":"repeat","background-position":"center center","background-size":"auto","background-attachment":"scroll","background-type":"","background-media":"","overlay-type":"","overlay-color":"","overlay-opacity":"","overlay-gradient":""},"tablet":{"background-color":"","background-image":"","background-repeat":"repeat","background-position":"center center","background-size":"auto","background-attachment":"scroll","background-type":"","background-media":"","overlay-type":"","overlay-color":"","overlay-opacity":"","overlay-gradient":""},"mobile":{"background-color":"","background-image":"","background-repeat":"repeat","background-position":"center center","background-size":"auto","background-attachment":"scroll","background-type":"","background-media":"","overlay-type":"","overlay-color":"","overlay-opacity":"","overlay-gradient":""}},"ast-content-background-meta":{"desktop":{"background-color":"var(--ast-global-color-5)","background-image":"","background-repeat":"repeat","background-position":"center center","background-size":"auto","background-attachment":"scroll","background-type":"","background-media":"","overlay-type":"","overlay-color":"","overlay-opacity":"","overlay-gradient":""},"tablet":{"background-color":"var(--ast-global-color-5)","background-image":"","background-repeat":"repeat","background-position":"center center","background-size":"auto","background-attachment":"scroll","background-type":"","background-media":"","overlay-type":"","overlay-color":"","overlay-opacity":"","overlay-gradient":""},"mobile":{"background-color":"var(--ast-global-color-5)","background-image":"","background-repeat":"repeat","background-position":"center center","background-size":"auto","background-attachment":"scroll","background-type":"","background-media":"","overlay-type":"","overlay-color":"","overlay-opacity":"","overlay-gradient":""}}},"product_cat":[66,24],"product_tag":[],"class_list":{"0":"post-999","1":"product","2":"type-product","3":"status-publish","4":"has-post-thumbnail","6":"product_cat-slone","7":"product_cat-przekaski","8":"desktop-align-center","9":"tablet-align-left","10":"mobile-align-left","12":"first","13":"instock","14":"purchasable","15":"product-type-simple"},"_links":{"self":[{"href":"https:\/\/los-odpowiedzialni-spolecznie.pl\/en\/wp-json\/wp\/v2\/product\/999","targetHints":{"allow":["GET"]}}],"collection":[{"href":"https:\/\/los-odpowiedzialni-spolecznie.pl\/en\/wp-json\/wp\/v2\/product"}],"about":[{"href":"https:\/\/los-odpowiedzialni-spolecznie.pl\/en\/wp-json\/wp\/v2\/types\/product"}],"wp:featuredmedia":[{"embeddable":true,"href":"https:\/\/los-odpowiedzialni-spolecznie.pl\/en\/wp-json\/wp\/v2\/media\/1052"}],"wp:attachment":[{"href":"https:\/\/los-odpowiedzialni-spolecznie.pl\/en\/wp-json\/wp\/v2\/media?parent=999"}],"wp:term":[{"taxonomy":"product_cat","embeddable":true,"href":"https:\/\/los-odpowiedzialni-spolecznie.pl\/en\/wp-json\/wp\/v2\/product_cat?post=999"},{"taxonomy":"product_tag","embeddable":true,"href":"https:\/\/los-odpowiedzialni-spolecznie.pl\/en\/wp-json\/wp\/v2\/product_tag?post=999"}],"curies":[{"name":"wp","href":"https:\/\/api.w.org\/{rel}","templated":true}]}}