{"id":997,"date":"2024-12-23T16:06:45","date_gmt":"2024-12-23T15:06:45","guid":{"rendered":"https:\/\/los-odpowiedzialni-spolecznie.pl\/?post_type=product&#038;p=997"},"modified":"2025-01-22T13:05:25","modified_gmt":"2025-01-22T12:05:25","slug":"bonum-espresso-creme-kawa-ziarnista-500g-2","status":"publish","type":"product","link":"https:\/\/los-odpowiedzialni-spolecznie.pl\/en\/sklep\/produkty-spozywcze\/kawy-2\/ziarniste\/bonum-espresso-creme-kawa-ziarnista-500g-2\/","title":{"rendered":"BONUM Espresso Cr\u00e8me Kawa ziarnista 500g"},"content":{"rendered":"<h3>Opis Produktu<\/h3>\n<p>Wyj\u0105tkowa \u00a0kawa palona osobi\u015bcie przez braci kapucyn\u00f3w w prawie trzystuletnim klasztorze w S\u0119dziszowie Ma\u0142opolskim.<\/p>\n<p>Wyselekcjonowane ziarna arabiki Brazylia Santos oraz szczypta wysokiej jako\u015bci indyjskiej robusty India Cherry AA, nadaj\u0105 jej wyrazisty smak i aromat.<\/p>\n<p>Znakomita z mlekiem lub \u015bmietank\u0105.<\/p>\n<p><b>Sk\u0142ad:<\/b><\/p>\n<p>wyselekcjonowana mieszanka kaw: arabica (ok. 70%) i robusta (ok. 30%).<\/p>\n<p><b>Kraj pochodzenia:<\/b><\/p>\n<p>Arabica \u2013 Brazylia Santos, Robusta \u2013 India Cherry AA<\/p>\n<p><b>Nuta smakowa:<\/b>\u00a0gorzka czekolada<\/p>\n<p>Kwasowo\u015b\u0107: 1\/5<\/p>\n<p>Intensywno\u015b\u0107: 4\/5<\/p>\n<p>Palenie: 3\/5<\/p>\n<h3>Dodatkowe informacje<\/h3>\n<p>Nasze kawy polecamy do ekspres\u00f3w kolbowych, automatycznych, przelewowych oraz parzenia tradycyjnego.<\/p>\n<p>Wszystkie kawy wypalane s\u0105 w tradycyjnym b\u0119bnowym piecu. Dzi\u0119ki temu wydobywa si\u0119 z ziaren kawy najlepsze walory smakowe<\/p>","protected":false},"excerpt":{"rendered":"<p>Opis Produktu Wyj\u0105tkowa \u00a0kawa palona osobi\u015bcie przez braci kapucyn\u00f3w w prawie trzystuletnim klasztorze w S\u0119dziszowie Ma\u0142opolskim. Wyselekcjonowane ziarna arabiki Brazylia Santos oraz szczypta wysokiej jako\u015bci indyjskiej robusty India Cherry AA, nadaj\u0105 jej wyrazisty smak i aromat. Znakomita z mlekiem lub \u015bmietank\u0105. Sk\u0142ad: wyselekcjonowana mieszanka kaw: arabica (ok. 70%) i robusta (ok. 30%). Kraj pochodzenia: Arabica [&hellip;]<\/p>","protected":false},"featured_media":1041,"template":"","meta":{"site-sidebar-layout":"default","site-content-layout":"","ast-site-content-layout":"default","site-content-style":"default","site-sidebar-style":"default","ast-global-header-display":"","ast-banner-title-visibility":"","ast-main-header-display":"","ast-hfb-above-header-display":"","ast-hfb-below-header-display":"","ast-hfb-mobile-header-display":"","site-post-title":"","ast-breadcrumbs-content":"","ast-featured-img":"","footer-sml-layout":"","theme-transparent-header-meta":"default","adv-header-id-meta":"","stick-header-meta":"","header-above-stick-meta":"","header-main-stick-meta":"","header-below-stick-meta":"","astra-migrate-meta-layouts":"set","ast-page-background-enabled":"default","ast-page-background-meta":{"desktop":{"background-color":"var(--ast-global-color-4)","background-image":"","background-repeat":"repeat","background-position":"center center","background-size":"auto","background-attachment":"scroll","background-type":"","background-media":"","overlay-type":"","overlay-color":"","overlay-opacity":"","overlay-gradient":""},"tablet":{"background-color":"","background-image":"","background-repeat":"repeat","background-position":"center center","background-size":"auto","background-attachment":"scroll","background-type":"","background-media":"","overlay-type":"","overlay-color":"","overlay-opacity":"","overlay-gradient":""},"mobile":{"background-color":"","background-image":"","background-repeat":"repeat","background-position":"center center","background-size":"auto","background-attachment":"scroll","background-type":"","background-media":"","overlay-type":"","overlay-color":"","overlay-opacity":"","overlay-gradient":""}},"ast-content-background-meta":{"desktop":{"background-color":"var(--ast-global-color-5)","background-image":"","background-repeat":"repeat","background-position":"center center","background-size":"auto","background-attachment":"scroll","background-type":"","background-media":"","overlay-type":"","overlay-color":"","overlay-opacity":"","overlay-gradient":""},"tablet":{"background-color":"var(--ast-global-color-5)","background-image":"","background-repeat":"repeat","background-position":"center center","background-size":"auto","background-attachment":"scroll","background-type":"","background-media":"","overlay-type":"","overlay-color":"","overlay-opacity":"","overlay-gradient":""},"mobile":{"background-color":"var(--ast-global-color-5)","background-image":"","background-repeat":"repeat","background-position":"center center","background-size":"auto","background-attachment":"scroll","background-type":"","background-media":"","overlay-type":"","overlay-color":"","overlay-opacity":"","overlay-gradient":""}}},"product_cat":[41],"product_tag":[],"class_list":{"0":"post-997","1":"product","2":"type-product","3":"status-publish","4":"has-post-thumbnail","6":"product_cat-ziarniste","7":"desktop-align-center","8":"tablet-align-left","9":"mobile-align-left","11":"first","12":"instock","13":"taxable","14":"shipping-taxable","15":"purchasable","16":"product-type-simple"},"_links":{"self":[{"href":"https:\/\/los-odpowiedzialni-spolecznie.pl\/en\/wp-json\/wp\/v2\/product\/997","targetHints":{"allow":["GET"]}}],"collection":[{"href":"https:\/\/los-odpowiedzialni-spolecznie.pl\/en\/wp-json\/wp\/v2\/product"}],"about":[{"href":"https:\/\/los-odpowiedzialni-spolecznie.pl\/en\/wp-json\/wp\/v2\/types\/product"}],"wp:featuredmedia":[{"embeddable":true,"href":"https:\/\/los-odpowiedzialni-spolecznie.pl\/en\/wp-json\/wp\/v2\/media\/1041"}],"wp:attachment":[{"href":"https:\/\/los-odpowiedzialni-spolecznie.pl\/en\/wp-json\/wp\/v2\/media?parent=997"}],"wp:term":[{"taxonomy":"product_cat","embeddable":true,"href":"https:\/\/los-odpowiedzialni-spolecznie.pl\/en\/wp-json\/wp\/v2\/product_cat?post=997"},{"taxonomy":"product_tag","embeddable":true,"href":"https:\/\/los-odpowiedzialni-spolecznie.pl\/en\/wp-json\/wp\/v2\/product_tag?post=997"}],"curies":[{"name":"wp","href":"https:\/\/api.w.org\/{rel}","templated":true}]}}