{"id":996,"date":"2024-12-23T16:06:45","date_gmt":"2024-12-23T15:06:45","guid":{"rendered":"https:\/\/los-odpowiedzialni-spolecznie.pl\/?post_type=product&#038;p=996"},"modified":"2024-12-23T16:07:47","modified_gmt":"2024-12-23T15:07:47","slug":"deser-ryzowy-czekoladowy-bezglutenowy-bio-2-x-130-g-260-g-the-bridge","status":"publish","type":"product","link":"https:\/\/los-odpowiedzialni-spolecznie.pl\/en\/sklep\/produkty-spozywcze\/przekaski\/slodkie\/deser-ryzowy-czekoladowy-bezglutenowy-bio-2-x-130-g-260-g-the-bridge\/","title":{"rendered":"DESER RY\u017bOWY CZEKOLADOWY BEZGLUTENOWY BIO (2 x 130 g) 260 g &#8211; THE BRIDGE"},"content":{"rendered":"<h3>Opis Produktu<\/h3>\n<p><strong>DESER RY\u017bOWY CZEKOLADOWY BEZGLUTENOWY BIO (2 x 130 g) 260 g &#8211; THE BRIDGE<\/strong><\/p>\n<p>Produkt odpowiedni dla wegan. Produkt UHT.<\/p>\n<p><strong>SK\u0141ADNIKI<\/strong><br \/>\nwoda, ry\u017c* (14,2 %), cukier trzcinowy*, skrobia z tapioki*, kakao w proszku o obni\u017conej zawarto\u015bci t\u0142uszczu* (3 %), czekolada* (1 %)(miazga kakaowa*, t\u0142uszcz kakaowy*, cukier trzcinowy*), olej s\u0142onecznikowy*, olej szafranowy*, s\u00f3l morska, substancje zag\u0119szczaj\u0105ce: m\u0105czka chleba \u015bwi\u0119toja\u0144skiego*, guma guar*, guma gellan. (*certyfikowany sk\u0142adnik ekologiczny)<\/p>\n<p><strong>WARTO\u015a\u0106 OD\u017bYWCZA W 100 ml<\/strong><br \/>\n<strong>Warto\u015b\u0107 energetyczna: 431 kJ\/102 kcal<\/strong><br \/>\n<strong>T\u0142uszcz: 1,7 g<\/strong><br \/>\n<strong>w tym kwasy nasycone:<\/strong> 0,5 g<br \/>\n<strong>W\u0119glowodany:<\/strong> 20 g<br \/>\n<strong>w tym cukry:<\/strong> 11 g<br \/>\n<strong>Bia\u0142ko:<\/strong> 1,1 g<br \/>\n<strong>S\u00f3l:<\/strong> 0,08 g<\/p>\n<p><strong>INFORMACJA ALERGENNA<\/strong><br \/>\nMo\u017ce zawiera\u0107 ORZECHY i soj\u0119<\/p>\n<p><strong>ZALECANE WARUNKI PRZECHOWYWANIA<\/strong><br \/>\nPrzechowywa\u0107 w ch\u0142odnym i suchym miejscu. Po otwarciu przechowywa\u0107 w lod\u00f3wce i spo\u017cy\u0107 w ci\u0105gu 1 dnia.<\/p>","protected":false},"excerpt":{"rendered":"<p>Opis Produktu DESER RY\u017bOWY CZEKOLADOWY BEZGLUTENOWY BIO (2 x 130 g) 260 g &#8211; THE BRIDGE Produkt odpowiedni dla wegan. Produkt UHT. SK\u0141ADNIKI woda, ry\u017c* (14,2 %), cukier trzcinowy*, skrobia z tapioki*, kakao w proszku o obni\u017conej zawarto\u015bci t\u0142uszczu* (3 %), czekolada* (1 %)(miazga kakaowa*, t\u0142uszcz kakaowy*, cukier trzcinowy*), olej s\u0142onecznikowy*, olej szafranowy*, s\u00f3l morska, [&hellip;]<\/p>","protected":false},"featured_media":1040,"template":"","meta":{"site-sidebar-layout":"default","site-content-layout":"","ast-site-content-layout":"default","site-content-style":"default","site-sidebar-style":"default","ast-global-header-display":"","ast-banner-title-visibility":"","ast-main-header-display":"","ast-hfb-above-header-display":"","ast-hfb-below-header-display":"","ast-hfb-mobile-header-display":"","site-post-title":"","ast-breadcrumbs-content":"","ast-featured-img":"","footer-sml-layout":"","theme-transparent-header-meta":"default","adv-header-id-meta":"","stick-header-meta":"","header-above-stick-meta":"","header-main-stick-meta":"","header-below-stick-meta":"","astra-migrate-meta-layouts":"set","ast-page-background-enabled":"default","ast-page-background-meta":{"desktop":{"background-color":"var(--ast-global-color-4)","background-image":"","background-repeat":"repeat","background-position":"center center","background-size":"auto","background-attachment":"scroll","background-type":"","background-media":"","overlay-type":"","overlay-color":"","overlay-opacity":"","overlay-gradient":""},"tablet":{"background-color":"","background-image":"","background-repeat":"repeat","background-position":"center center","background-size":"auto","background-attachment":"scroll","background-type":"","background-media":"","overlay-type":"","overlay-color":"","overlay-opacity":"","overlay-gradient":""},"mobile":{"background-color":"","background-image":"","background-repeat":"repeat","background-position":"center center","background-size":"auto","background-attachment":"scroll","background-type":"","background-media":"","overlay-type":"","overlay-color":"","overlay-opacity":"","overlay-gradient":""}},"ast-content-background-meta":{"desktop":{"background-color":"var(--ast-global-color-5)","background-image":"","background-repeat":"repeat","background-position":"center center","background-size":"auto","background-attachment":"scroll","background-type":"","background-media":"","overlay-type":"","overlay-color":"","overlay-opacity":"","overlay-gradient":""},"tablet":{"background-color":"var(--ast-global-color-5)","background-image":"","background-repeat":"repeat","background-position":"center center","background-size":"auto","background-attachment":"scroll","background-type":"","background-media":"","overlay-type":"","overlay-color":"","overlay-opacity":"","overlay-gradient":""},"mobile":{"background-color":"var(--ast-global-color-5)","background-image":"","background-repeat":"repeat","background-position":"center center","background-size":"auto","background-attachment":"scroll","background-type":"","background-media":"","overlay-type":"","overlay-color":"","overlay-opacity":"","overlay-gradient":""}}},"product_cat":[25,24],"product_tag":[34],"class_list":{"0":"post-996","1":"product","2":"type-product","3":"status-publish","4":"has-post-thumbnail","6":"product_cat-slodkie","7":"product_cat-przekaski","8":"product_tag-etykieta-eko","9":"desktop-align-center","10":"tablet-align-left","11":"mobile-align-left","13":"first","14":"onbackorder","15":"purchasable","16":"product-type-simple"},"_links":{"self":[{"href":"https:\/\/los-odpowiedzialni-spolecznie.pl\/en\/wp-json\/wp\/v2\/product\/996","targetHints":{"allow":["GET"]}}],"collection":[{"href":"https:\/\/los-odpowiedzialni-spolecznie.pl\/en\/wp-json\/wp\/v2\/product"}],"about":[{"href":"https:\/\/los-odpowiedzialni-spolecznie.pl\/en\/wp-json\/wp\/v2\/types\/product"}],"wp:featuredmedia":[{"embeddable":true,"href":"https:\/\/los-odpowiedzialni-spolecznie.pl\/en\/wp-json\/wp\/v2\/media\/1040"}],"wp:attachment":[{"href":"https:\/\/los-odpowiedzialni-spolecznie.pl\/en\/wp-json\/wp\/v2\/media?parent=996"}],"wp:term":[{"taxonomy":"product_cat","embeddable":true,"href":"https:\/\/los-odpowiedzialni-spolecznie.pl\/en\/wp-json\/wp\/v2\/product_cat?post=996"},{"taxonomy":"product_tag","embeddable":true,"href":"https:\/\/los-odpowiedzialni-spolecznie.pl\/en\/wp-json\/wp\/v2\/product_tag?post=996"}],"curies":[{"name":"wp","href":"https:\/\/api.w.org\/{rel}","templated":true}]}}