{"id":995,"date":"2024-12-23T16:06:45","date_gmt":"2024-12-23T15:06:45","guid":{"rendered":"https:\/\/los-odpowiedzialni-spolecznie.pl\/?post_type=product&#038;p=995"},"modified":"2024-12-23T16:07:44","modified_gmt":"2024-12-23T15:07:44","slug":"kawa-rozpuszczalna-bezkofeinowa-fair-trade-bio-100-g-mount-hagen","status":"publish","type":"product","link":"https:\/\/los-odpowiedzialni-spolecznie.pl\/en\/sklep\/produkty-spozywcze\/kawy-2\/rozpuszczalne\/kawa-rozpuszczalna-bezkofeinowa-fair-trade-bio-100-g-mount-hagen\/","title":{"rendered":"Kawa Rozpuszczalna Bezkofeinowa Fair Trade Bio 100 g Mount Hagen"},"content":{"rendered":"<h3>Opis Produktu<\/h3>\n<p><strong>Kawa Rozpuszczalna Bezkofeinowa Fair Trade Bio 100 g Mount Hagen<\/strong><\/p>\n<p><strong>Masa netto:<\/strong> 100 g<\/p>\n<p><strong>Sk\u0142adniki:<\/strong> Kawa instant liofilizowana*<\/p>\n<p>* sk\u0142adniki pochodz\u0105ce z upraw ekologicznych<\/p>\n<p><strong>Jednostka certyfikuj\u0105ca:<\/strong> DE-OKO-024<\/p>\n<p><strong>Pochodzenie sk\u0142adnik\u00f3w:<\/strong> Rolnictwo spoza UE<\/p>\n<p>&nbsp;<\/p>\n<p><strong>Warunki przechowywania:<\/strong> Produkt\u00a0przechowywa\u0107 w suchym i ch\u0142odnym miejscu.<\/p>\n<p><strong>Spos\u00f3b przygotowania:<\/strong> 1-2 \u0142y\u017ceczki kawy zala\u0107 gor\u0105c\u0105 wod\u0105, wed\u0142ug uznania doda\u0107 mleko i cukier.<\/p>\n<p>&nbsp;<\/p>","protected":false},"excerpt":{"rendered":"<p>Opis Produktu Kawa Rozpuszczalna Bezkofeinowa Fair Trade Bio 100 g Mount Hagen Masa netto: 100 g Sk\u0142adniki: Kawa instant liofilizowana* * sk\u0142adniki pochodz\u0105ce z upraw ekologicznych Jednostka certyfikuj\u0105ca: DE-OKO-024 Pochodzenie sk\u0142adnik\u00f3w: Rolnictwo spoza UE &nbsp; Warunki przechowywania: Produkt\u00a0przechowywa\u0107 w suchym i ch\u0142odnym miejscu. Spos\u00f3b przygotowania: 1-2 \u0142y\u017ceczki kawy zala\u0107 gor\u0105c\u0105 wod\u0105, wed\u0142ug uznania doda\u0107 mleko [&hellip;]<\/p>","protected":false},"featured_media":1039,"template":"","meta":{"site-sidebar-layout":"default","site-content-layout":"","ast-site-content-layout":"default","site-content-style":"default","site-sidebar-style":"default","ast-global-header-display":"","ast-banner-title-visibility":"","ast-main-header-display":"","ast-hfb-above-header-display":"","ast-hfb-below-header-display":"","ast-hfb-mobile-header-display":"","site-post-title":"","ast-breadcrumbs-content":"","ast-featured-img":"","footer-sml-layout":"","theme-transparent-header-meta":"default","adv-header-id-meta":"","stick-header-meta":"","header-above-stick-meta":"","header-main-stick-meta":"","header-below-stick-meta":"","astra-migrate-meta-layouts":"set","ast-page-background-enabled":"default","ast-page-background-meta":{"desktop":{"background-color":"var(--ast-global-color-4)","background-image":"","background-repeat":"repeat","background-position":"center center","background-size":"auto","background-attachment":"scroll","background-type":"","background-media":"","overlay-type":"","overlay-color":"","overlay-opacity":"","overlay-gradient":""},"tablet":{"background-color":"","background-image":"","background-repeat":"repeat","background-position":"center center","background-size":"auto","background-attachment":"scroll","background-type":"","background-media":"","overlay-type":"","overlay-color":"","overlay-opacity":"","overlay-gradient":""},"mobile":{"background-color":"","background-image":"","background-repeat":"repeat","background-position":"center center","background-size":"auto","background-attachment":"scroll","background-type":"","background-media":"","overlay-type":"","overlay-color":"","overlay-opacity":"","overlay-gradient":""}},"ast-content-background-meta":{"desktop":{"background-color":"var(--ast-global-color-5)","background-image":"","background-repeat":"repeat","background-position":"center center","background-size":"auto","background-attachment":"scroll","background-type":"","background-media":"","overlay-type":"","overlay-color":"","overlay-opacity":"","overlay-gradient":""},"tablet":{"background-color":"var(--ast-global-color-5)","background-image":"","background-repeat":"repeat","background-position":"center center","background-size":"auto","background-attachment":"scroll","background-type":"","background-media":"","overlay-type":"","overlay-color":"","overlay-opacity":"","overlay-gradient":""},"mobile":{"background-color":"var(--ast-global-color-5)","background-image":"","background-repeat":"repeat","background-position":"center center","background-size":"auto","background-attachment":"scroll","background-type":"","background-media":"","overlay-type":"","overlay-color":"","overlay-opacity":"","overlay-gradient":""}}},"product_cat":[40,43,110],"product_tag":[34],"class_list":{"0":"post-995","1":"product","2":"type-product","3":"status-publish","4":"has-post-thumbnail","6":"product_cat-kawy-2","7":"product_cat-rozpuszczalne","8":"product_cat-bezkofeinowe","9":"product_tag-etykieta-eko","10":"desktop-align-center","11":"tablet-align-left","12":"mobile-align-left","14":"first","15":"instock","16":"purchasable","17":"product-type-simple"},"_links":{"self":[{"href":"https:\/\/los-odpowiedzialni-spolecznie.pl\/en\/wp-json\/wp\/v2\/product\/995","targetHints":{"allow":["GET"]}}],"collection":[{"href":"https:\/\/los-odpowiedzialni-spolecznie.pl\/en\/wp-json\/wp\/v2\/product"}],"about":[{"href":"https:\/\/los-odpowiedzialni-spolecznie.pl\/en\/wp-json\/wp\/v2\/types\/product"}],"wp:featuredmedia":[{"embeddable":true,"href":"https:\/\/los-odpowiedzialni-spolecznie.pl\/en\/wp-json\/wp\/v2\/media\/1039"}],"wp:attachment":[{"href":"https:\/\/los-odpowiedzialni-spolecznie.pl\/en\/wp-json\/wp\/v2\/media?parent=995"}],"wp:term":[{"taxonomy":"product_cat","embeddable":true,"href":"https:\/\/los-odpowiedzialni-spolecznie.pl\/en\/wp-json\/wp\/v2\/product_cat?post=995"},{"taxonomy":"product_tag","embeddable":true,"href":"https:\/\/los-odpowiedzialni-spolecznie.pl\/en\/wp-json\/wp\/v2\/product_tag?post=995"}],"curies":[{"name":"wp","href":"https:\/\/api.w.org\/{rel}","templated":true}]}}