{"id":983,"date":"2024-12-23T16:06:23","date_gmt":"2024-12-23T15:06:23","guid":{"rendered":"https:\/\/los-odpowiedzialni-spolecznie.pl\/?post_type=product&#038;p=983"},"modified":"2024-12-23T16:07:38","modified_gmt":"2024-12-23T15:07:38","slug":"amylon-galaretka-o-smaku-pomaranczowym-bezglutenowa-bio-40-g","status":"publish","type":"product","link":"https:\/\/los-odpowiedzialni-spolecznie.pl\/en\/sklep\/produkty-spozywcze\/przekaski\/slodkie\/amylon-galaretka-o-smaku-pomaranczowym-bezglutenowa-bio-40-g\/","title":{"rendered":"Amylon, galaretka o smaku pomara\u0144czowym bezglutenowa bio, 40 g"},"content":{"rendered":"<h3>Opis Produktu<\/h3>\n<p>Galaretka pomara\u0144czowa to deser lub przek\u0105ska. Mieszanka zostaje dobrze wymieszana i przelewana do foremek lub szklanek, po czym zostaje sch\u0142odzona w lod\u00f3wce do momentu st\u0119\u017cenia. Galaretka pomara\u0144czowa jest \u0142atwa do przygotowania i cz\u0119sto podawana na deser lub jako dodatek do ciast i lod\u00f3w.<\/p>\n<p><span style=\"font-family: face\"><strong>SK\u0141ADNIKI<\/strong><br \/>\ncukier*, substancja \u017celuj\u0105ca: agar*, sproszkowany burak czerwony*, kurkuma mielona*, regulator kwasowo\u015bci: kwas cytrynowy, aromat naturalny (*certyfikowany sk\u0142adnik ekologiczny)<\/span><\/p>\n<p><span style=\"font-family: face\"><strong>SPOS\u00d3B PRZYGOTOWANIA<\/strong><br \/>\nZawarto\u015b\u0107 torebki wsypa\u0107 do 250 ml zimnej wody i wymiesza\u0107.<br \/>\nGotowa\u0107 przez 1-2 minuty, ca\u0142y czas mieszaj\u0105c.<br \/>\nOdstawi\u0107 do lod\u00f3wki, aby galaretka st\u0119\u017ca\u0142a.<\/span><\/p>\n<p><span style=\"font-family: face\"><strong>WARTO\u015a\u0106 OD\u017bYWCZA W 100 g<\/strong><br \/>\nWarto\u015b\u0107 energetyczna: 1574 kJ \/ 370 kcal<br \/>\nT\u0142uszcz: 0 g<br \/>\nw tym kwasy t\u0142uszczowe nasycone: 0 g<br \/>\nW\u0119glowodany: 92,3 g<br \/>\nw tym cukry: 92,3 g<br \/>\nBia\u0142ko: 0,1 g<br \/>\nS\u00f3l: 0 g<\/span><\/p>\n<h3>Dodatkowe informacje<\/h3>\n<p><span style=\"font-family: face\"><strong>ZALECANE WARUNKI PRZECHOWYWANIA<br \/>\n<\/strong>Przechowywa\u0107 w suchym i ch\u0142odnym miejscu.<\/span><\/p>\n<p><strong>Produkt bezglutenowy<\/strong><\/p>","protected":false},"excerpt":{"rendered":"<p>Opis Produktu Galaretka pomara\u0144czowa to deser lub przek\u0105ska. Mieszanka zostaje dobrze wymieszana i przelewana do foremek lub szklanek, po czym zostaje sch\u0142odzona w lod\u00f3wce do momentu st\u0119\u017cenia. Galaretka pomara\u0144czowa jest \u0142atwa do przygotowania i cz\u0119sto podawana na deser lub jako dodatek do ciast i lod\u00f3w. SK\u0141ADNIKI cukier*, substancja \u017celuj\u0105ca: agar*, sproszkowany burak czerwony*, kurkuma mielona*, [&hellip;]<\/p>","protected":false},"featured_media":1036,"template":"","meta":{"site-sidebar-layout":"default","site-content-layout":"","ast-site-content-layout":"default","site-content-style":"default","site-sidebar-style":"default","ast-global-header-display":"","ast-banner-title-visibility":"","ast-main-header-display":"","ast-hfb-above-header-display":"","ast-hfb-below-header-display":"","ast-hfb-mobile-header-display":"","site-post-title":"","ast-breadcrumbs-content":"","ast-featured-img":"","footer-sml-layout":"","theme-transparent-header-meta":"default","adv-header-id-meta":"","stick-header-meta":"","header-above-stick-meta":"","header-main-stick-meta":"","header-below-stick-meta":"","astra-migrate-meta-layouts":"set","ast-page-background-enabled":"default","ast-page-background-meta":{"desktop":{"background-color":"var(--ast-global-color-4)","background-image":"","background-repeat":"repeat","background-position":"center center","background-size":"auto","background-attachment":"scroll","background-type":"","background-media":"","overlay-type":"","overlay-color":"","overlay-opacity":"","overlay-gradient":""},"tablet":{"background-color":"","background-image":"","background-repeat":"repeat","background-position":"center center","background-size":"auto","background-attachment":"scroll","background-type":"","background-media":"","overlay-type":"","overlay-color":"","overlay-opacity":"","overlay-gradient":""},"mobile":{"background-color":"","background-image":"","background-repeat":"repeat","background-position":"center center","background-size":"auto","background-attachment":"scroll","background-type":"","background-media":"","overlay-type":"","overlay-color":"","overlay-opacity":"","overlay-gradient":""}},"ast-content-background-meta":{"desktop":{"background-color":"var(--ast-global-color-5)","background-image":"","background-repeat":"repeat","background-position":"center center","background-size":"auto","background-attachment":"scroll","background-type":"","background-media":"","overlay-type":"","overlay-color":"","overlay-opacity":"","overlay-gradient":""},"tablet":{"background-color":"var(--ast-global-color-5)","background-image":"","background-repeat":"repeat","background-position":"center center","background-size":"auto","background-attachment":"scroll","background-type":"","background-media":"","overlay-type":"","overlay-color":"","overlay-opacity":"","overlay-gradient":""},"mobile":{"background-color":"var(--ast-global-color-5)","background-image":"","background-repeat":"repeat","background-position":"center center","background-size":"auto","background-attachment":"scroll","background-type":"","background-media":"","overlay-type":"","overlay-color":"","overlay-opacity":"","overlay-gradient":""}}},"product_cat":[25,37,24],"product_tag":[34],"class_list":{"0":"post-983","1":"product","2":"type-product","3":"status-publish","4":"has-post-thumbnail","6":"product_cat-slodkie","7":"product_cat-owocowe","8":"product_cat-przekaski","9":"product_tag-etykieta-eko","10":"desktop-align-center","11":"tablet-align-left","12":"mobile-align-left","14":"first","15":"instock","16":"purchasable","17":"product-type-simple"},"_links":{"self":[{"href":"https:\/\/los-odpowiedzialni-spolecznie.pl\/en\/wp-json\/wp\/v2\/product\/983","targetHints":{"allow":["GET"]}}],"collection":[{"href":"https:\/\/los-odpowiedzialni-spolecznie.pl\/en\/wp-json\/wp\/v2\/product"}],"about":[{"href":"https:\/\/los-odpowiedzialni-spolecznie.pl\/en\/wp-json\/wp\/v2\/types\/product"}],"wp:featuredmedia":[{"embeddable":true,"href":"https:\/\/los-odpowiedzialni-spolecznie.pl\/en\/wp-json\/wp\/v2\/media\/1036"}],"wp:attachment":[{"href":"https:\/\/los-odpowiedzialni-spolecznie.pl\/en\/wp-json\/wp\/v2\/media?parent=983"}],"wp:term":[{"taxonomy":"product_cat","embeddable":true,"href":"https:\/\/los-odpowiedzialni-spolecznie.pl\/en\/wp-json\/wp\/v2\/product_cat?post=983"},{"taxonomy":"product_tag","embeddable":true,"href":"https:\/\/los-odpowiedzialni-spolecznie.pl\/en\/wp-json\/wp\/v2\/product_tag?post=983"}],"curies":[{"name":"wp","href":"https:\/\/api.w.org\/{rel}","templated":true}]}}