{"id":972,"date":"2024-12-23T16:05:59","date_gmt":"2024-12-23T15:05:59","guid":{"rendered":"https:\/\/los-odpowiedzialni-spolecznie.pl\/?post_type=product&#038;p=972"},"modified":"2024-12-23T16:07:25","modified_gmt":"2024-12-23T15:07:25","slug":"kolekcja-herbatek-premium-eko-90-saszetek","status":"publish","type":"product","link":"https:\/\/los-odpowiedzialni-spolecznie.pl\/en\/sklep\/produkty-spozywcze\/herbaty\/ekspresowe\/kolekcja-herbatek-premium-eko-90-saszetek\/","title":{"rendered":"Kolekcja Herbatek &#8211; Premium EKO (90 saszetek)"},"content":{"rendered":"<h3>Opis Produktu<\/h3>\n<div id=\"box_description\" class=\"tab-wrap\">\n<div class=\"resetcss\">\n<p><strong>Kolekcja Herbatek &#8211; Premium EKO<\/strong><\/p>\n<p>Wyj\u0105tkowa kolekcja ekologicznych herbatek zio\u0142owych oraz herbat cejlo\u0144skich w estetycznym, idealnym na prezent opakowaniu. Kolekcja, to doskona\u0142e rozwi\u0105zanie dla os\u00f3b, kt\u00f3re lubi\u0105 delektowa\u0107 si\u0119 r\u00f3\u017cnymi kompozycjami zi\u00f3\u0142 oraz tradycyjnymi herbatami w zale\u017cno\u015bci od pory dnia i nastroju.<\/p>\n<\/div>\n<\/div>\n<div id=\"boxdetails\" class=\"tab-wrap\">\n<div class=\"tab-title\"><strong style=\"font-size: 16px\">Sk\u0142adniki:<\/strong><\/div>\n<div class=\"resetcss\">\n<p>W sk\u0142ad zestawu wchodz\u0105:<\/p>\n<p><strong> Herbatka na dzie\u0144 dobry<\/strong> (10\u00d71,5 g) Sk\u0142adniki: mi\u0119ta li\u015b\u0107*, pokrzywa li\u015b\u0107*, mniszek li\u015b\u0107*, yerba mate li\u015b\u0107*, przytulia ziele*, nagietek kwiat*, macierzanka ziele*<strong>Herbatka dobry humor<\/strong> (10\u00d72 g) Sk\u0142adniki: imbir*, melisa li\u015b\u0107*, pigwowiec owoc*, trawa cytrynowa*, werbena cytrynowa*, kocimi\u0119tka ziele*, r\u00f3\u017ca owoc*, r\u00f3\u017ca p\u0142atki*.<strong style=\"font-size: 16px\">Herbatka na dobranoc<\/strong><span style=\"font-size: 16px\"> (10\u00d72 g) Sk\u0142adniki: dzika r\u00f3\u017ca owoc*, g\u0142\u00f3g owoc*, melisa li\u015b\u0107*, chmiel szyszka*, koper w\u0142oski*, lawenda kwiat*. <strong>Herbata zielona<\/strong> (10\u00d71,5 g) Sk\u0142adniki: herbata zielona cejlo\u0144ska* 100%.<strong> Herbata zielona z mi\u0119t\u0105<\/strong> (10\u00d72 g) Sk\u0142adniki: herbata zielona cejlo\u0144ska* 90%, mi\u0119ta li\u015b\u0107* 10%.<strong> Herbata zielona z pokrzyw\u0105<\/strong> (10\u00d72 g) Sk\u0142adniki: herbata zielona cejlo\u0144ska* 80%, pokrzywa li\u015b\u0107* 20%. *produkt rolnictwa ekologicznego <strong>Herbata czarna Eko<\/strong> 10\u00d71,5g Sk\u0142adniki: herbata czarna cejlo\u0144ska* 100%.<strong> Herbata czarna odkwaszaj\u0105ca<\/strong> (10\u00d72 g) Sk\u0142adniki: herbata czarna cejlo\u0144ska* 90%, sok z pigwowca* 10%.<strong> Herbata czarna waniliowa<\/strong> (10\u00d72 g) Sk\u0142adniki: herbata czarna cejlo\u0144ska* 92%, pomara\u0144cza suszona*, wanilia laska* 3%. *produkt rolnictwa ekologicznego<\/span><\/p>\n<p><strong>Spos\u00f3b u\u017cycia:\u00a0<\/strong>jedn\u0105 saszetk\u0119 zala\u0107 szklank\u0105 wrz\u0105tku i pozostawi\u0107 pod przykryciem do zaparzenia na oko\u0142o 10-15 minut.<\/p>\n<h3>Dodatkowe informacje<\/h3>\n<p><strong>Masa netto:\u00a0<\/strong>165 g (90 saszetek)<\/p>\n<p><strong>Warunki przechowywania:\u00a0<\/strong>przechowywa\u0107 w suchym miejscu.<\/p>\n<\/div>\n<\/div>","protected":false},"excerpt":{"rendered":"<p>Opis Produktu Kolekcja Herbatek &#8211; Premium EKO Wyj\u0105tkowa kolekcja ekologicznych herbatek zio\u0142owych oraz herbat cejlo\u0144skich w estetycznym, idealnym na prezent opakowaniu. Kolekcja, to doskona\u0142e rozwi\u0105zanie dla os\u00f3b, kt\u00f3re lubi\u0105 delektowa\u0107 si\u0119 r\u00f3\u017cnymi kompozycjami zi\u00f3\u0142 oraz tradycyjnymi herbatami w zale\u017cno\u015bci od pory dnia i nastroju. Sk\u0142adniki: W sk\u0142ad zestawu wchodz\u0105: Herbatka na dzie\u0144 dobry (10\u00d71,5 g) [&hellip;]<\/p>","protected":false},"featured_media":1024,"template":"","meta":{"site-sidebar-layout":"default","site-content-layout":"","ast-site-content-layout":"default","site-content-style":"default","site-sidebar-style":"default","ast-global-header-display":"","ast-banner-title-visibility":"","ast-main-header-display":"","ast-hfb-above-header-display":"","ast-hfb-below-header-display":"","ast-hfb-mobile-header-display":"","site-post-title":"","ast-breadcrumbs-content":"","ast-featured-img":"","footer-sml-layout":"","theme-transparent-header-meta":"default","adv-header-id-meta":"","stick-header-meta":"","header-above-stick-meta":"","header-main-stick-meta":"","header-below-stick-meta":"","astra-migrate-meta-layouts":"set","ast-page-background-enabled":"default","ast-page-background-meta":{"desktop":{"background-color":"var(--ast-global-color-4)","background-image":"","background-repeat":"repeat","background-position":"center center","background-size":"auto","background-attachment":"scroll","background-type":"","background-media":"","overlay-type":"","overlay-color":"","overlay-opacity":"","overlay-gradient":""},"tablet":{"background-color":"","background-image":"","background-repeat":"repeat","background-position":"center center","background-size":"auto","background-attachment":"scroll","background-type":"","background-media":"","overlay-type":"","overlay-color":"","overlay-opacity":"","overlay-gradient":""},"mobile":{"background-color":"","background-image":"","background-repeat":"repeat","background-position":"center center","background-size":"auto","background-attachment":"scroll","background-type":"","background-media":"","overlay-type":"","overlay-color":"","overlay-opacity":"","overlay-gradient":""}},"ast-content-background-meta":{"desktop":{"background-color":"var(--ast-global-color-5)","background-image":"","background-repeat":"repeat","background-position":"center center","background-size":"auto","background-attachment":"scroll","background-type":"","background-media":"","overlay-type":"","overlay-color":"","overlay-opacity":"","overlay-gradient":""},"tablet":{"background-color":"var(--ast-global-color-5)","background-image":"","background-repeat":"repeat","background-position":"center center","background-size":"auto","background-attachment":"scroll","background-type":"","background-media":"","overlay-type":"","overlay-color":"","overlay-opacity":"","overlay-gradient":""},"mobile":{"background-color":"var(--ast-global-color-5)","background-image":"","background-repeat":"repeat","background-position":"center center","background-size":"auto","background-attachment":"scroll","background-type":"","background-media":"","overlay-type":"","overlay-color":"","overlay-opacity":"","overlay-gradient":""}}},"product_cat":[45,44,46,47,54,55,58],"product_tag":[34],"class_list":{"0":"post-972","1":"product","2":"type-product","3":"status-publish","4":"has-post-thumbnail","6":"product_cat-ekspresowe","7":"product_cat-herbaty","8":"product_cat-ziolowe","9":"product_cat-owocowe-herbaty","10":"product_cat-czarne","11":"product_cat-zielone","12":"product_cat-zestawy-herbat","13":"product_tag-etykieta-eko","14":"desktop-align-center","15":"tablet-align-left","16":"mobile-align-left","18":"first","19":"instock","20":"purchasable","21":"product-type-simple"},"_links":{"self":[{"href":"https:\/\/los-odpowiedzialni-spolecznie.pl\/en\/wp-json\/wp\/v2\/product\/972","targetHints":{"allow":["GET"]}}],"collection":[{"href":"https:\/\/los-odpowiedzialni-spolecznie.pl\/en\/wp-json\/wp\/v2\/product"}],"about":[{"href":"https:\/\/los-odpowiedzialni-spolecznie.pl\/en\/wp-json\/wp\/v2\/types\/product"}],"wp:featuredmedia":[{"embeddable":true,"href":"https:\/\/los-odpowiedzialni-spolecznie.pl\/en\/wp-json\/wp\/v2\/media\/1024"}],"wp:attachment":[{"href":"https:\/\/los-odpowiedzialni-spolecznie.pl\/en\/wp-json\/wp\/v2\/media?parent=972"}],"wp:term":[{"taxonomy":"product_cat","embeddable":true,"href":"https:\/\/los-odpowiedzialni-spolecznie.pl\/en\/wp-json\/wp\/v2\/product_cat?post=972"},{"taxonomy":"product_tag","embeddable":true,"href":"https:\/\/los-odpowiedzialni-spolecznie.pl\/en\/wp-json\/wp\/v2\/product_tag?post=972"}],"curies":[{"name":"wp","href":"https:\/\/api.w.org\/{rel}","templated":true}]}}