{"id":970,"date":"2024-12-23T16:05:58","date_gmt":"2024-12-23T15:05:58","guid":{"rendered":"https:\/\/los-odpowiedzialni-spolecznie.pl\/?post_type=product&#038;p=970"},"modified":"2024-12-23T16:07:19","modified_gmt":"2024-12-23T15:07:19","slug":"cukier-chabrowy-eko-120g","status":"publish","type":"product","link":"https:\/\/los-odpowiedzialni-spolecznie.pl\/en\/sklep\/produkty-spozywcze\/produkty-slodzace\/cukry\/cukier-chabrowy-eko-120g\/","title":{"rendered":"Cukier Chabrowy EKO 120g"},"content":{"rendered":"<h3>Opis Produktu<\/h3>\n<div id=\"box_description\" class=\"tab-wrap\">\n<div class=\"resetcss\">\n<div>Cukier chabrowy to po\u0142\u0105czenie ekologicznego cukru trzcinowego z p\u0142atkami chabr\u00f3w pochodz\u0105cych z ekologicznych plantacji. Cechuje si\u0119 pi\u0119knym i niepowtarzalnym wygl\u0105dem i zio\u0142owym aromatem, kt\u00f3ry nada potrawom wyj\u0105tkowego charakteru. Polecany jest jako dodatek do wypiek\u00f3w, deser\u00f3w oraz napoj\u00f3w.<\/div>\n<div><\/div>\n<div><strong>Sk\u0142ad:<\/strong><\/div>\n<div>Cukier trzcinowy* 90%, Chaber p\u0142atki 10%.<\/div>\n<div><\/div>\n<div><strong>Opakowanie<\/strong>:<\/div>\n<div>150g<\/div>\n<\/div>\n<\/div>\n<div id=\"boxdetails\" class=\"tab-wrap\">\n<h3 class=\"tab-title\">Dodatkowe informacje<\/h3>\n<div class=\"resetcss\">\n<div>\u00a0Cukier chabrowy to po\u0142\u0105czenie ekologicznego cukru trzcinowego z p\u0142atkami chabr\u00f3w pochodz\u0105cych z ekologicznych plantacji.<\/div>\n<div>Przechowywa\u0107 w zamkni\u0119tym s\u0142oiczku<\/div>\n<\/div>\n<\/div>","protected":false},"excerpt":{"rendered":"<p>Opis Produktu Cukier chabrowy to po\u0142\u0105czenie ekologicznego cukru trzcinowego z p\u0142atkami chabr\u00f3w pochodz\u0105cych z ekologicznych plantacji. Cechuje si\u0119 pi\u0119knym i niepowtarzalnym wygl\u0105dem i zio\u0142owym aromatem, kt\u00f3ry nada potrawom wyj\u0105tkowego charakteru. Polecany jest jako dodatek do wypiek\u00f3w, deser\u00f3w oraz napoj\u00f3w. Sk\u0142ad: Cukier trzcinowy* 90%, Chaber p\u0142atki 10%. Opakowanie: 150g Dodatkowe informacje \u00a0Cukier chabrowy to po\u0142\u0105czenie ekologicznego [&hellip;]<\/p>","protected":false},"featured_media":1022,"template":"","meta":{"site-sidebar-layout":"default","site-content-layout":"","ast-site-content-layout":"default","site-content-style":"default","site-sidebar-style":"default","ast-global-header-display":"","ast-banner-title-visibility":"","ast-main-header-display":"","ast-hfb-above-header-display":"","ast-hfb-below-header-display":"","ast-hfb-mobile-header-display":"","site-post-title":"","ast-breadcrumbs-content":"","ast-featured-img":"","footer-sml-layout":"","theme-transparent-header-meta":"default","adv-header-id-meta":"","stick-header-meta":"","header-above-stick-meta":"","header-main-stick-meta":"","header-below-stick-meta":"","astra-migrate-meta-layouts":"set","ast-page-background-enabled":"default","ast-page-background-meta":{"desktop":{"background-color":"var(--ast-global-color-4)","background-image":"","background-repeat":"repeat","background-position":"center center","background-size":"auto","background-attachment":"scroll","background-type":"","background-media":"","overlay-type":"","overlay-color":"","overlay-opacity":"","overlay-gradient":""},"tablet":{"background-color":"","background-image":"","background-repeat":"repeat","background-position":"center center","background-size":"auto","background-attachment":"scroll","background-type":"","background-media":"","overlay-type":"","overlay-color":"","overlay-opacity":"","overlay-gradient":""},"mobile":{"background-color":"","background-image":"","background-repeat":"repeat","background-position":"center center","background-size":"auto","background-attachment":"scroll","background-type":"","background-media":"","overlay-type":"","overlay-color":"","overlay-opacity":"","overlay-gradient":""}},"ast-content-background-meta":{"desktop":{"background-color":"var(--ast-global-color-5)","background-image":"","background-repeat":"repeat","background-position":"center center","background-size":"auto","background-attachment":"scroll","background-type":"","background-media":"","overlay-type":"","overlay-color":"","overlay-opacity":"","overlay-gradient":""},"tablet":{"background-color":"var(--ast-global-color-5)","background-image":"","background-repeat":"repeat","background-position":"center center","background-size":"auto","background-attachment":"scroll","background-type":"","background-media":"","overlay-type":"","overlay-color":"","overlay-opacity":"","overlay-gradient":""},"mobile":{"background-color":"var(--ast-global-color-5)","background-image":"","background-repeat":"repeat","background-position":"center center","background-size":"auto","background-attachment":"scroll","background-type":"","background-media":"","overlay-type":"","overlay-color":"","overlay-opacity":"","overlay-gradient":""}}},"product_cat":[90,89],"product_tag":[34],"class_list":{"0":"post-970","1":"product","2":"type-product","3":"status-publish","4":"has-post-thumbnail","6":"product_cat-cukry","7":"product_cat-produkty-slodzace","8":"product_tag-etykieta-eko","9":"desktop-align-center","10":"tablet-align-left","11":"mobile-align-left","13":"first","14":"instock","15":"purchasable","16":"product-type-simple"},"_links":{"self":[{"href":"https:\/\/los-odpowiedzialni-spolecznie.pl\/en\/wp-json\/wp\/v2\/product\/970","targetHints":{"allow":["GET"]}}],"collection":[{"href":"https:\/\/los-odpowiedzialni-spolecznie.pl\/en\/wp-json\/wp\/v2\/product"}],"about":[{"href":"https:\/\/los-odpowiedzialni-spolecznie.pl\/en\/wp-json\/wp\/v2\/types\/product"}],"wp:featuredmedia":[{"embeddable":true,"href":"https:\/\/los-odpowiedzialni-spolecznie.pl\/en\/wp-json\/wp\/v2\/media\/1022"}],"wp:attachment":[{"href":"https:\/\/los-odpowiedzialni-spolecznie.pl\/en\/wp-json\/wp\/v2\/media?parent=970"}],"wp:term":[{"taxonomy":"product_cat","embeddable":true,"href":"https:\/\/los-odpowiedzialni-spolecznie.pl\/en\/wp-json\/wp\/v2\/product_cat?post=970"},{"taxonomy":"product_tag","embeddable":true,"href":"https:\/\/los-odpowiedzialni-spolecznie.pl\/en\/wp-json\/wp\/v2\/product_tag?post=970"}],"curies":[{"name":"wp","href":"https:\/\/api.w.org\/{rel}","templated":true}]}}