{"id":961,"date":"2024-12-23T16:05:34","date_gmt":"2024-12-23T15:05:34","guid":{"rendered":"https:\/\/los-odpowiedzialni-spolecznie.pl\/?post_type=product&#038;p=961"},"modified":"2024-12-23T16:07:06","modified_gmt":"2024-12-23T15:07:06","slug":"budyn-czekoladowy-40g-bio-amylon","status":"publish","type":"product","link":"https:\/\/los-odpowiedzialni-spolecznie.pl\/en\/sklep\/produkty-spozywcze\/przekaski\/slodkie\/budyn-czekoladowy-40g-bio-amylon\/","title":{"rendered":"BUDY\u0143 CZEKOLADOWY 40G BIO AMYLON"},"content":{"rendered":"<h3>Opis Produktu<\/h3>\n<p>Budy\u0144 mo\u017cna przygotowa\u0107 tak\u017ce przy u\u017cyciu r\u00f3\u017cnych typ\u00f3w MLEKA (np. owczego, koziego) oraz napoj\u00f3w (np. sojowego, ry\u017cowego).<\/p>\n<p><strong>SPOS\u00d3B PRZYGOTOWANIA<\/strong><\/p>\n<p>1. Z \u00bd litra zimnego MLEKA odla\u0107 350 ml.<\/p>\n<p>2. Doda\u0107 2 \u0142y\u017cki cukru (ok. 40 g) i pozostawi\u0107 do zagotowania.<\/p>\n<p>3. Do pozosta\u0142ego MLEKA (150 ml) wsypa\u0107 zawarto\u015b\u0107 torebki i dobrze wymiesza\u0107.<\/p>\n<p>4. Do gotuj\u0105cego si\u0119 MLEKA wla\u0107 rozrobiony z mlekiem budy\u0144, ci\u0105gle mieszaj\u0105c jeszcze przez chwil\u0119 do zg\u0119stnienia.<\/p>\n<p>Gotowy budy\u0144 jest przeznaczony do szybkiego spo\u017cycia.<\/p>\n<p><strong>SK\u0141ADNIKI<\/strong><\/p>\n<p>skrobia kukurydziana*, kakao w proszku o obni\u017conej zawarto\u015bci t\u0142uszczu* 20 %. (*certyfikowany sk\u0142adnik ekologiczny)<\/p>\n<p><strong>WARTO\u015a\u0106 OD\u017bYWCZA W 100 g<\/strong> produktu sypkiego<\/p>\n<p>Waro\u015b\u0107 energetyczna: 1405 kJ\/331 kcal<\/p>\n<p>T\u0142uszcz: 2,3 g<\/p>\n<p>w tym kwasy t\u0142uszczowe nasycone: 1,4 g<\/p>\n<p>W\u0119glowodany: 73 g<\/p>\n<p>w tym cukry: &lt; 0,5 g<\/p>\n<p>Bia\u0142ko: 4,8 g<\/p>\n<p>S\u00f3l: 0,03 g<\/p>\n<h3>Informacje dodatkowe<\/h3>\n<p><strong>ZALECANE WARUNKI PRZECHOWYWANIA<\/strong><\/p>\n<p>Przechowywa\u0107 w suchym miejscu. Chroni\u0107 przed \u015bwiat\u0142em.<\/p>","protected":false},"excerpt":{"rendered":"<p>Opis Produktu Budy\u0144 mo\u017cna przygotowa\u0107 tak\u017ce przy u\u017cyciu r\u00f3\u017cnych typ\u00f3w MLEKA (np. owczego, koziego) oraz napoj\u00f3w (np. sojowego, ry\u017cowego). SPOS\u00d3B PRZYGOTOWANIA 1. Z \u00bd litra zimnego MLEKA odla\u0107 350 ml. 2. Doda\u0107 2 \u0142y\u017cki cukru (ok. 40 g) i pozostawi\u0107 do zagotowania. 3. Do pozosta\u0142ego MLEKA (150 ml) wsypa\u0107 zawarto\u015b\u0107 torebki i dobrze wymiesza\u0107. 4. [&hellip;]<\/p>","protected":false},"featured_media":1010,"template":"","meta":{"site-sidebar-layout":"default","site-content-layout":"","ast-site-content-layout":"default","site-content-style":"default","site-sidebar-style":"default","ast-global-header-display":"","ast-banner-title-visibility":"","ast-main-header-display":"","ast-hfb-above-header-display":"","ast-hfb-below-header-display":"","ast-hfb-mobile-header-display":"","site-post-title":"","ast-breadcrumbs-content":"","ast-featured-img":"","footer-sml-layout":"","theme-transparent-header-meta":"default","adv-header-id-meta":"","stick-header-meta":"","header-above-stick-meta":"","header-main-stick-meta":"","header-below-stick-meta":"","astra-migrate-meta-layouts":"set","ast-page-background-enabled":"default","ast-page-background-meta":{"desktop":{"background-color":"var(--ast-global-color-4)","background-image":"","background-repeat":"repeat","background-position":"center center","background-size":"auto","background-attachment":"scroll","background-type":"","background-media":"","overlay-type":"","overlay-color":"","overlay-opacity":"","overlay-gradient":""},"tablet":{"background-color":"","background-image":"","background-repeat":"repeat","background-position":"center center","background-size":"auto","background-attachment":"scroll","background-type":"","background-media":"","overlay-type":"","overlay-color":"","overlay-opacity":"","overlay-gradient":""},"mobile":{"background-color":"","background-image":"","background-repeat":"repeat","background-position":"center center","background-size":"auto","background-attachment":"scroll","background-type":"","background-media":"","overlay-type":"","overlay-color":"","overlay-opacity":"","overlay-gradient":""}},"ast-content-background-meta":{"desktop":{"background-color":"var(--ast-global-color-5)","background-image":"","background-repeat":"repeat","background-position":"center center","background-size":"auto","background-attachment":"scroll","background-type":"","background-media":"","overlay-type":"","overlay-color":"","overlay-opacity":"","overlay-gradient":""},"tablet":{"background-color":"var(--ast-global-color-5)","background-image":"","background-repeat":"repeat","background-position":"center center","background-size":"auto","background-attachment":"scroll","background-type":"","background-media":"","overlay-type":"","overlay-color":"","overlay-opacity":"","overlay-gradient":""},"mobile":{"background-color":"var(--ast-global-color-5)","background-image":"","background-repeat":"repeat","background-position":"center center","background-size":"auto","background-attachment":"scroll","background-type":"","background-media":"","overlay-type":"","overlay-color":"","overlay-opacity":"","overlay-gradient":""}}},"product_cat":[25,24],"product_tag":[34],"class_list":{"0":"post-961","1":"product","2":"type-product","3":"status-publish","4":"has-post-thumbnail","6":"product_cat-slodkie","7":"product_cat-przekaski","8":"product_tag-etykieta-eko","9":"desktop-align-center","10":"tablet-align-left","11":"mobile-align-left","13":"first","14":"instock","15":"purchasable","16":"product-type-simple"},"_links":{"self":[{"href":"https:\/\/los-odpowiedzialni-spolecznie.pl\/en\/wp-json\/wp\/v2\/product\/961","targetHints":{"allow":["GET"]}}],"collection":[{"href":"https:\/\/los-odpowiedzialni-spolecznie.pl\/en\/wp-json\/wp\/v2\/product"}],"about":[{"href":"https:\/\/los-odpowiedzialni-spolecznie.pl\/en\/wp-json\/wp\/v2\/types\/product"}],"wp:featuredmedia":[{"embeddable":true,"href":"https:\/\/los-odpowiedzialni-spolecznie.pl\/en\/wp-json\/wp\/v2\/media\/1010"}],"wp:attachment":[{"href":"https:\/\/los-odpowiedzialni-spolecznie.pl\/en\/wp-json\/wp\/v2\/media?parent=961"}],"wp:term":[{"taxonomy":"product_cat","embeddable":true,"href":"https:\/\/los-odpowiedzialni-spolecznie.pl\/en\/wp-json\/wp\/v2\/product_cat?post=961"},{"taxonomy":"product_tag","embeddable":true,"href":"https:\/\/los-odpowiedzialni-spolecznie.pl\/en\/wp-json\/wp\/v2\/product_tag?post=961"}],"curies":[{"name":"wp","href":"https:\/\/api.w.org\/{rel}","templated":true}]}}