{"id":934,"date":"2024-12-23T16:04:12","date_gmt":"2024-12-23T15:04:12","guid":{"rendered":"https:\/\/los-odpowiedzialni-spolecznie.pl\/?post_type=product&#038;p=934"},"modified":"2024-12-23T16:06:27","modified_gmt":"2024-12-23T15:06:27","slug":"herbatka-na-patyku-mieta-eko-1-szt","status":"publish","type":"product","link":"https:\/\/los-odpowiedzialni-spolecznie.pl\/en\/sklep\/produkty-spozywcze\/herbaty\/ziolowe\/herbatka-na-patyku-mieta-eko-1-szt\/","title":{"rendered":"HERBATKA NA PATYKU \u2013 MI\u0118TA EKO (1 SZT.)"},"content":{"rendered":"<h3>Opis Produktu<\/h3>\n<p><strong>HERBATKA NA PATYKU \u2013 MI\u0118TA EKO (1 SZT.)<\/strong><\/p>\n<div id=\"box_description\" class=\"tab-wrap\">\n<div class=\"resetcss\">\n<p>Mi\u0119ta wspiera prawid\u0142owe trawienie, pomaga si\u0119 zrelaksowa\u0107 i wspomaga uk\u0142ad odporno\u015bciowy. Polecana jest do codziennego spo\u017cywania nie tylko do posi\u0142ku, ale r\u00f3wnie\u017c jako orze\u017awiaj\u0105cy nap\u00f3j, kt\u00f3ry doskonale gasi pragnienie.<\/p>\n<p>Ka\u017cda herbatka na patyku wykonana zosta\u0142a r\u0119cznie z ekologicznych sk\u0142adnik\u00f3w pozyskanych ze stanu naturalnego lub ogrodu botanicznego. Ro\u015bliny zebrano wed\u0142ug kalendarza biodynamicznego.<\/p>\n<\/div>\n<\/div>\n<div id=\"boxdetails\" class=\"tab-wrap\">\n<h3 class=\"tab-title\">Dodatkowe informacje<\/h3>\n<div class=\"resetcss\">\n<p><strong>Sk\u0142adniki:\u00a0<\/strong>mi\u0119ta li\u015b\u0107*. *produkt rolnictwa ekologicznego<\/p>\n<p><strong>Spos\u00f3b u\u017cycia:\u00a0<\/strong>jedn\u0105 wi\u0105zk\u0119 herbatki zala\u0107 wrz\u0105tkiem (0,3 \u2013 0,5 l) i pozostawi\u0107 do zaparzenia na oko\u0142o 10-15 minut.<\/p>\n<p><strong>Masa netto:\u00a0<\/strong>1 szt.<\/p>\n<p><strong>Warunki przechowywania:\u00a0<\/strong>przechowywa\u0107 w szczelnie zamkni\u0119tym, w suchym i zacienionym miejscu.<\/p>\n<p><strong>Kod EAN:\u00a0<\/strong>5904538032340<\/p>\n<\/div>\n<\/div>","protected":false},"excerpt":{"rendered":"<p>Opis Produktu HERBATKA NA PATYKU \u2013 MI\u0118TA EKO (1 SZT.) Mi\u0119ta wspiera prawid\u0142owe trawienie, pomaga si\u0119 zrelaksowa\u0107 i wspomaga uk\u0142ad odporno\u015bciowy. Polecana jest do codziennego spo\u017cywania nie tylko do posi\u0142ku, ale r\u00f3wnie\u017c jako orze\u017awiaj\u0105cy nap\u00f3j, kt\u00f3ry doskonale gasi pragnienie. Ka\u017cda herbatka na patyku wykonana zosta\u0142a r\u0119cznie z ekologicznych sk\u0142adnik\u00f3w pozyskanych ze stanu naturalnego lub ogrodu [&hellip;]<\/p>","protected":false},"featured_media":986,"template":"","meta":{"site-sidebar-layout":"default","site-content-layout":"","ast-site-content-layout":"default","site-content-style":"default","site-sidebar-style":"default","ast-global-header-display":"","ast-banner-title-visibility":"","ast-main-header-display":"","ast-hfb-above-header-display":"","ast-hfb-below-header-display":"","ast-hfb-mobile-header-display":"","site-post-title":"","ast-breadcrumbs-content":"","ast-featured-img":"","footer-sml-layout":"","theme-transparent-header-meta":"default","adv-header-id-meta":"","stick-header-meta":"","header-above-stick-meta":"","header-main-stick-meta":"","header-below-stick-meta":"","astra-migrate-meta-layouts":"set","ast-page-background-enabled":"default","ast-page-background-meta":{"desktop":{"background-color":"var(--ast-global-color-4)","background-image":"","background-repeat":"repeat","background-position":"center center","background-size":"auto","background-attachment":"scroll","background-type":"","background-media":"","overlay-type":"","overlay-color":"","overlay-opacity":"","overlay-gradient":""},"tablet":{"background-color":"","background-image":"","background-repeat":"repeat","background-position":"center center","background-size":"auto","background-attachment":"scroll","background-type":"","background-media":"","overlay-type":"","overlay-color":"","overlay-opacity":"","overlay-gradient":""},"mobile":{"background-color":"","background-image":"","background-repeat":"repeat","background-position":"center center","background-size":"auto","background-attachment":"scroll","background-type":"","background-media":"","overlay-type":"","overlay-color":"","overlay-opacity":"","overlay-gradient":""}},"ast-content-background-meta":{"desktop":{"background-color":"var(--ast-global-color-5)","background-image":"","background-repeat":"repeat","background-position":"center center","background-size":"auto","background-attachment":"scroll","background-type":"","background-media":"","overlay-type":"","overlay-color":"","overlay-opacity":"","overlay-gradient":""},"tablet":{"background-color":"var(--ast-global-color-5)","background-image":"","background-repeat":"repeat","background-position":"center center","background-size":"auto","background-attachment":"scroll","background-type":"","background-media":"","overlay-type":"","overlay-color":"","overlay-opacity":"","overlay-gradient":""},"mobile":{"background-color":"var(--ast-global-color-5)","background-image":"","background-repeat":"repeat","background-position":"center center","background-size":"auto","background-attachment":"scroll","background-type":"","background-media":"","overlay-type":"","overlay-color":"","overlay-opacity":"","overlay-gradient":""}}},"product_cat":[44,46,57],"product_tag":[34],"class_list":{"0":"post-934","1":"product","2":"type-product","3":"status-publish","4":"has-post-thumbnail","6":"product_cat-herbaty","7":"product_cat-ziolowe","8":"product_cat-na-patyku","9":"product_tag-etykieta-eko","10":"desktop-align-center","11":"tablet-align-left","12":"mobile-align-left","14":"first","15":"instock","16":"purchasable","17":"product-type-simple"},"_links":{"self":[{"href":"https:\/\/los-odpowiedzialni-spolecznie.pl\/en\/wp-json\/wp\/v2\/product\/934","targetHints":{"allow":["GET"]}}],"collection":[{"href":"https:\/\/los-odpowiedzialni-spolecznie.pl\/en\/wp-json\/wp\/v2\/product"}],"about":[{"href":"https:\/\/los-odpowiedzialni-spolecznie.pl\/en\/wp-json\/wp\/v2\/types\/product"}],"wp:featuredmedia":[{"embeddable":true,"href":"https:\/\/los-odpowiedzialni-spolecznie.pl\/en\/wp-json\/wp\/v2\/media\/986"}],"wp:attachment":[{"href":"https:\/\/los-odpowiedzialni-spolecznie.pl\/en\/wp-json\/wp\/v2\/media?parent=934"}],"wp:term":[{"taxonomy":"product_cat","embeddable":true,"href":"https:\/\/los-odpowiedzialni-spolecznie.pl\/en\/wp-json\/wp\/v2\/product_cat?post=934"},{"taxonomy":"product_tag","embeddable":true,"href":"https:\/\/los-odpowiedzialni-spolecznie.pl\/en\/wp-json\/wp\/v2\/product_tag?post=934"}],"curies":[{"name":"wp","href":"https:\/\/api.w.org\/{rel}","templated":true}]}}