{"id":926,"date":"2024-12-23T16:03:48","date_gmt":"2024-12-23T15:03:48","guid":{"rendered":"https:\/\/los-odpowiedzialni-spolecznie.pl\/?post_type=product&#038;p=926"},"modified":"2024-12-23T16:06:22","modified_gmt":"2024-12-23T15:06:22","slug":"bio-sok-jablko-250ml","status":"publish","type":"product","link":"https:\/\/los-odpowiedzialni-spolecznie.pl\/en\/sklep\/produkty-spozywcze\/soki-2\/smakowe\/bio-sok-jablko-250ml\/","title":{"rendered":"BIO SOK JAB\u0141KO 250ml"},"content":{"rendered":"<h3>Opis Produktu<\/h3>\n<p id=\"-product-title-34-47\" class=\"oxy-product-title product_title entry-title oxy-woo-element\"><strong>BIO SOK JAB\u0141KO 250ml<\/strong><\/p>\n<p>Ekologiczny sok pasteryzowany, bez dodatku cukru i wody.<\/p>\n<p>Bogaty w witaminy A,C, E, B1, B2,PP, sole mineralne: magnez,<\/p>\n<p>fosfor, wapno i potas oraz pektyny i b\u0142onnik, kt\u00f3ry zapewnia prawid\u0142owe<\/p>\n<p>dzia\u0142anie uk\u0142adu pokarmowego i redukuje uczucie \u0142aknienia.<\/p>\n<p><strong>Sk\u0142adniki<\/strong><\/p>\n<p>Sok z jab\u0142ek BIO 100%<\/p>\n<p><strong>Pojemno\u015b\u0107\u00a0<\/strong><\/p>\n<p>250ml<\/p>","protected":false},"excerpt":{"rendered":"<p>Opis Produktu BIO SOK JAB\u0141KO 250ml Ekologiczny sok pasteryzowany, bez dodatku cukru i wody. Bogaty w witaminy A,C, E, B1, B2,PP, sole mineralne: magnez, fosfor, wapno i potas oraz pektyny i b\u0142onnik, kt\u00f3ry zapewnia prawid\u0142owe dzia\u0142anie uk\u0142adu pokarmowego i redukuje uczucie \u0142aknienia. Sk\u0142adniki Sok z jab\u0142ek BIO 100% Pojemno\u015b\u0107\u00a0 250ml<\/p>","protected":false},"featured_media":978,"template":"","meta":{"site-sidebar-layout":"default","site-content-layout":"","ast-site-content-layout":"default","site-content-style":"default","site-sidebar-style":"default","ast-global-header-display":"","ast-banner-title-visibility":"","ast-main-header-display":"","ast-hfb-above-header-display":"","ast-hfb-below-header-display":"","ast-hfb-mobile-header-display":"","site-post-title":"","ast-breadcrumbs-content":"","ast-featured-img":"","footer-sml-layout":"","theme-transparent-header-meta":"default","adv-header-id-meta":"","stick-header-meta":"","header-above-stick-meta":"","header-main-stick-meta":"","header-below-stick-meta":"","astra-migrate-meta-layouts":"set","ast-page-background-enabled":"default","ast-page-background-meta":{"desktop":{"background-color":"var(--ast-global-color-4)","background-image":"","background-repeat":"repeat","background-position":"center center","background-size":"auto","background-attachment":"scroll","background-type":"","background-media":"","overlay-type":"","overlay-color":"","overlay-opacity":"","overlay-gradient":""},"tablet":{"background-color":"","background-image":"","background-repeat":"repeat","background-position":"center center","background-size":"auto","background-attachment":"scroll","background-type":"","background-media":"","overlay-type":"","overlay-color":"","overlay-opacity":"","overlay-gradient":""},"mobile":{"background-color":"","background-image":"","background-repeat":"repeat","background-position":"center center","background-size":"auto","background-attachment":"scroll","background-type":"","background-media":"","overlay-type":"","overlay-color":"","overlay-opacity":"","overlay-gradient":""}},"ast-content-background-meta":{"desktop":{"background-color":"var(--ast-global-color-5)","background-image":"","background-repeat":"repeat","background-position":"center center","background-size":"auto","background-attachment":"scroll","background-type":"","background-media":"","overlay-type":"","overlay-color":"","overlay-opacity":"","overlay-gradient":""},"tablet":{"background-color":"var(--ast-global-color-5)","background-image":"","background-repeat":"repeat","background-position":"center center","background-size":"auto","background-attachment":"scroll","background-type":"","background-media":"","overlay-type":"","overlay-color":"","overlay-opacity":"","overlay-gradient":""},"mobile":{"background-color":"var(--ast-global-color-5)","background-image":"","background-repeat":"repeat","background-position":"center center","background-size":"auto","background-attachment":"scroll","background-type":"","background-media":"","overlay-type":"","overlay-color":"","overlay-opacity":"","overlay-gradient":""}}},"product_cat":[69,62],"product_tag":[34],"class_list":{"0":"post-926","1":"product","2":"type-product","3":"status-publish","4":"has-post-thumbnail","6":"product_cat-smakowe","7":"product_cat-soki-2","8":"product_tag-etykieta-eko","9":"desktop-align-center","10":"tablet-align-left","11":"mobile-align-left","13":"first","14":"instock","15":"taxable","16":"shipping-taxable","17":"purchasable","18":"product-type-simple"},"_links":{"self":[{"href":"https:\/\/los-odpowiedzialni-spolecznie.pl\/en\/wp-json\/wp\/v2\/product\/926","targetHints":{"allow":["GET"]}}],"collection":[{"href":"https:\/\/los-odpowiedzialni-spolecznie.pl\/en\/wp-json\/wp\/v2\/product"}],"about":[{"href":"https:\/\/los-odpowiedzialni-spolecznie.pl\/en\/wp-json\/wp\/v2\/types\/product"}],"wp:featuredmedia":[{"embeddable":true,"href":"https:\/\/los-odpowiedzialni-spolecznie.pl\/en\/wp-json\/wp\/v2\/media\/978"}],"wp:attachment":[{"href":"https:\/\/los-odpowiedzialni-spolecznie.pl\/en\/wp-json\/wp\/v2\/media?parent=926"}],"wp:term":[{"taxonomy":"product_cat","embeddable":true,"href":"https:\/\/los-odpowiedzialni-spolecznie.pl\/en\/wp-json\/wp\/v2\/product_cat?post=926"},{"taxonomy":"product_tag","embeddable":true,"href":"https:\/\/los-odpowiedzialni-spolecznie.pl\/en\/wp-json\/wp\/v2\/product_tag?post=926"}],"curies":[{"name":"wp","href":"https:\/\/api.w.org\/{rel}","templated":true}]}}