{"id":925,"date":"2024-12-23T16:03:48","date_gmt":"2024-12-23T15:03:48","guid":{"rendered":"https:\/\/los-odpowiedzialni-spolecznie.pl\/?post_type=product&#038;p=925"},"modified":"2024-12-23T16:06:18","modified_gmt":"2024-12-23T15:06:18","slug":"napoj-alco-detox-250ml-eko-dary-natury","status":"publish","type":"product","link":"https:\/\/los-odpowiedzialni-spolecznie.pl\/en\/sklep\/produkty-spozywcze\/soki-2\/smakowe\/napoj-alco-detox-250ml-eko-dary-natury\/","title":{"rendered":"Nap\u00f3j Alco-Detox 250ml EKO &#8211; Dary Natury"},"content":{"rendered":"<h3>Opis Produktu<\/h3>\n<p class=\"name\"><strong>Nap\u00f3j Alco-Detox 250ml EKO &#8211; Dary Natury<\/strong><\/p>\n<div id=\"box_description\" class=\"tab-wrap\">\n<div class=\"resetcss\">\n<div class=\"text\">\n<p><strong>Alco Detox<\/strong> &#8211; Szybki powr\u00f3t do formy, to nap\u00f3j zio\u0142owy na bazie ekologicznych sk\u0142adnik\u00f3w, z dodatkiem odrobiny miodu. Najlepiej smakuje sch\u0142odzony.<\/p>\n<p>Owoc r\u00f3\u017cy wesprze funkcjonowanie uk\u0142adu pokarmowego, mi\u0119ta zadzia\u0142a rozkurczowo i och\u0142odzi, karczoch zniweluje dolegliwo\u015bci takie, jak wzd\u0119cia, b\u00f3l brzucha i nudno\u015bci, a hibiskus orze\u017awi i doda energii.<\/p>\n<\/div>\n<div class=\"attributes\">\n<div class=\"item\">\n<div class=\"attr-name\">\n<div><strong>Sk\u0142adniki:<\/strong><\/div>\n<\/div>\n<div class=\"attr-value\">\n<p>woda 90%, mi\u00f3d*, ekstrakt z: owoc\u00f3w berberysu*, owoc\u00f3w r\u00f3\u017cy*, li\u015bci mi\u0119ty*, ziela karczocha*, kwiatu bzu czarnego*, kwiatu hibiskusa*, ocet r\u00f3\u017cany*.<\/p>\n<p>*produkt rolnictwa ekologicznego<\/p>\n<div class=\"clear\"><\/div>\n<\/div>\n<\/div>\n<div class=\"item\">\n<div class=\"attr-name\">\n<div><strong>Opakowanie:<\/strong><\/div>\n<\/div>\n<div class=\"attr-value\">\n<p>250 ml<\/p>\n<\/div>\n<\/div>\n<\/div>\n<\/div>\n<\/div>\n<div id=\"boxdetails\" class=\"tab-wrap\">\n<h3 class=\"tab-title\">Dodatkowe informacje<\/h3>\n<div class=\"resetcss\">\n<div class=\"text\">\n<p>nap\u00f3j zio\u0142owy<\/p>\n<\/div>\n<\/div>\n<\/div>\n<p>&nbsp;<\/p>","protected":false},"excerpt":{"rendered":"<p>Opis Produktu Nap\u00f3j Alco-Detox 250ml EKO &#8211; Dary Natury Alco Detox &#8211; Szybki powr\u00f3t do formy, to nap\u00f3j zio\u0142owy na bazie ekologicznych sk\u0142adnik\u00f3w, z dodatkiem odrobiny miodu. Najlepiej smakuje sch\u0142odzony. Owoc r\u00f3\u017cy wesprze funkcjonowanie uk\u0142adu pokarmowego, mi\u0119ta zadzia\u0142a rozkurczowo i och\u0142odzi, karczoch zniweluje dolegliwo\u015bci takie, jak wzd\u0119cia, b\u00f3l brzucha i nudno\u015bci, a hibiskus orze\u017awi i [&hellip;]<\/p>","protected":false},"featured_media":977,"template":"","meta":{"site-sidebar-layout":"default","site-content-layout":"","ast-site-content-layout":"default","site-content-style":"default","site-sidebar-style":"default","ast-global-header-display":"","ast-banner-title-visibility":"","ast-main-header-display":"","ast-hfb-above-header-display":"","ast-hfb-below-header-display":"","ast-hfb-mobile-header-display":"","site-post-title":"","ast-breadcrumbs-content":"","ast-featured-img":"","footer-sml-layout":"","theme-transparent-header-meta":"default","adv-header-id-meta":"","stick-header-meta":"","header-above-stick-meta":"","header-main-stick-meta":"","header-below-stick-meta":"","astra-migrate-meta-layouts":"set","ast-page-background-enabled":"default","ast-page-background-meta":{"desktop":{"background-color":"var(--ast-global-color-4)","background-image":"","background-repeat":"repeat","background-position":"center center","background-size":"auto","background-attachment":"scroll","background-type":"","background-media":"","overlay-type":"","overlay-color":"","overlay-opacity":"","overlay-gradient":""},"tablet":{"background-color":"","background-image":"","background-repeat":"repeat","background-position":"center center","background-size":"auto","background-attachment":"scroll","background-type":"","background-media":"","overlay-type":"","overlay-color":"","overlay-opacity":"","overlay-gradient":""},"mobile":{"background-color":"","background-image":"","background-repeat":"repeat","background-position":"center center","background-size":"auto","background-attachment":"scroll","background-type":"","background-media":"","overlay-type":"","overlay-color":"","overlay-opacity":"","overlay-gradient":""}},"ast-content-background-meta":{"desktop":{"background-color":"var(--ast-global-color-5)","background-image":"","background-repeat":"repeat","background-position":"center center","background-size":"auto","background-attachment":"scroll","background-type":"","background-media":"","overlay-type":"","overlay-color":"","overlay-opacity":"","overlay-gradient":""},"tablet":{"background-color":"var(--ast-global-color-5)","background-image":"","background-repeat":"repeat","background-position":"center center","background-size":"auto","background-attachment":"scroll","background-type":"","background-media":"","overlay-type":"","overlay-color":"","overlay-opacity":"","overlay-gradient":""},"mobile":{"background-color":"var(--ast-global-color-5)","background-image":"","background-repeat":"repeat","background-position":"center center","background-size":"auto","background-attachment":"scroll","background-type":"","background-media":"","overlay-type":"","overlay-color":"","overlay-opacity":"","overlay-gradient":""}}},"product_cat":[69,62,95],"product_tag":[34],"class_list":{"0":"post-925","1":"product","2":"type-product","3":"status-publish","4":"has-post-thumbnail","6":"product_cat-smakowe","7":"product_cat-soki-2","8":"product_cat-inne-napoje","9":"product_tag-etykieta-eko","10":"desktop-align-center","11":"tablet-align-left","12":"mobile-align-left","14":"first","15":"instock","16":"purchasable","17":"product-type-simple"},"_links":{"self":[{"href":"https:\/\/los-odpowiedzialni-spolecznie.pl\/en\/wp-json\/wp\/v2\/product\/925","targetHints":{"allow":["GET"]}}],"collection":[{"href":"https:\/\/los-odpowiedzialni-spolecznie.pl\/en\/wp-json\/wp\/v2\/product"}],"about":[{"href":"https:\/\/los-odpowiedzialni-spolecznie.pl\/en\/wp-json\/wp\/v2\/types\/product"}],"wp:featuredmedia":[{"embeddable":true,"href":"https:\/\/los-odpowiedzialni-spolecznie.pl\/en\/wp-json\/wp\/v2\/media\/977"}],"wp:attachment":[{"href":"https:\/\/los-odpowiedzialni-spolecznie.pl\/en\/wp-json\/wp\/v2\/media?parent=925"}],"wp:term":[{"taxonomy":"product_cat","embeddable":true,"href":"https:\/\/los-odpowiedzialni-spolecznie.pl\/en\/wp-json\/wp\/v2\/product_cat?post=925"},{"taxonomy":"product_tag","embeddable":true,"href":"https:\/\/los-odpowiedzialni-spolecznie.pl\/en\/wp-json\/wp\/v2\/product_tag?post=925"}],"curies":[{"name":"wp","href":"https:\/\/api.w.org\/{rel}","templated":true}]}}