{"id":919,"date":"2024-12-23T16:03:21","date_gmt":"2024-12-23T15:03:21","guid":{"rendered":"https:\/\/los-odpowiedzialni-spolecznie.pl\/?post_type=product&#038;p=919"},"modified":"2024-12-23T16:06:08","modified_gmt":"2024-12-23T15:06:08","slug":"sok-z-mniszka-lekarskiego-eko-250-ml-suplement-diety-dary-natury","status":"publish","type":"product","link":"https:\/\/los-odpowiedzialni-spolecznie.pl\/en\/sklep\/produkty-spozywcze\/soki-2\/sok-z-mniszka-lekarskiego-eko-250-ml-suplement-diety-dary-natury\/","title":{"rendered":"Sok z Mniszka lekarskiego EKO 250 ml &#8211; Suplement diety &#8211; Dary Natury"},"content":{"rendered":"<h3>Opis Produktu<\/h3>\n<p class=\"name\"><strong>Sok z Mniszka lekarskiego EKO 250 ml &#8211; Suplement diety &#8211; Dary Natury<\/strong><\/p>\n<p>Naturalny sok z mniszka lekarskiego, pochodz\u0105cego z certyfikowanych, ekologicznych upraw.\u00a0 Polecany, jako dodatek do sok\u00f3w i koktajli warzywnych oraz codzienny element zdrowej, zbilansowanej diety.<\/p>\n<p><strong>W\u0142a\u015bciwo\u015bci mniszka lekarskiego:<\/strong><\/p>\n<p>Przyczynia si\u0119 do prawid\u0142owego funkcjonowania \u017co\u0142\u0105dka i w\u0105troby oraz wp\u0142ywa na popraw\u0119 apetytu.<\/p>\n<p><strong>Sk\u0142adniki:<\/strong><\/p>\n<p>sok z li\u015bci mniszka lekarskiego*, sok z owoc\u00f3w pigwowca*.<\/p>\n<p>*produkt rolnictwa ekologicznego<\/p>\n<p><strong>Opakowanie<\/strong>:<\/p>\n<p>250 ml<\/p>\n<h3 class=\"tab-title\">Dodatkowe informacje<\/h3>\n<div class=\"resetcss\">\n<p>sok zio\u0142owy<\/p>\n<\/div>","protected":false},"excerpt":{"rendered":"<p>Opis Produktu Sok z Mniszka lekarskiego EKO 250 ml &#8211; Suplement diety &#8211; Dary Natury Naturalny sok z mniszka lekarskiego, pochodz\u0105cego z certyfikowanych, ekologicznych upraw.\u00a0 Polecany, jako dodatek do sok\u00f3w i koktajli warzywnych oraz codzienny element zdrowej, zbilansowanej diety. W\u0142a\u015bciwo\u015bci mniszka lekarskiego: Przyczynia si\u0119 do prawid\u0142owego funkcjonowania \u017co\u0142\u0105dka i w\u0105troby oraz wp\u0142ywa na popraw\u0119 apetytu. [&hellip;]<\/p>","protected":false},"featured_media":974,"template":"","meta":{"site-sidebar-layout":"default","site-content-layout":"","ast-site-content-layout":"default","site-content-style":"default","site-sidebar-style":"default","ast-global-header-display":"","ast-banner-title-visibility":"","ast-main-header-display":"","ast-hfb-above-header-display":"","ast-hfb-below-header-display":"","ast-hfb-mobile-header-display":"","site-post-title":"","ast-breadcrumbs-content":"","ast-featured-img":"","footer-sml-layout":"","theme-transparent-header-meta":"default","adv-header-id-meta":"","stick-header-meta":"","header-above-stick-meta":"","header-main-stick-meta":"","header-below-stick-meta":"","astra-migrate-meta-layouts":"set","ast-page-background-enabled":"default","ast-page-background-meta":{"desktop":{"background-color":"var(--ast-global-color-4)","background-image":"","background-repeat":"repeat","background-position":"center center","background-size":"auto","background-attachment":"scroll","background-type":"","background-media":"","overlay-type":"","overlay-color":"","overlay-opacity":"","overlay-gradient":""},"tablet":{"background-color":"","background-image":"","background-repeat":"repeat","background-position":"center center","background-size":"auto","background-attachment":"scroll","background-type":"","background-media":"","overlay-type":"","overlay-color":"","overlay-opacity":"","overlay-gradient":""},"mobile":{"background-color":"","background-image":"","background-repeat":"repeat","background-position":"center center","background-size":"auto","background-attachment":"scroll","background-type":"","background-media":"","overlay-type":"","overlay-color":"","overlay-opacity":"","overlay-gradient":""}},"ast-content-background-meta":{"desktop":{"background-color":"var(--ast-global-color-5)","background-image":"","background-repeat":"repeat","background-position":"center center","background-size":"auto","background-attachment":"scroll","background-type":"","background-media":"","overlay-type":"","overlay-color":"","overlay-opacity":"","overlay-gradient":""},"tablet":{"background-color":"var(--ast-global-color-5)","background-image":"","background-repeat":"repeat","background-position":"center center","background-size":"auto","background-attachment":"scroll","background-type":"","background-media":"","overlay-type":"","overlay-color":"","overlay-opacity":"","overlay-gradient":""},"mobile":{"background-color":"var(--ast-global-color-5)","background-image":"","background-repeat":"repeat","background-position":"center center","background-size":"auto","background-attachment":"scroll","background-type":"","background-media":"","overlay-type":"","overlay-color":"","overlay-opacity":"","overlay-gradient":""}}},"product_cat":[62],"product_tag":[34],"class_list":{"0":"post-919","1":"product","2":"type-product","3":"status-publish","4":"has-post-thumbnail","6":"product_cat-soki-2","7":"product_tag-etykieta-eko","8":"desktop-align-center","9":"tablet-align-left","10":"mobile-align-left","12":"first","13":"instock","14":"purchasable","15":"product-type-simple"},"_links":{"self":[{"href":"https:\/\/los-odpowiedzialni-spolecznie.pl\/en\/wp-json\/wp\/v2\/product\/919","targetHints":{"allow":["GET"]}}],"collection":[{"href":"https:\/\/los-odpowiedzialni-spolecznie.pl\/en\/wp-json\/wp\/v2\/product"}],"about":[{"href":"https:\/\/los-odpowiedzialni-spolecznie.pl\/en\/wp-json\/wp\/v2\/types\/product"}],"wp:featuredmedia":[{"embeddable":true,"href":"https:\/\/los-odpowiedzialni-spolecznie.pl\/en\/wp-json\/wp\/v2\/media\/974"}],"wp:attachment":[{"href":"https:\/\/los-odpowiedzialni-spolecznie.pl\/en\/wp-json\/wp\/v2\/media?parent=919"}],"wp:term":[{"taxonomy":"product_cat","embeddable":true,"href":"https:\/\/los-odpowiedzialni-spolecznie.pl\/en\/wp-json\/wp\/v2\/product_cat?post=919"},{"taxonomy":"product_tag","embeddable":true,"href":"https:\/\/los-odpowiedzialni-spolecznie.pl\/en\/wp-json\/wp\/v2\/product_tag?post=919"}],"curies":[{"name":"wp","href":"https:\/\/api.w.org\/{rel}","templated":true}]}}