{"id":915,"date":"2024-12-23T16:02:53","date_gmt":"2024-12-23T15:02:53","guid":{"rendered":"https:\/\/los-odpowiedzialni-spolecznie.pl\/?post_type=product&#038;p=915"},"modified":"2024-12-23T16:05:57","modified_gmt":"2024-12-23T15:05:57","slug":"sok-z-ostrozenia-eko-250ml-dary-natury","status":"publish","type":"product","link":"https:\/\/los-odpowiedzialni-spolecznie.pl\/en\/sklep\/produkty-spozywcze\/soki-2\/smakowe\/sok-z-ostrozenia-eko-250ml-dary-natury\/","title":{"rendered":"Sok z Ostro\u017cenia EKO 250ml &#8211; Dary Natury"},"content":{"rendered":"<h3>Opis Produktu<\/h3>\n<p class=\"name\"><strong>Sok z Ostro\u017cenia EKO 250ml &#8211; Dary Natury<\/strong><\/p>\n<div id=\"box_description\" class=\"tab-wrap\">\n<div class=\"resetcss\">\n<div class=\"text\">\n<p>Naturalny sok z ostro\u017cenia, pochodz\u0105cego z certyfikowanych, ekologicznych upraw.\u00a0 Polecany, jako dodatek do sok\u00f3w i koktajli warzywnych oraz codzienny element zdrowej, zbilansowanej diety.<\/p>\n<p>Dawniej wierzono, \u017ce ostro\u017ce\u0144 ma magiczn\u0105, oczyszczaj\u0105c\u0105 moc. Mo\u017cna go spo\u017cywa\u0107 bezpo\u015brednio lub stosowa\u0107 zewn\u0119trznie. Badania wykaza\u0142y, \u017ce ma dzia\u0142anie moczop\u0119dne oraz u\u0142atwiaj\u0105ce wydalanie szkodliwych produkt\u00f3w przemiany materii. Ostro\u017ce\u0144 ma r\u00f3wnie\u017c w\u0142a\u015bciwo\u015bci wzmacniaj\u0105ce i zwi\u0119kszaj\u0105ce odporno\u015b\u0107 organizmu. Sok mo\u017cna stosowa\u0107 regeneruj\u0105co na w\u0142osy oraz jako dodatek do k\u0105pieli polecanych na przewlek\u0142e zm\u0119czenie i os\u0142abienie.<\/p>\n<p><strong>Sk\u0142adniki:<\/strong><\/p>\n<p>sok z ostro\u017cenia* 75%, sok z jab\u0142ka* 15%, sok z pigwowca* 5%, sok z mi\u0119ty* 5%.<\/p>\n<p>*produkt rolnictwa ekologicznego<\/p>\n<\/div>\n<div class=\"attributes\">\n<div class=\"item\">\n<div class=\"attr-name\">\n<div><strong>Opakowanie:<\/strong><\/div>\n<\/div>\n<div class=\"attr-value\">\n<p>250 ml<\/p>\n<\/div>\n<\/div>\n<\/div>\n<\/div>\n<\/div>\n<div id=\"boxdetails\" class=\"tab-wrap\">\n<h3 class=\"tab-title\">Dodatkowe informacje<\/h3>\n<div class=\"resetcss\">\n<p>sok zio\u0142owy<\/p>\n<\/div>\n<\/div>","protected":false},"excerpt":{"rendered":"<p>Opis Produktu Sok z Ostro\u017cenia EKO 250ml &#8211; Dary Natury Naturalny sok z ostro\u017cenia, pochodz\u0105cego z certyfikowanych, ekologicznych upraw.\u00a0 Polecany, jako dodatek do sok\u00f3w i koktajli warzywnych oraz codzienny element zdrowej, zbilansowanej diety. Dawniej wierzono, \u017ce ostro\u017ce\u0144 ma magiczn\u0105, oczyszczaj\u0105c\u0105 moc. Mo\u017cna go spo\u017cywa\u0107 bezpo\u015brednio lub stosowa\u0107 zewn\u0119trznie. Badania wykaza\u0142y, \u017ce ma dzia\u0142anie moczop\u0119dne oraz [&hellip;]<\/p>","protected":false},"featured_media":967,"template":"","meta":{"site-sidebar-layout":"default","site-content-layout":"","ast-site-content-layout":"default","site-content-style":"default","site-sidebar-style":"default","ast-global-header-display":"","ast-banner-title-visibility":"","ast-main-header-display":"","ast-hfb-above-header-display":"","ast-hfb-below-header-display":"","ast-hfb-mobile-header-display":"","site-post-title":"","ast-breadcrumbs-content":"","ast-featured-img":"","footer-sml-layout":"","theme-transparent-header-meta":"default","adv-header-id-meta":"","stick-header-meta":"","header-above-stick-meta":"","header-main-stick-meta":"","header-below-stick-meta":"","astra-migrate-meta-layouts":"set","ast-page-background-enabled":"default","ast-page-background-meta":{"desktop":{"background-color":"var(--ast-global-color-4)","background-image":"","background-repeat":"repeat","background-position":"center center","background-size":"auto","background-attachment":"scroll","background-type":"","background-media":"","overlay-type":"","overlay-color":"","overlay-opacity":"","overlay-gradient":""},"tablet":{"background-color":"","background-image":"","background-repeat":"repeat","background-position":"center center","background-size":"auto","background-attachment":"scroll","background-type":"","background-media":"","overlay-type":"","overlay-color":"","overlay-opacity":"","overlay-gradient":""},"mobile":{"background-color":"","background-image":"","background-repeat":"repeat","background-position":"center center","background-size":"auto","background-attachment":"scroll","background-type":"","background-media":"","overlay-type":"","overlay-color":"","overlay-opacity":"","overlay-gradient":""}},"ast-content-background-meta":{"desktop":{"background-color":"var(--ast-global-color-5)","background-image":"","background-repeat":"repeat","background-position":"center center","background-size":"auto","background-attachment":"scroll","background-type":"","background-media":"","overlay-type":"","overlay-color":"","overlay-opacity":"","overlay-gradient":""},"tablet":{"background-color":"var(--ast-global-color-5)","background-image":"","background-repeat":"repeat","background-position":"center center","background-size":"auto","background-attachment":"scroll","background-type":"","background-media":"","overlay-type":"","overlay-color":"","overlay-opacity":"","overlay-gradient":""},"mobile":{"background-color":"var(--ast-global-color-5)","background-image":"","background-repeat":"repeat","background-position":"center center","background-size":"auto","background-attachment":"scroll","background-type":"","background-media":"","overlay-type":"","overlay-color":"","overlay-opacity":"","overlay-gradient":""}}},"product_cat":[69,62],"product_tag":[34],"class_list":{"0":"post-915","1":"product","2":"type-product","3":"status-publish","4":"has-post-thumbnail","6":"product_cat-smakowe","7":"product_cat-soki-2","8":"product_tag-etykieta-eko","9":"desktop-align-center","10":"tablet-align-left","11":"mobile-align-left","13":"first","14":"instock","15":"purchasable","16":"product-type-simple"},"_links":{"self":[{"href":"https:\/\/los-odpowiedzialni-spolecznie.pl\/en\/wp-json\/wp\/v2\/product\/915","targetHints":{"allow":["GET"]}}],"collection":[{"href":"https:\/\/los-odpowiedzialni-spolecznie.pl\/en\/wp-json\/wp\/v2\/product"}],"about":[{"href":"https:\/\/los-odpowiedzialni-spolecznie.pl\/en\/wp-json\/wp\/v2\/types\/product"}],"wp:featuredmedia":[{"embeddable":true,"href":"https:\/\/los-odpowiedzialni-spolecznie.pl\/en\/wp-json\/wp\/v2\/media\/967"}],"wp:attachment":[{"href":"https:\/\/los-odpowiedzialni-spolecznie.pl\/en\/wp-json\/wp\/v2\/media?parent=915"}],"wp:term":[{"taxonomy":"product_cat","embeddable":true,"href":"https:\/\/los-odpowiedzialni-spolecznie.pl\/en\/wp-json\/wp\/v2\/product_cat?post=915"},{"taxonomy":"product_tag","embeddable":true,"href":"https:\/\/los-odpowiedzialni-spolecznie.pl\/en\/wp-json\/wp\/v2\/product_tag?post=915"}],"curies":[{"name":"wp","href":"https:\/\/api.w.org\/{rel}","templated":true}]}}