{"id":914,"date":"2024-12-23T16:02:53","date_gmt":"2024-12-23T15:02:53","guid":{"rendered":"https:\/\/los-odpowiedzialni-spolecznie.pl\/?post_type=product&#038;p=914"},"modified":"2024-12-23T16:05:52","modified_gmt":"2024-12-23T15:05:52","slug":"sok-z-czosnku-niedzwiedziego-eko-250ml-suplement-diety-dary-natury","status":"publish","type":"product","link":"https:\/\/los-odpowiedzialni-spolecznie.pl\/en\/sklep\/produkty-spozywcze\/soki-2\/sok-z-czosnku-niedzwiedziego-eko-250ml-suplement-diety-dary-natury\/","title":{"rendered":"Sok z Czosnku nied\u017awiedziego EKO 250ml &#8211; Suplement diety &#8211; Dary Natury"},"content":{"rendered":"<h3>Opis Produktu<\/h3>\n<p class=\"name\"><strong>Sok z Czosnku nied\u017awiedziego EKO 250ml &#8211; Suplement diety &#8211; Dary Natury<\/strong><\/p>\n<div id=\"box_description\" class=\"tab-wrap\">\n<div class=\"resetcss\">\n<p>Naturalny sok z ekologicznego czosnku nied\u017awiedziego. Polecany, jako dodatek do sok\u00f3w i koktajli warzywnych oraz codzienny element zdrowej, zbilansowanej diety.<\/p>\n<p><strong>W\u0142a\u015bciwo\u015bci czosnku nied\u017awiedziego:<\/strong><\/p>\n<p>Wykazuje korzystny wp\u0142yw na serce i uk\u0142ad kr\u0105\u017cenia, a tak\u017ce wspomaga drena\u017c metali ci\u0119\u017ckich, metabolizm cholesterolu oraz prac\u0119 jelit.<\/p>\n<p><strong>Sk\u0142adniki:<\/strong><\/p>\n<p>sok z czosnku nied\u017awiedziego 100% *.<\/p>\n<p>*produkt rolnictwa ekologicznego<\/p>\n<p>Przechowywa\u0107 w ch\u0142odnym i suchym miejscu, poza zasi\u0119giem dzieci.<\/p>\n<div class=\"item\">\n<div class=\"attr-value\">\n<div class=\"attr-name\">\n<div><strong>Spos\u00f3b u\u017cycia:<\/strong><\/div>\n<\/div>\n<div class=\"attr-value\">\n<p>2 \u0142y\u017cki sto\u0142owe (15 ml) soku dziennie<\/p>\n<\/div>\n<\/div>\n<\/div>\n<div><strong>Opakowanie:<\/strong><\/div>\n<p>250 ml<\/p>\n<\/div>\n<\/div>\n<div id=\"boxdetails\" class=\"tab-wrap\">\n<h3 class=\"tab-title\">Dodatkowe informacje<\/h3>\n<div class=\"resetcss\">\n<p>sok zio\u0142owy<\/p>\n<\/div>\n<\/div>","protected":false},"excerpt":{"rendered":"<p>Opis Produktu Sok z Czosnku nied\u017awiedziego EKO 250ml &#8211; Suplement diety &#8211; Dary Natury Naturalny sok z ekologicznego czosnku nied\u017awiedziego. Polecany, jako dodatek do sok\u00f3w i koktajli warzywnych oraz codzienny element zdrowej, zbilansowanej diety. W\u0142a\u015bciwo\u015bci czosnku nied\u017awiedziego: Wykazuje korzystny wp\u0142yw na serce i uk\u0142ad kr\u0105\u017cenia, a tak\u017ce wspomaga drena\u017c metali ci\u0119\u017ckich, metabolizm cholesterolu oraz prac\u0119 [&hellip;]<\/p>","protected":false},"featured_media":966,"template":"","meta":{"site-sidebar-layout":"default","site-content-layout":"","ast-site-content-layout":"default","site-content-style":"default","site-sidebar-style":"default","ast-global-header-display":"","ast-banner-title-visibility":"","ast-main-header-display":"","ast-hfb-above-header-display":"","ast-hfb-below-header-display":"","ast-hfb-mobile-header-display":"","site-post-title":"","ast-breadcrumbs-content":"","ast-featured-img":"","footer-sml-layout":"","theme-transparent-header-meta":"default","adv-header-id-meta":"","stick-header-meta":"","header-above-stick-meta":"","header-main-stick-meta":"","header-below-stick-meta":"","astra-migrate-meta-layouts":"set","ast-page-background-enabled":"default","ast-page-background-meta":{"desktop":{"background-color":"var(--ast-global-color-4)","background-image":"","background-repeat":"repeat","background-position":"center center","background-size":"auto","background-attachment":"scroll","background-type":"","background-media":"","overlay-type":"","overlay-color":"","overlay-opacity":"","overlay-gradient":""},"tablet":{"background-color":"","background-image":"","background-repeat":"repeat","background-position":"center center","background-size":"auto","background-attachment":"scroll","background-type":"","background-media":"","overlay-type":"","overlay-color":"","overlay-opacity":"","overlay-gradient":""},"mobile":{"background-color":"","background-image":"","background-repeat":"repeat","background-position":"center center","background-size":"auto","background-attachment":"scroll","background-type":"","background-media":"","overlay-type":"","overlay-color":"","overlay-opacity":"","overlay-gradient":""}},"ast-content-background-meta":{"desktop":{"background-color":"var(--ast-global-color-5)","background-image":"","background-repeat":"repeat","background-position":"center center","background-size":"auto","background-attachment":"scroll","background-type":"","background-media":"","overlay-type":"","overlay-color":"","overlay-opacity":"","overlay-gradient":""},"tablet":{"background-color":"var(--ast-global-color-5)","background-image":"","background-repeat":"repeat","background-position":"center center","background-size":"auto","background-attachment":"scroll","background-type":"","background-media":"","overlay-type":"","overlay-color":"","overlay-opacity":"","overlay-gradient":""},"mobile":{"background-color":"var(--ast-global-color-5)","background-image":"","background-repeat":"repeat","background-position":"center center","background-size":"auto","background-attachment":"scroll","background-type":"","background-media":"","overlay-type":"","overlay-color":"","overlay-opacity":"","overlay-gradient":""}}},"product_cat":[62],"product_tag":[34],"class_list":{"0":"post-914","1":"product","2":"type-product","3":"status-publish","4":"has-post-thumbnail","6":"product_cat-soki-2","7":"product_tag-etykieta-eko","8":"desktop-align-center","9":"tablet-align-left","10":"mobile-align-left","12":"first","13":"onbackorder","14":"purchasable","15":"product-type-simple"},"_links":{"self":[{"href":"https:\/\/los-odpowiedzialni-spolecznie.pl\/en\/wp-json\/wp\/v2\/product\/914","targetHints":{"allow":["GET"]}}],"collection":[{"href":"https:\/\/los-odpowiedzialni-spolecznie.pl\/en\/wp-json\/wp\/v2\/product"}],"about":[{"href":"https:\/\/los-odpowiedzialni-spolecznie.pl\/en\/wp-json\/wp\/v2\/types\/product"}],"wp:featuredmedia":[{"embeddable":true,"href":"https:\/\/los-odpowiedzialni-spolecznie.pl\/en\/wp-json\/wp\/v2\/media\/966"}],"wp:attachment":[{"href":"https:\/\/los-odpowiedzialni-spolecznie.pl\/en\/wp-json\/wp\/v2\/media?parent=914"}],"wp:term":[{"taxonomy":"product_cat","embeddable":true,"href":"https:\/\/los-odpowiedzialni-spolecznie.pl\/en\/wp-json\/wp\/v2\/product_cat?post=914"},{"taxonomy":"product_tag","embeddable":true,"href":"https:\/\/los-odpowiedzialni-spolecznie.pl\/en\/wp-json\/wp\/v2\/product_tag?post=914"}],"curies":[{"name":"wp","href":"https:\/\/api.w.org\/{rel}","templated":true}]}}