{"id":910,"date":"2024-12-23T16:02:28","date_gmt":"2024-12-23T15:02:28","guid":{"rendered":"https:\/\/los-odpowiedzialni-spolecznie.pl\/?post_type=product&#038;p=910"},"modified":"2024-12-23T16:05:48","modified_gmt":"2024-12-23T15:05:48","slug":"sok-z-owocow-derenia-250-ml","status":"publish","type":"product","link":"https:\/\/los-odpowiedzialni-spolecznie.pl\/en\/sklep\/produkty-spozywcze\/soki-2\/smakowe\/sok-z-owocow-derenia-250-ml\/","title":{"rendered":"Sok z owoc\u00f3w derenia 250 ml"},"content":{"rendered":"<h3>Opis Produktu<\/h3>\n<p class=\"name\"><strong>Sok z owoc\u00f3w derenia 250 ml<\/strong><\/p>\n<div id=\"box_description\" class=\"tab-wrap\">\n<div class=\"resetcss\">\n<div class=\"text\">\n<p>Naturalny sok z najwy\u017cszej jako\u015bci owoc\u00f3w derenia. Polecany, jako dodatek do sok\u00f3w i koktajli owocowych lub lemoniad oraz codzienny element zdrowej, zbilansowanej diety.<\/p>\n<p><strong>Dzia\u0142anie:<\/strong><br \/>\nDERE\u0143 Sok z owoc\u00f3w derenia to niezwyk\u0142y produkt charakteryzuj\u0105cy si\u0119 ca\u0142kowicie naturalnym sk\u0142adem. Dere\u0144 jadalny to krzew pochodz\u0105cy z rejon\u00f3w Kaukazu. Owoce derenia maj\u0105 cierpki smak podobny do \u017curawiny-wi\u015bni. Owoce derenia stanowi\u0105 niezwykle bogate \u017ar\u00f3d\u0142o witaminy C (oko\u0142o 200mg\/100g masy), witaminy P oraz witamina A, a tak\u017ce makro- i mikroelement\u00f3w (przede wszystkim zwi\u0105zk\u00f3w \u017celaza), flawonoid\u00f3w, kwas\u00f3w organicznych, przeciwutleniaczy, biostymulator\u00f3w, pektyn, garbnik\u00f3w, w\u0119glowodan\u00f3w (oko\u0142o 10\u201313%) oraz innych minera\u0142\u00f3w. Dzi\u0119ki temu zestawowi sk\u0142adnik\u00f3w, owoce derenia jadalnego s\u0105 surowcem cz\u0119sto wykorzystywanym w medycynie tradycyjnej. DERE\u0143 Sok z owoc\u00f3w derenia korzystnie wp\u0142ywa na funkcjonowanie organizmu. Wspiera metabolizm oraz przywraca r\u00f3wnowag\u0119. Wzmacnia odporno\u015b\u0107 i wykazuje w\u0142a\u015bciwo\u015bci antyoksydacyjne (chroni\u0105c przed szkodliwym wp\u0142ywem wolnych rodnik\u00f3w).<\/p>\n<p><strong>Przeciwwskazania:<\/strong><br \/>\n&#8211; uczulenie na sk\u0142adniki produktu<\/p>\n<p><strong>Wskazania:<\/strong><br \/>\nStosowa\u0107 jako uzupe\u0142nienie zdrowej diety. Polecany w celu wspierania przemiany materii.<\/p>\n<p><strong>Dawkowanie:<\/strong><br \/>\nStosowa\u0107 doustnie. Przyjmowa\u0107 25 ml soku x 2\/24h, na 30 minut przed jedzeniem.<\/p>\n<p><strong>Sk\u0142adniki:<\/strong><\/p>\n<p>sok z owoc\u00f3w derenia 100%.<\/p>\n<\/div>\n<div class=\"attributes\">\n<div class=\"item\">\n<div class=\"attr-name\">\n<div><strong>Opakowanie:<\/strong><\/div>\n<\/div>\n<div class=\"attr-value\">\n<p>250 ml<\/p>\n<\/div>\n<\/div>\n<\/div>\n<\/div>\n<\/div>\n<div id=\"boxdetails\" class=\"tab-wrap\">\n<h3 class=\"tab-title\">Dodatkowe informacje<\/h3>\n<p>Sok nale\u017cy zu\u017cy\u0107 w ci\u0105gu 21 dni od otwarcia butelki.<\/p>\n<div class=\"resetcss\">\n<p>sok zio\u0142owy<\/p>\n<\/div>\n<\/div>","protected":false},"excerpt":{"rendered":"<p>Opis Produktu Sok z owoc\u00f3w derenia 250 ml Naturalny sok z najwy\u017cszej jako\u015bci owoc\u00f3w derenia. Polecany, jako dodatek do sok\u00f3w i koktajli owocowych lub lemoniad oraz codzienny element zdrowej, zbilansowanej diety. Dzia\u0142anie: DERE\u0143 Sok z owoc\u00f3w derenia to niezwyk\u0142y produkt charakteryzuj\u0105cy si\u0119 ca\u0142kowicie naturalnym sk\u0142adem. Dere\u0144 jadalny to krzew pochodz\u0105cy z rejon\u00f3w Kaukazu. Owoce derenia [&hellip;]<\/p>","protected":false},"featured_media":965,"template":"","meta":{"site-sidebar-layout":"default","site-content-layout":"","ast-site-content-layout":"default","site-content-style":"default","site-sidebar-style":"default","ast-global-header-display":"","ast-banner-title-visibility":"","ast-main-header-display":"","ast-hfb-above-header-display":"","ast-hfb-below-header-display":"","ast-hfb-mobile-header-display":"","site-post-title":"","ast-breadcrumbs-content":"","ast-featured-img":"","footer-sml-layout":"","theme-transparent-header-meta":"default","adv-header-id-meta":"","stick-header-meta":"","header-above-stick-meta":"","header-main-stick-meta":"","header-below-stick-meta":"","astra-migrate-meta-layouts":"set","ast-page-background-enabled":"default","ast-page-background-meta":{"desktop":{"background-color":"var(--ast-global-color-4)","background-image":"","background-repeat":"repeat","background-position":"center center","background-size":"auto","background-attachment":"scroll","background-type":"","background-media":"","overlay-type":"","overlay-color":"","overlay-opacity":"","overlay-gradient":""},"tablet":{"background-color":"","background-image":"","background-repeat":"repeat","background-position":"center center","background-size":"auto","background-attachment":"scroll","background-type":"","background-media":"","overlay-type":"","overlay-color":"","overlay-opacity":"","overlay-gradient":""},"mobile":{"background-color":"","background-image":"","background-repeat":"repeat","background-position":"center center","background-size":"auto","background-attachment":"scroll","background-type":"","background-media":"","overlay-type":"","overlay-color":"","overlay-opacity":"","overlay-gradient":""}},"ast-content-background-meta":{"desktop":{"background-color":"var(--ast-global-color-5)","background-image":"","background-repeat":"repeat","background-position":"center center","background-size":"auto","background-attachment":"scroll","background-type":"","background-media":"","overlay-type":"","overlay-color":"","overlay-opacity":"","overlay-gradient":""},"tablet":{"background-color":"var(--ast-global-color-5)","background-image":"","background-repeat":"repeat","background-position":"center center","background-size":"auto","background-attachment":"scroll","background-type":"","background-media":"","overlay-type":"","overlay-color":"","overlay-opacity":"","overlay-gradient":""},"mobile":{"background-color":"var(--ast-global-color-5)","background-image":"","background-repeat":"repeat","background-position":"center center","background-size":"auto","background-attachment":"scroll","background-type":"","background-media":"","overlay-type":"","overlay-color":"","overlay-opacity":"","overlay-gradient":""}}},"product_cat":[69,62],"product_tag":[],"class_list":{"0":"post-910","1":"product","2":"type-product","3":"status-publish","4":"has-post-thumbnail","6":"product_cat-smakowe","7":"product_cat-soki-2","8":"desktop-align-center","9":"tablet-align-left","10":"mobile-align-left","12":"first","13":"instock","14":"purchasable","15":"product-type-simple"},"_links":{"self":[{"href":"https:\/\/los-odpowiedzialni-spolecznie.pl\/en\/wp-json\/wp\/v2\/product\/910","targetHints":{"allow":["GET"]}}],"collection":[{"href":"https:\/\/los-odpowiedzialni-spolecznie.pl\/en\/wp-json\/wp\/v2\/product"}],"about":[{"href":"https:\/\/los-odpowiedzialni-spolecznie.pl\/en\/wp-json\/wp\/v2\/types\/product"}],"wp:featuredmedia":[{"embeddable":true,"href":"https:\/\/los-odpowiedzialni-spolecznie.pl\/en\/wp-json\/wp\/v2\/media\/965"}],"wp:attachment":[{"href":"https:\/\/los-odpowiedzialni-spolecznie.pl\/en\/wp-json\/wp\/v2\/media?parent=910"}],"wp:term":[{"taxonomy":"product_cat","embeddable":true,"href":"https:\/\/los-odpowiedzialni-spolecznie.pl\/en\/wp-json\/wp\/v2\/product_cat?post=910"},{"taxonomy":"product_tag","embeddable":true,"href":"https:\/\/los-odpowiedzialni-spolecznie.pl\/en\/wp-json\/wp\/v2\/product_tag?post=910"}],"curies":[{"name":"wp","href":"https:\/\/api.w.org\/{rel}","templated":true}]}}