{"id":909,"date":"2024-12-23T16:02:28","date_gmt":"2024-12-23T15:02:28","guid":{"rendered":"https:\/\/los-odpowiedzialni-spolecznie.pl\/?post_type=product&#038;p=909"},"modified":"2024-12-23T16:05:43","modified_gmt":"2024-12-23T15:05:43","slug":"sok-z-zurawiny-100-750-ml-naturavena","status":"publish","type":"product","link":"https:\/\/los-odpowiedzialni-spolecznie.pl\/en\/sklep\/produkty-spozywcze\/soki-2\/smakowe\/sok-z-zurawiny-100-750-ml-naturavena\/","title":{"rendered":"SOK Z \u017bURAWINY 100 % 750 ml &#8211; NATURAVENA"},"content":{"rendered":"<h3>Opis Produktu<\/h3>\n<p><strong>SOK Z \u017bURAWINY 100 % 750 ml &#8211; NATURAVENA<\/strong><\/p>\n<p>Sok z owoc\u00f3w \u017curawiny charakteryzuje si\u0119 kwa\u015bnym, lekko cierpkim smakiem. Mo\u017cna pi\u0107 bez rozcie\u0144czania lub z wod\u0105, jako dodatek do innych sok\u00f3w lub lekko dos\u0142odzi\u0107 miodem. Znajduj\u0105cy si\u0119 osad jest zjawiskiem naturalnym. Ka\u017cdorazowo wstrz\u0105sn\u0105\u0107 przed spo\u017cyciem.<\/p>\n<p>Od dawna stosowany jest w medycynie ludowej jako naturalny lek na angin\u0119, przezi\u0119bienie, stany zapalne p\u0119cherza, stany zapalne dr\u00f3g moczowych, problemy \u017co\u0142\u0105dkowe, a tak\u017ce na infekcje sk\u00f3rne o pochodzeniu grzybiczym, b\u0105d\u017a bakteryjnym. Sok z \u017curawiny\u00a0<b>ma silne dzia\u0142anie antybakteryjne.<\/b>\u00a0<b>Wspomaga te\u017c prac\u0119 serca i w\u0105troby<\/b>.<\/p>\n<p><strong>SK\u0141ADNIKI<\/strong><br \/>\nSok z owoc\u00f3w \u017curawiny (100 %) odtworzony z zag\u0119szczonego soku.<\/p>\n<p><strong>WARTO\u015a\u0106 OD\u017bYWCZA W 100 ml<\/strong><br \/>\n<strong>Warto\u015b\u0107 energetyczna: 120 kJ\/28 kcal<\/strong><br \/>\n<strong>T\u0142uszcz:<\/strong> 0 g<br \/>\n<strong>w tym kwasy t\u0142uszczowe nasycone:<\/strong> 0 g<br \/>\n<strong>W\u0119glowodany:<\/strong> 5,2 g<br \/>\n<strong>w tym cukry:<\/strong> 3,2 g<br \/>\n<strong>Bia\u0142ko:<\/strong> 0 g<br \/>\n<strong>S\u00f3l:<\/strong> 0 g<\/p>\n<p><strong>ZALECANE WARUNKI PRZECHOWYWANIA<\/strong><br \/>\nPrzechowywa\u0107 w suchym i ch\u0142odnym miejscu. Po otwarciu przechowywa\u0107 w lod\u00f3wce w temp. 4\u00baC przez okres 14 dni. Chroni\u0107 przed bezpo\u015brednim dzia\u0142aniem \u015bwiat\u0142a.<\/p>","protected":false},"excerpt":{"rendered":"<p>Opis Produktu SOK Z \u017bURAWINY 100 % 750 ml &#8211; NATURAVENA Sok z owoc\u00f3w \u017curawiny charakteryzuje si\u0119 kwa\u015bnym, lekko cierpkim smakiem. Mo\u017cna pi\u0107 bez rozcie\u0144czania lub z wod\u0105, jako dodatek do innych sok\u00f3w lub lekko dos\u0142odzi\u0107 miodem. Znajduj\u0105cy si\u0119 osad jest zjawiskiem naturalnym. Ka\u017cdorazowo wstrz\u0105sn\u0105\u0107 przed spo\u017cyciem. Od dawna stosowany jest w medycynie ludowej jako [&hellip;]<\/p>","protected":false},"featured_media":964,"template":"","meta":{"site-sidebar-layout":"default","site-content-layout":"","ast-site-content-layout":"default","site-content-style":"default","site-sidebar-style":"default","ast-global-header-display":"","ast-banner-title-visibility":"","ast-main-header-display":"","ast-hfb-above-header-display":"","ast-hfb-below-header-display":"","ast-hfb-mobile-header-display":"","site-post-title":"","ast-breadcrumbs-content":"","ast-featured-img":"","footer-sml-layout":"","theme-transparent-header-meta":"default","adv-header-id-meta":"","stick-header-meta":"","header-above-stick-meta":"","header-main-stick-meta":"","header-below-stick-meta":"","astra-migrate-meta-layouts":"set","ast-page-background-enabled":"default","ast-page-background-meta":{"desktop":{"background-color":"var(--ast-global-color-4)","background-image":"","background-repeat":"repeat","background-position":"center center","background-size":"auto","background-attachment":"scroll","background-type":"","background-media":"","overlay-type":"","overlay-color":"","overlay-opacity":"","overlay-gradient":""},"tablet":{"background-color":"","background-image":"","background-repeat":"repeat","background-position":"center center","background-size":"auto","background-attachment":"scroll","background-type":"","background-media":"","overlay-type":"","overlay-color":"","overlay-opacity":"","overlay-gradient":""},"mobile":{"background-color":"","background-image":"","background-repeat":"repeat","background-position":"center center","background-size":"auto","background-attachment":"scroll","background-type":"","background-media":"","overlay-type":"","overlay-color":"","overlay-opacity":"","overlay-gradient":""}},"ast-content-background-meta":{"desktop":{"background-color":"var(--ast-global-color-5)","background-image":"","background-repeat":"repeat","background-position":"center center","background-size":"auto","background-attachment":"scroll","background-type":"","background-media":"","overlay-type":"","overlay-color":"","overlay-opacity":"","overlay-gradient":""},"tablet":{"background-color":"var(--ast-global-color-5)","background-image":"","background-repeat":"repeat","background-position":"center center","background-size":"auto","background-attachment":"scroll","background-type":"","background-media":"","overlay-type":"","overlay-color":"","overlay-opacity":"","overlay-gradient":""},"mobile":{"background-color":"var(--ast-global-color-5)","background-image":"","background-repeat":"repeat","background-position":"center center","background-size":"auto","background-attachment":"scroll","background-type":"","background-media":"","overlay-type":"","overlay-color":"","overlay-opacity":"","overlay-gradient":""}}},"product_cat":[69,62],"product_tag":[],"class_list":{"0":"post-909","1":"product","2":"type-product","3":"status-publish","4":"has-post-thumbnail","6":"product_cat-smakowe","7":"product_cat-soki-2","8":"desktop-align-center","9":"tablet-align-left","10":"mobile-align-left","12":"first","13":"instock","14":"purchasable","15":"product-type-simple"},"_links":{"self":[{"href":"https:\/\/los-odpowiedzialni-spolecznie.pl\/en\/wp-json\/wp\/v2\/product\/909","targetHints":{"allow":["GET"]}}],"collection":[{"href":"https:\/\/los-odpowiedzialni-spolecznie.pl\/en\/wp-json\/wp\/v2\/product"}],"about":[{"href":"https:\/\/los-odpowiedzialni-spolecznie.pl\/en\/wp-json\/wp\/v2\/types\/product"}],"wp:featuredmedia":[{"embeddable":true,"href":"https:\/\/los-odpowiedzialni-spolecznie.pl\/en\/wp-json\/wp\/v2\/media\/964"}],"wp:attachment":[{"href":"https:\/\/los-odpowiedzialni-spolecznie.pl\/en\/wp-json\/wp\/v2\/media?parent=909"}],"wp:term":[{"taxonomy":"product_cat","embeddable":true,"href":"https:\/\/los-odpowiedzialni-spolecznie.pl\/en\/wp-json\/wp\/v2\/product_cat?post=909"},{"taxonomy":"product_tag","embeddable":true,"href":"https:\/\/los-odpowiedzialni-spolecznie.pl\/en\/wp-json\/wp\/v2\/product_tag?post=909"}],"curies":[{"name":"wp","href":"https:\/\/api.w.org\/{rel}","templated":true}]}}