{"id":907,"date":"2024-12-23T16:02:28","date_gmt":"2024-12-23T15:02:28","guid":{"rendered":"https:\/\/los-odpowiedzialni-spolecznie.pl\/?post_type=product&#038;p=907"},"modified":"2024-12-23T16:05:32","modified_gmt":"2024-12-23T15:05:32","slug":"syrop-z-pigwowca-375-g-300-ml-krokus","status":"publish","type":"product","link":"https:\/\/los-odpowiedzialni-spolecznie.pl\/en\/sklep\/produkty-spozywcze\/soki-2\/smakowe\/syrop-z-pigwowca-375-g-300-ml-krokus\/","title":{"rendered":"SYROP Z PIGWOWCA 375 g (300 ml) &#8211; KROKUS"},"content":{"rendered":"<h3>Opis Produktu<\/h3>\n<p><strong>SYROP Z PIGWOWCA 375 g (300 ml) &#8211; KROKUS<\/strong><\/p>\n<p>Produkujemy syropy metod\u0105 naszych bab\u0107, to znaczy \u015bwie\u017ce owoce zasypujemy cukrem, a kiedy puszcz\u0105 sok zlewamy go do butelek. W naszym syropie jest 54 % soku z pigwowca.<br \/>\nSyrop jest intensywny i s\u0142odki, dlatego do picia proponujemy rozcie\u0144cza\u0107 go z wod\u0105 w stosunku 10:1. Nadaje wyj\u0105tkowy aromat herbatom, \u015bwietnie sprawdza si\u0119, jako polewa do kasz, budyniu, nale\u015bnik\u00f3w, placuszk\u00f3w, racuszk\u00f3w, omlet\u00f3w, lod\u00f3w i innych deser\u00f3w. Sorbet wykonany z syropu jest r\u00f3wnie\u017c godny polecenia. Ostatnio bardzo popularne s\u0105 kawy z dodatkiem syrop\u00f3w owocowych. Syrop mo\u017cna dodawa\u0107 r\u00f3wnie\u017c do alkoholu np. w\u00f3dek wzbogacaj\u0105c ich smak.<\/p>\n<p><strong>SK\u0141ADNIKI<\/strong><br \/>\nsok z pigwowca (54 %), cukier.<\/p>\n<p><strong>WARTO\u015a\u0106 OD\u017bYWCZA W 100 g<\/strong><br \/>\n<strong>Warto\u015b\u0107 energetyczna: 896 kJ \/ 214 kcal<\/strong><br \/>\n<strong>T\u0142uszcz:<\/strong> 0 g<br \/>\n<strong>w tym kwasy t\u0142uszczowe nasycone:<\/strong> 0 g<br \/>\n<strong>W\u0119glowodany:<\/strong> 52 g<br \/>\n<strong>w tym cukry:<\/strong> 50 g<br \/>\n<strong>Bia\u0142ko:<\/strong> 0,9 g<br \/>\n<strong>S\u00f3l:<\/strong> 0 g<\/p>\n<p><strong>UWAGI<\/strong><br \/>\nOsad jest zjawiskiem naturalnym.<\/p>\n<p><strong>ZALECANE WARUNKI PRZECHOWYWANIA<\/strong><br \/>\nPrzechowywa\u0107 w suchym i ch\u0142odnym miejscu.<\/p>","protected":false},"excerpt":{"rendered":"<p>Opis Produktu SYROP Z PIGWOWCA 375 g (300 ml) &#8211; KROKUS Produkujemy syropy metod\u0105 naszych bab\u0107, to znaczy \u015bwie\u017ce owoce zasypujemy cukrem, a kiedy puszcz\u0105 sok zlewamy go do butelek. W naszym syropie jest 54 % soku z pigwowca. Syrop jest intensywny i s\u0142odki, dlatego do picia proponujemy rozcie\u0144cza\u0107 go z wod\u0105 w stosunku 10:1. [&hellip;]<\/p>","protected":false},"featured_media":959,"template":"","meta":{"site-sidebar-layout":"default","site-content-layout":"","ast-site-content-layout":"default","site-content-style":"default","site-sidebar-style":"default","ast-global-header-display":"","ast-banner-title-visibility":"","ast-main-header-display":"","ast-hfb-above-header-display":"","ast-hfb-below-header-display":"","ast-hfb-mobile-header-display":"","site-post-title":"","ast-breadcrumbs-content":"","ast-featured-img":"","footer-sml-layout":"","theme-transparent-header-meta":"default","adv-header-id-meta":"","stick-header-meta":"","header-above-stick-meta":"","header-main-stick-meta":"","header-below-stick-meta":"","astra-migrate-meta-layouts":"set","ast-page-background-enabled":"default","ast-page-background-meta":{"desktop":{"background-color":"var(--ast-global-color-4)","background-image":"","background-repeat":"repeat","background-position":"center center","background-size":"auto","background-attachment":"scroll","background-type":"","background-media":"","overlay-type":"","overlay-color":"","overlay-opacity":"","overlay-gradient":""},"tablet":{"background-color":"","background-image":"","background-repeat":"repeat","background-position":"center center","background-size":"auto","background-attachment":"scroll","background-type":"","background-media":"","overlay-type":"","overlay-color":"","overlay-opacity":"","overlay-gradient":""},"mobile":{"background-color":"","background-image":"","background-repeat":"repeat","background-position":"center center","background-size":"auto","background-attachment":"scroll","background-type":"","background-media":"","overlay-type":"","overlay-color":"","overlay-opacity":"","overlay-gradient":""}},"ast-content-background-meta":{"desktop":{"background-color":"var(--ast-global-color-5)","background-image":"","background-repeat":"repeat","background-position":"center center","background-size":"auto","background-attachment":"scroll","background-type":"","background-media":"","overlay-type":"","overlay-color":"","overlay-opacity":"","overlay-gradient":""},"tablet":{"background-color":"var(--ast-global-color-5)","background-image":"","background-repeat":"repeat","background-position":"center center","background-size":"auto","background-attachment":"scroll","background-type":"","background-media":"","overlay-type":"","overlay-color":"","overlay-opacity":"","overlay-gradient":""},"mobile":{"background-color":"var(--ast-global-color-5)","background-image":"","background-repeat":"repeat","background-position":"center center","background-size":"auto","background-attachment":"scroll","background-type":"","background-media":"","overlay-type":"","overlay-color":"","overlay-opacity":"","overlay-gradient":""}}},"product_cat":[69,62],"product_tag":[],"class_list":{"0":"post-907","1":"product","2":"type-product","3":"status-publish","4":"has-post-thumbnail","6":"product_cat-smakowe","7":"product_cat-soki-2","8":"desktop-align-center","9":"tablet-align-left","10":"mobile-align-left","12":"first","13":"onbackorder","14":"purchasable","15":"product-type-simple"},"_links":{"self":[{"href":"https:\/\/los-odpowiedzialni-spolecznie.pl\/en\/wp-json\/wp\/v2\/product\/907","targetHints":{"allow":["GET"]}}],"collection":[{"href":"https:\/\/los-odpowiedzialni-spolecznie.pl\/en\/wp-json\/wp\/v2\/product"}],"about":[{"href":"https:\/\/los-odpowiedzialni-spolecznie.pl\/en\/wp-json\/wp\/v2\/types\/product"}],"wp:featuredmedia":[{"embeddable":true,"href":"https:\/\/los-odpowiedzialni-spolecznie.pl\/en\/wp-json\/wp\/v2\/media\/959"}],"wp:attachment":[{"href":"https:\/\/los-odpowiedzialni-spolecznie.pl\/en\/wp-json\/wp\/v2\/media?parent=907"}],"wp:term":[{"taxonomy":"product_cat","embeddable":true,"href":"https:\/\/los-odpowiedzialni-spolecznie.pl\/en\/wp-json\/wp\/v2\/product_cat?post=907"},{"taxonomy":"product_tag","embeddable":true,"href":"https:\/\/los-odpowiedzialni-spolecznie.pl\/en\/wp-json\/wp\/v2\/product_tag?post=907"}],"curies":[{"name":"wp","href":"https:\/\/api.w.org\/{rel}","templated":true}]}}