{"id":905,"date":"2024-12-23T16:02:27","date_gmt":"2024-12-23T15:02:27","guid":{"rendered":"https:\/\/los-odpowiedzialni-spolecznie.pl\/?post_type=product&#038;p=905"},"modified":"2024-12-23T16:05:13","modified_gmt":"2024-12-23T15:05:13","slug":"syrop-cytrynowy-bezglutenowy-355-g-280-ml-krokus","status":"publish","type":"product","link":"https:\/\/los-odpowiedzialni-spolecznie.pl\/en\/sklep\/produkty-spozywcze\/soki-2\/smakowe\/syrop-cytrynowy-bezglutenowy-355-g-280-ml-krokus\/","title":{"rendered":"SYROP CYTRYNOWY BEZGLUTENOWY 355 g (280 ml) &#8211; KROKUS"},"content":{"rendered":"<h3>Opis Produktu<\/h3>\n<p><strong>SYROP CYTRYNOWY BEZGLUTENOWY 355 g (280 ml) &#8211; KROKUS<\/strong><\/p>\n<p>Syrop cytrynowy doskonale nadaje si\u0119 do tych kawy, dodaj\u0105c im orze\u017awiaj\u0105cego smaku cytryny. Mo\u017cna r\u00f3wnie\u017c doda\u0107 go do koktajli i drink\u00f3w dla dodatkowej nuty cytrynowej. Mo\u017cna go r\u00f3wnie\u017c u\u017cywa\u0107 do przygotowania cytrynowych napoi bezalkoholowych, takich jak cytrynowa lemoniada lub cytrynowy drink. Syrop cytrynowy jest nie tylko smaczny, ale r\u00f3wnie\u017c bardzo praktyczny w kuchni, poniewa\u017c mo\u017cna go u\u017cywa\u0107 do wielu r\u00f3\u017cnych potraw i napoj\u00f3w.<\/p>\n<p><strong>WARTO\u015a\u0106 OD\u017bYWCZA W 100 g<\/strong><br \/>\n<strong>Warto\u015b\u0107 energetyczna: 1115 kJ \/ 262 kcal<\/strong><br \/>\n<strong>T\u0142uszcz:<\/strong> 0 g<br \/>\n<strong>w tym kwasy t\u0142uszczowe nasycone:<\/strong> 0 g<br \/>\n<strong>W\u0119glowodany:<\/strong> 65 g<br \/>\n<strong>w tym cukry: 59 g<\/strong><br \/>\n<strong>Bia\u0142ko:<\/strong> 0,6 g<br \/>\n<strong>S\u00f3l<\/strong>: 0 g<\/p>\n<p><strong>UWAGI<\/strong><br \/>\nSmak, kolor i konsystencja mog\u0105 r\u00f3\u017cni\u0107 si\u0119 w zale\u017cno\u015bci od pory roku i partii surowca. Osad jest zjawiskiem naturalnym. Przed spo\u017cyciem wstrz\u0105sn\u0105\u0107.<\/p>\n<p><strong>ZALECANE WARUNKI PRZECHOWYWANIA<\/strong><br \/>\nPrzechowywa\u0107 w suchym i ch\u0142odnym miejscu.<\/p>","protected":false},"excerpt":{"rendered":"<p>Opis Produktu SYROP CYTRYNOWY BEZGLUTENOWY 355 g (280 ml) &#8211; KROKUS Syrop cytrynowy doskonale nadaje si\u0119 do tych kawy, dodaj\u0105c im orze\u017awiaj\u0105cego smaku cytryny. Mo\u017cna r\u00f3wnie\u017c doda\u0107 go do koktajli i drink\u00f3w dla dodatkowej nuty cytrynowej. Mo\u017cna go r\u00f3wnie\u017c u\u017cywa\u0107 do przygotowania cytrynowych napoi bezalkoholowych, takich jak cytrynowa lemoniada lub cytrynowy drink. Syrop cytrynowy jest [&hellip;]<\/p>","protected":false},"featured_media":957,"template":"","meta":{"site-sidebar-layout":"default","site-content-layout":"","ast-site-content-layout":"default","site-content-style":"default","site-sidebar-style":"default","ast-global-header-display":"","ast-banner-title-visibility":"","ast-main-header-display":"","ast-hfb-above-header-display":"","ast-hfb-below-header-display":"","ast-hfb-mobile-header-display":"","site-post-title":"","ast-breadcrumbs-content":"","ast-featured-img":"","footer-sml-layout":"","theme-transparent-header-meta":"default","adv-header-id-meta":"","stick-header-meta":"","header-above-stick-meta":"","header-main-stick-meta":"","header-below-stick-meta":"","astra-migrate-meta-layouts":"set","ast-page-background-enabled":"default","ast-page-background-meta":{"desktop":{"background-color":"var(--ast-global-color-4)","background-image":"","background-repeat":"repeat","background-position":"center center","background-size":"auto","background-attachment":"scroll","background-type":"","background-media":"","overlay-type":"","overlay-color":"","overlay-opacity":"","overlay-gradient":""},"tablet":{"background-color":"","background-image":"","background-repeat":"repeat","background-position":"center center","background-size":"auto","background-attachment":"scroll","background-type":"","background-media":"","overlay-type":"","overlay-color":"","overlay-opacity":"","overlay-gradient":""},"mobile":{"background-color":"","background-image":"","background-repeat":"repeat","background-position":"center center","background-size":"auto","background-attachment":"scroll","background-type":"","background-media":"","overlay-type":"","overlay-color":"","overlay-opacity":"","overlay-gradient":""}},"ast-content-background-meta":{"desktop":{"background-color":"var(--ast-global-color-5)","background-image":"","background-repeat":"repeat","background-position":"center center","background-size":"auto","background-attachment":"scroll","background-type":"","background-media":"","overlay-type":"","overlay-color":"","overlay-opacity":"","overlay-gradient":""},"tablet":{"background-color":"var(--ast-global-color-5)","background-image":"","background-repeat":"repeat","background-position":"center center","background-size":"auto","background-attachment":"scroll","background-type":"","background-media":"","overlay-type":"","overlay-color":"","overlay-opacity":"","overlay-gradient":""},"mobile":{"background-color":"var(--ast-global-color-5)","background-image":"","background-repeat":"repeat","background-position":"center center","background-size":"auto","background-attachment":"scroll","background-type":"","background-media":"","overlay-type":"","overlay-color":"","overlay-opacity":"","overlay-gradient":""}}},"product_cat":[69,62],"product_tag":[],"class_list":{"0":"post-905","1":"product","2":"type-product","3":"status-publish","4":"has-post-thumbnail","6":"product_cat-smakowe","7":"product_cat-soki-2","8":"desktop-align-center","9":"tablet-align-left","10":"mobile-align-left","12":"first","13":"instock","14":"purchasable","15":"product-type-simple"},"_links":{"self":[{"href":"https:\/\/los-odpowiedzialni-spolecznie.pl\/en\/wp-json\/wp\/v2\/product\/905","targetHints":{"allow":["GET"]}}],"collection":[{"href":"https:\/\/los-odpowiedzialni-spolecznie.pl\/en\/wp-json\/wp\/v2\/product"}],"about":[{"href":"https:\/\/los-odpowiedzialni-spolecznie.pl\/en\/wp-json\/wp\/v2\/types\/product"}],"wp:featuredmedia":[{"embeddable":true,"href":"https:\/\/los-odpowiedzialni-spolecznie.pl\/en\/wp-json\/wp\/v2\/media\/957"}],"wp:attachment":[{"href":"https:\/\/los-odpowiedzialni-spolecznie.pl\/en\/wp-json\/wp\/v2\/media?parent=905"}],"wp:term":[{"taxonomy":"product_cat","embeddable":true,"href":"https:\/\/los-odpowiedzialni-spolecznie.pl\/en\/wp-json\/wp\/v2\/product_cat?post=905"},{"taxonomy":"product_tag","embeddable":true,"href":"https:\/\/los-odpowiedzialni-spolecznie.pl\/en\/wp-json\/wp\/v2\/product_tag?post=905"}],"curies":[{"name":"wp","href":"https:\/\/api.w.org\/{rel}","templated":true}]}}