{"id":897,"date":"2024-12-23T16:02:04","date_gmt":"2024-12-23T15:02:04","guid":{"rendered":"https:\/\/los-odpowiedzialni-spolecznie.pl\/?post_type=product&#038;p=897"},"modified":"2024-12-23T16:04:58","modified_gmt":"2024-12-23T15:04:58","slug":"syrop-jarzebinowy-bezglutenowy-355-g-280-ml-krokus","status":"publish","type":"product","link":"https:\/\/los-odpowiedzialni-spolecznie.pl\/en\/sklep\/produkty-spozywcze\/soki-2\/smakowe\/syrop-jarzebinowy-bezglutenowy-355-g-280-ml-krokus\/","title":{"rendered":"SYROP JARZ\u0118BINOWY BEZGLUTENOWY 355 g (280 ml) &#8211; KROKUS"},"content":{"rendered":"<h3>Opis Produktu<\/h3>\n<p><strong>SYROP JARZ\u0118BINOWY BEZGLUTENOWY 355 g (280 ml) &#8211; KROKUS<\/strong><\/p>\n<p><b>Sok<\/b>\u00a0z owoc\u00f3w\u00a0<b>jarz\u0119biny<\/b>\u00a0stanowi wsparcie dla dr\u00f3g moczowych, wspiera trawienie i uk\u0142ad pokarmowy, a tak\u017ce serce i uk\u0142ad krwiono\u015bny. Dzi\u0119ki zawarto\u015bci wielu witamin wspomaga uzupe\u0142nienie niedobor\u00f3w witaminowych i leczenie anemii.<\/p>\n<p>Syrop produkowany\u00a0 metod\u0105 naszych bab\u0107, to znaczy \u015bwie\u017ce owoce zasypywane s\u0105\u00a0 cukrem a kiedy puszcz\u0105 sok zlewany jest do butelek. Jest to naturalny syrop, a nie jak wi\u0119kszo\u015b\u0107 dost\u0119pnych na rynku produkt\u00f3w &#8211; woda po\u0142\u0105czona z koncentratem i aromatami. Ca\u0142a prawda o syropie wychodzi na jaw, je\u015bli pokusimy si\u0119 o przeczytanie sk\u0142adu produktu, kt\u00f3ry chcemy kupi\u0107. Pami\u0119tajmy, \u017ce zawsze na pierwszym miejscu w sk\u0142adzie znajduje si\u0119 ten sk\u0142adnik, kt\u00f3rego jest najwi\u0119cej w danym produkcie. W naszym syropie jest 51 % soku z jarz\u0119biny.<br \/>\nSyrop jest intensywny, dlatego do picia proponujemy rozcie\u0144cza\u0107 go z wod\u0105 w stosunku 1:10. Nadaje wyj\u0105tkowy aromat herbatom, \u015bwietnie sprawdza si\u0119, jako polewa do kasz, budyniu, nale\u015bnik\u00f3w, placuszk\u00f3w, racuszk\u00f3w, omlet\u00f3w, lod\u00f3w i innych deser\u00f3w. Sorbet wykonany z syropu jest r\u00f3wnie\u017c godny polecenia. Ostatnio bardzo popularne s\u0105 kawy z dodatkiem syrop\u00f3w owocowych. Syrop mo\u017cna dodawa\u0107 r\u00f3wnie\u017c do alkoholu np. w\u00f3dek wzbogacaj\u0105c ich smak.<\/p>\n<p><strong>SK\u0141ADNIKI<\/strong><br \/>\nsok z jarz\u0119biny NFC (51 %), cukier.<\/p>\n<p><strong>WARTO\u015a\u0106 OD\u017bYWCZA W 100 ml<\/strong><br \/>\n<strong>Warto\u015b\u0107 energetyczna: 1115 kJ\/262 kcal<\/strong><br \/>\n<strong>T\u0142uszcz:<\/strong> 0 g<br \/>\n<strong>w tym kwasy t\u0142uszczowe nasycone:<\/strong> 0 g<br \/>\n<strong>W\u0119glowodany:<\/strong> 65 g<br \/>\n<strong>w tym cukry:<\/strong> 61 g<br \/>\n<strong>Bia\u0142ko:<\/strong> 0,6 g<br \/>\n<strong>S\u00f3l:<\/strong> 0 g<\/p>\n<p><strong>UWAGA<\/strong><br \/>\nSmak, aromat, kolor i konsystencja mog\u0105 si\u0119 r\u00f3\u017cni\u0107 w zale\u017cno\u015bci od pory roku i partii surowca. Przed u\u017cyciem wstrz\u0105sn\u0105\u0107.<br \/>\nOsad jest zjawiskiem naturalnym.<\/p>\n<p><strong>ZALECANE WARUNKI PRZECHOWYWANIA<\/strong><br \/>\nPrzechowywa\u0107 w ch\u0142odnym i zacienionym miejscu. Po otwarciu przechowywa\u0107 w lod\u00f3wce.<\/p>","protected":false},"excerpt":{"rendered":"<p>Opis Produktu SYROP JARZ\u0118BINOWY BEZGLUTENOWY 355 g (280 ml) &#8211; KROKUS Sok\u00a0z owoc\u00f3w\u00a0jarz\u0119biny\u00a0stanowi wsparcie dla dr\u00f3g moczowych, wspiera trawienie i uk\u0142ad pokarmowy, a tak\u017ce serce i uk\u0142ad krwiono\u015bny. Dzi\u0119ki zawarto\u015bci wielu witamin wspomaga uzupe\u0142nienie niedobor\u00f3w witaminowych i leczenie anemii. Syrop produkowany\u00a0 metod\u0105 naszych bab\u0107, to znaczy \u015bwie\u017ce owoce zasypywane s\u0105\u00a0 cukrem a kiedy puszcz\u0105 sok [&hellip;]<\/p>","protected":false},"featured_media":950,"template":"","meta":{"site-sidebar-layout":"default","site-content-layout":"","ast-site-content-layout":"default","site-content-style":"default","site-sidebar-style":"default","ast-global-header-display":"","ast-banner-title-visibility":"","ast-main-header-display":"","ast-hfb-above-header-display":"","ast-hfb-below-header-display":"","ast-hfb-mobile-header-display":"","site-post-title":"","ast-breadcrumbs-content":"","ast-featured-img":"","footer-sml-layout":"","theme-transparent-header-meta":"default","adv-header-id-meta":"","stick-header-meta":"","header-above-stick-meta":"","header-main-stick-meta":"","header-below-stick-meta":"","astra-migrate-meta-layouts":"set","ast-page-background-enabled":"default","ast-page-background-meta":{"desktop":{"background-color":"var(--ast-global-color-4)","background-image":"","background-repeat":"repeat","background-position":"center center","background-size":"auto","background-attachment":"scroll","background-type":"","background-media":"","overlay-type":"","overlay-color":"","overlay-opacity":"","overlay-gradient":""},"tablet":{"background-color":"","background-image":"","background-repeat":"repeat","background-position":"center center","background-size":"auto","background-attachment":"scroll","background-type":"","background-media":"","overlay-type":"","overlay-color":"","overlay-opacity":"","overlay-gradient":""},"mobile":{"background-color":"","background-image":"","background-repeat":"repeat","background-position":"center center","background-size":"auto","background-attachment":"scroll","background-type":"","background-media":"","overlay-type":"","overlay-color":"","overlay-opacity":"","overlay-gradient":""}},"ast-content-background-meta":{"desktop":{"background-color":"var(--ast-global-color-5)","background-image":"","background-repeat":"repeat","background-position":"center center","background-size":"auto","background-attachment":"scroll","background-type":"","background-media":"","overlay-type":"","overlay-color":"","overlay-opacity":"","overlay-gradient":""},"tablet":{"background-color":"var(--ast-global-color-5)","background-image":"","background-repeat":"repeat","background-position":"center center","background-size":"auto","background-attachment":"scroll","background-type":"","background-media":"","overlay-type":"","overlay-color":"","overlay-opacity":"","overlay-gradient":""},"mobile":{"background-color":"var(--ast-global-color-5)","background-image":"","background-repeat":"repeat","background-position":"center center","background-size":"auto","background-attachment":"scroll","background-type":"","background-media":"","overlay-type":"","overlay-color":"","overlay-opacity":"","overlay-gradient":""}}},"product_cat":[69,62],"product_tag":[34],"class_list":{"0":"post-897","1":"product","2":"type-product","3":"status-publish","4":"has-post-thumbnail","6":"product_cat-smakowe","7":"product_cat-soki-2","8":"product_tag-etykieta-eko","9":"desktop-align-center","10":"tablet-align-left","11":"mobile-align-left","13":"first","14":"instock","15":"purchasable","16":"product-type-simple"},"_links":{"self":[{"href":"https:\/\/los-odpowiedzialni-spolecznie.pl\/en\/wp-json\/wp\/v2\/product\/897","targetHints":{"allow":["GET"]}}],"collection":[{"href":"https:\/\/los-odpowiedzialni-spolecznie.pl\/en\/wp-json\/wp\/v2\/product"}],"about":[{"href":"https:\/\/los-odpowiedzialni-spolecznie.pl\/en\/wp-json\/wp\/v2\/types\/product"}],"wp:featuredmedia":[{"embeddable":true,"href":"https:\/\/los-odpowiedzialni-spolecznie.pl\/en\/wp-json\/wp\/v2\/media\/950"}],"wp:attachment":[{"href":"https:\/\/los-odpowiedzialni-spolecznie.pl\/en\/wp-json\/wp\/v2\/media?parent=897"}],"wp:term":[{"taxonomy":"product_cat","embeddable":true,"href":"https:\/\/los-odpowiedzialni-spolecznie.pl\/en\/wp-json\/wp\/v2\/product_cat?post=897"},{"taxonomy":"product_tag","embeddable":true,"href":"https:\/\/los-odpowiedzialni-spolecznie.pl\/en\/wp-json\/wp\/v2\/product_tag?post=897"}],"curies":[{"name":"wp","href":"https:\/\/api.w.org\/{rel}","templated":true}]}}