{"id":894,"date":"2024-12-23T16:01:39","date_gmt":"2024-12-23T15:01:39","guid":{"rendered":"https:\/\/los-odpowiedzialni-spolecznie.pl\/?post_type=product&#038;p=894"},"modified":"2024-12-23T16:04:55","modified_gmt":"2024-12-23T15:04:55","slug":"syrop-daktylowy-bezglutenowy-bio-250-ml-340-g-bio-planet","status":"publish","type":"product","link":"https:\/\/los-odpowiedzialni-spolecznie.pl\/en\/sklep\/produkty-spozywcze\/syropy\/smakowe-syropy\/syrop-daktylowy-bezglutenowy-bio-250-ml-340-g-bio-planet\/","title":{"rendered":"SYROP DAKTYLOWY BEZGLUTENOWY BIO 250 ml (340 g) &#8211; BIO PLANET"},"content":{"rendered":"<h3>Opis Produktu<\/h3>\n<p><strong>SYROP DAKTYLOWY BEZGLUTENOWY BIO 250 ml (340 g) &#8211; BIO PLANET<\/strong><\/p>\n<p>Ekologiczny syrop z daktyli polecamy do wypiek\u00f3w, deser\u00f3w, jako polew\u0119 do lod\u00f3w, gofr\u00f3w, nale\u015bnik\u00f3w, a tak\u017ce do s\u0142odzenia napoj\u00f3w.<\/p>\n<div class=\"co8aDb\" role=\"heading\"><b>\u00a0W\u0142a\u015bciwo\u015bci Syropu Daktylowego<\/b><\/div>\n<div class=\"RqBzHd\">\n<ul class=\"i8Z77e\">\n<li class=\"TrT0Xe\">zapewnia wsparcie dla uk\u0142adu odporno\u015bciowego,<\/li>\n<li class=\"TrT0Xe\">wspomaga przemian\u0119 materii,<\/li>\n<li class=\"TrT0Xe\">dzia\u0142a korzystnie na prac\u0119 serca oraz uk\u0142ad nerwowy,<\/li>\n<li class=\"TrT0Xe\">spowalnia procesy starzenia,<\/li>\n<li class=\"TrT0Xe\">dodaje energii.<\/li>\n<\/ul>\n<\/div>\n<p><strong>SK\u0141ADNIKI<\/strong><br \/>\ndaktyle suszone* (76 %), woda (*certyfikowany sk\u0142adnik ekologiczny)<\/p>\n<p><strong>WARTO\u015a\u0106 OD\u017bYWCZA W 100 ml<\/strong><br \/>\n<strong>Warto\u015b\u0107 energetyczna &#8211; 1625 kJ \/ 382 kcal<\/strong><br \/>\n<strong>T\u0142uszcz<\/strong> &#8211; &lt;0,5 g,<br \/>\n<strong>w tym kwasy t\u0142uszczowe nasycone<\/strong> &#8211; &lt;0,5 g,<br \/>\n<strong>W\u0119glowodany<\/strong> &#8211; 92 g,<br \/>\n<strong>w tym cukry<\/strong> &#8211; 85 g<br \/>\n<strong>Bia\u0142ko<\/strong> &#8211; 2,0 g<br \/>\n<strong>S\u00f3l &#8211;<\/strong> 0,02 g<\/p>\n<p><strong>ZALECANE WARUNKI PRZECHOWYWANIA<\/strong><br \/>\nPrzechowywa\u0107 w suchym i ch\u0142odnym miejscu.<\/p>\n<p>Pojemno\u015b\u0107 250ml<\/p>","protected":false},"excerpt":{"rendered":"<p>Opis Produktu SYROP DAKTYLOWY BEZGLUTENOWY BIO 250 ml (340 g) &#8211; BIO PLANET Ekologiczny syrop z daktyli polecamy do wypiek\u00f3w, deser\u00f3w, jako polew\u0119 do lod\u00f3w, gofr\u00f3w, nale\u015bnik\u00f3w, a tak\u017ce do s\u0142odzenia napoj\u00f3w. \u00a0W\u0142a\u015bciwo\u015bci Syropu Daktylowego zapewnia wsparcie dla uk\u0142adu odporno\u015bciowego, wspomaga przemian\u0119 materii, dzia\u0142a korzystnie na prac\u0119 serca oraz uk\u0142ad nerwowy, spowalnia procesy starzenia, dodaje [&hellip;]<\/p>","protected":false},"featured_media":949,"template":"","meta":{"site-sidebar-layout":"default","site-content-layout":"","ast-site-content-layout":"default","site-content-style":"default","site-sidebar-style":"default","ast-global-header-display":"","ast-banner-title-visibility":"","ast-main-header-display":"","ast-hfb-above-header-display":"","ast-hfb-below-header-display":"","ast-hfb-mobile-header-display":"","site-post-title":"","ast-breadcrumbs-content":"","ast-featured-img":"","footer-sml-layout":"","theme-transparent-header-meta":"default","adv-header-id-meta":"","stick-header-meta":"","header-above-stick-meta":"","header-main-stick-meta":"","header-below-stick-meta":"","astra-migrate-meta-layouts":"set","ast-page-background-enabled":"default","ast-page-background-meta":{"desktop":{"background-color":"var(--ast-global-color-4)","background-image":"","background-repeat":"repeat","background-position":"center center","background-size":"auto","background-attachment":"scroll","background-type":"","background-media":"","overlay-type":"","overlay-color":"","overlay-opacity":"","overlay-gradient":""},"tablet":{"background-color":"","background-image":"","background-repeat":"repeat","background-position":"center center","background-size":"auto","background-attachment":"scroll","background-type":"","background-media":"","overlay-type":"","overlay-color":"","overlay-opacity":"","overlay-gradient":""},"mobile":{"background-color":"","background-image":"","background-repeat":"repeat","background-position":"center center","background-size":"auto","background-attachment":"scroll","background-type":"","background-media":"","overlay-type":"","overlay-color":"","overlay-opacity":"","overlay-gradient":""}},"ast-content-background-meta":{"desktop":{"background-color":"var(--ast-global-color-5)","background-image":"","background-repeat":"repeat","background-position":"center center","background-size":"auto","background-attachment":"scroll","background-type":"","background-media":"","overlay-type":"","overlay-color":"","overlay-opacity":"","overlay-gradient":""},"tablet":{"background-color":"var(--ast-global-color-5)","background-image":"","background-repeat":"repeat","background-position":"center center","background-size":"auto","background-attachment":"scroll","background-type":"","background-media":"","overlay-type":"","overlay-color":"","overlay-opacity":"","overlay-gradient":""},"mobile":{"background-color":"var(--ast-global-color-5)","background-image":"","background-repeat":"repeat","background-position":"center center","background-size":"auto","background-attachment":"scroll","background-type":"","background-media":"","overlay-type":"","overlay-color":"","overlay-opacity":"","overlay-gradient":""}}},"product_cat":[98,97,89],"product_tag":[34],"class_list":{"0":"post-894","1":"product","2":"type-product","3":"status-publish","4":"has-post-thumbnail","6":"product_cat-smakowe-syropy","7":"product_cat-syropy","8":"product_cat-produkty-slodzace","9":"product_tag-etykieta-eko","10":"desktop-align-center","11":"tablet-align-left","12":"mobile-align-left","14":"first","15":"onbackorder","16":"purchasable","17":"product-type-simple"},"_links":{"self":[{"href":"https:\/\/los-odpowiedzialni-spolecznie.pl\/en\/wp-json\/wp\/v2\/product\/894","targetHints":{"allow":["GET"]}}],"collection":[{"href":"https:\/\/los-odpowiedzialni-spolecznie.pl\/en\/wp-json\/wp\/v2\/product"}],"about":[{"href":"https:\/\/los-odpowiedzialni-spolecznie.pl\/en\/wp-json\/wp\/v2\/types\/product"}],"wp:featuredmedia":[{"embeddable":true,"href":"https:\/\/los-odpowiedzialni-spolecznie.pl\/en\/wp-json\/wp\/v2\/media\/949"}],"wp:attachment":[{"href":"https:\/\/los-odpowiedzialni-spolecznie.pl\/en\/wp-json\/wp\/v2\/media?parent=894"}],"wp:term":[{"taxonomy":"product_cat","embeddable":true,"href":"https:\/\/los-odpowiedzialni-spolecznie.pl\/en\/wp-json\/wp\/v2\/product_cat?post=894"},{"taxonomy":"product_tag","embeddable":true,"href":"https:\/\/los-odpowiedzialni-spolecznie.pl\/en\/wp-json\/wp\/v2\/product_tag?post=894"}],"curies":[{"name":"wp","href":"https:\/\/api.w.org\/{rel}","templated":true}]}}