{"id":893,"date":"2024-12-23T16:01:39","date_gmt":"2024-12-23T15:01:39","guid":{"rendered":"https:\/\/los-odpowiedzialni-spolecznie.pl\/?post_type=product&#038;p=893"},"modified":"2024-12-23T16:04:52","modified_gmt":"2024-12-23T15:04:52","slug":"syrop-z-agawy-ciemny-bezglutenowy-bio-350-g-250-ml-bio-planet","status":"publish","type":"product","link":"https:\/\/los-odpowiedzialni-spolecznie.pl\/en\/sklep\/produkty-spozywcze\/produkty-slodzace\/syrop-z-agawy-ciemny-bezglutenowy-bio-350-g-250-ml-bio-planet\/","title":{"rendered":"SYROP Z AGAWY CIEMNY BEZGLUTENOWY BIO 350 g (250 ml) &#8211; BIO PLANET"},"content":{"rendered":"<h3>Opis Produktu<\/h3>\n<p><strong>SYROP Z AGAWY CIEMNY BEZGLUTENOWY BIO 350 g (250 ml) &#8211; BIO PLANET<\/strong><\/p>\n<p>Ekologiczny syrop z agawy ciemny jest doskona\u0142\u0105 alternatyw\u0105 dla tradycyjnych substancji s\u0142odz\u0105cych. Powstaje z zag\u0119szczonego soku z agawy. Wykazuje si\u0119 du\u017c\u0105 rozpuszczalno\u015bci\u0105. Polecamy do wypiek\u00f3w, deser\u00f3w, jako polew\u0119 do lod\u00f3w, gofr\u00f3w, czy nale\u015bnik\u00f3w. Doskonale nadaje si\u0119 r\u00f3wnie\u017c do s\u0142odzenia napoj\u00f3w.<\/p>\n<p><strong>SK\u0141ADNIKI<\/strong><br \/>\nsyrop z agawy ciemny* 100 % (*certyfikowany sk\u0142adnik ekologiczny)<\/p>\n<p><strong>WARTO\u015a\u0106 OD\u017bYWCZA W 100 g<\/strong><br \/>\n<strong>Warto\u015b\u0107 energetyczna 1260 kJ \/ 297 kcal<\/strong><br \/>\n<strong>T\u0142uszcz<\/strong> &#8211; 0 g<br \/>\n<strong>w tym kwasy t\u0142uszczowe nasycone<\/strong> &#8211; 0 g<br \/>\n<strong>W\u0119glowodany<\/strong> &#8211; 71 g<br \/>\n<strong>w tym cukry<\/strong> &#8211; 71 g<br \/>\n<strong>Bia\u0142ko &#8211;<\/strong> 0 g<br \/>\n<strong>S\u00f3l<\/strong> &#8211; 0,06 g<\/p>\n<p><strong>ZALECANE WARUNKI PRZECHOWYWANIA<\/strong><br \/>\nPrzechowywa\u0107 w suchym i ch\u0142odnym miejscu.<\/p>\n<p>&nbsp;<\/p>","protected":false},"excerpt":{"rendered":"<p>Opis Produktu SYROP Z AGAWY CIEMNY BEZGLUTENOWY BIO 350 g (250 ml) &#8211; BIO PLANET Ekologiczny syrop z agawy ciemny jest doskona\u0142\u0105 alternatyw\u0105 dla tradycyjnych substancji s\u0142odz\u0105cych. Powstaje z zag\u0119szczonego soku z agawy. Wykazuje si\u0119 du\u017c\u0105 rozpuszczalno\u015bci\u0105. Polecamy do wypiek\u00f3w, deser\u00f3w, jako polew\u0119 do lod\u00f3w, gofr\u00f3w, czy nale\u015bnik\u00f3w. Doskonale nadaje si\u0119 r\u00f3wnie\u017c do s\u0142odzenia napoj\u00f3w. [&hellip;]<\/p>","protected":false},"featured_media":948,"template":"","meta":{"site-sidebar-layout":"default","site-content-layout":"","ast-site-content-layout":"default","site-content-style":"default","site-sidebar-style":"default","ast-global-header-display":"","ast-banner-title-visibility":"","ast-main-header-display":"","ast-hfb-above-header-display":"","ast-hfb-below-header-display":"","ast-hfb-mobile-header-display":"","site-post-title":"","ast-breadcrumbs-content":"","ast-featured-img":"","footer-sml-layout":"","theme-transparent-header-meta":"default","adv-header-id-meta":"","stick-header-meta":"","header-above-stick-meta":"","header-main-stick-meta":"","header-below-stick-meta":"","astra-migrate-meta-layouts":"set","ast-page-background-enabled":"default","ast-page-background-meta":{"desktop":{"background-color":"var(--ast-global-color-4)","background-image":"","background-repeat":"repeat","background-position":"center center","background-size":"auto","background-attachment":"scroll","background-type":"","background-media":"","overlay-type":"","overlay-color":"","overlay-opacity":"","overlay-gradient":""},"tablet":{"background-color":"","background-image":"","background-repeat":"repeat","background-position":"center center","background-size":"auto","background-attachment":"scroll","background-type":"","background-media":"","overlay-type":"","overlay-color":"","overlay-opacity":"","overlay-gradient":""},"mobile":{"background-color":"","background-image":"","background-repeat":"repeat","background-position":"center center","background-size":"auto","background-attachment":"scroll","background-type":"","background-media":"","overlay-type":"","overlay-color":"","overlay-opacity":"","overlay-gradient":""}},"ast-content-background-meta":{"desktop":{"background-color":"var(--ast-global-color-5)","background-image":"","background-repeat":"repeat","background-position":"center center","background-size":"auto","background-attachment":"scroll","background-type":"","background-media":"","overlay-type":"","overlay-color":"","overlay-opacity":"","overlay-gradient":""},"tablet":{"background-color":"var(--ast-global-color-5)","background-image":"","background-repeat":"repeat","background-position":"center center","background-size":"auto","background-attachment":"scroll","background-type":"","background-media":"","overlay-type":"","overlay-color":"","overlay-opacity":"","overlay-gradient":""},"mobile":{"background-color":"var(--ast-global-color-5)","background-image":"","background-repeat":"repeat","background-position":"center center","background-size":"auto","background-attachment":"scroll","background-type":"","background-media":"","overlay-type":"","overlay-color":"","overlay-opacity":"","overlay-gradient":""}}},"product_cat":[97,89],"product_tag":[34],"class_list":{"0":"post-893","1":"product","2":"type-product","3":"status-publish","4":"has-post-thumbnail","6":"product_cat-syropy","7":"product_cat-produkty-slodzace","8":"product_tag-etykieta-eko","9":"desktop-align-center","10":"tablet-align-left","11":"mobile-align-left","13":"first","14":"onbackorder","15":"purchasable","16":"product-type-simple"},"_links":{"self":[{"href":"https:\/\/los-odpowiedzialni-spolecznie.pl\/en\/wp-json\/wp\/v2\/product\/893","targetHints":{"allow":["GET"]}}],"collection":[{"href":"https:\/\/los-odpowiedzialni-spolecznie.pl\/en\/wp-json\/wp\/v2\/product"}],"about":[{"href":"https:\/\/los-odpowiedzialni-spolecznie.pl\/en\/wp-json\/wp\/v2\/types\/product"}],"wp:featuredmedia":[{"embeddable":true,"href":"https:\/\/los-odpowiedzialni-spolecznie.pl\/en\/wp-json\/wp\/v2\/media\/948"}],"wp:attachment":[{"href":"https:\/\/los-odpowiedzialni-spolecznie.pl\/en\/wp-json\/wp\/v2\/media?parent=893"}],"wp:term":[{"taxonomy":"product_cat","embeddable":true,"href":"https:\/\/los-odpowiedzialni-spolecznie.pl\/en\/wp-json\/wp\/v2\/product_cat?post=893"},{"taxonomy":"product_tag","embeddable":true,"href":"https:\/\/los-odpowiedzialni-spolecznie.pl\/en\/wp-json\/wp\/v2\/product_tag?post=893"}],"curies":[{"name":"wp","href":"https:\/\/api.w.org\/{rel}","templated":true}]}}