{"id":889,"date":"2024-12-23T16:00:58","date_gmt":"2024-12-23T15:00:58","guid":{"rendered":"https:\/\/los-odpowiedzialni-spolecznie.pl\/?post_type=product&#038;p=889"},"modified":"2024-12-23T16:04:36","modified_gmt":"2024-12-23T15:04:36","slug":"syrop-kokosowy-bio-300-g-250-ml-bio-planet","status":"publish","type":"product","link":"https:\/\/los-odpowiedzialni-spolecznie.pl\/en\/sklep\/produkty-spozywcze\/syropy\/smakowe-syropy\/syrop-kokosowy-bio-300-g-250-ml-bio-planet\/","title":{"rendered":"SYROP KOKOSOWY BIO 300 g (250 ml) &#8211; BIO PLANET"},"content":{"rendered":"<h3>Opis Produktu<\/h3>\n<p><strong>SYROP KOKOSOWY BIO 300 g (250 ml) &#8211; BIO PLANET<\/strong><\/p>\n<p>Syrop jest doskona\u0142\u0105 alternatyw\u0105 dla tradycyjnych substancji s\u0142odz\u0105cych. Charakteryzuje si\u0119 karmelowym smakiem i aromatem oraz g\u0119st\u0105 konsystencj\u0105.<\/p>\n<p><strong><span class=\"d9FyLd\">W\u0142a\u015bciwo\u015bci syropu kokosowego<\/span><\/strong><\/p>\n<p><span class=\"hgKElc\"><b>Zawiera cenne przeciwutleniacze, kt\u00f3re eliminuj\u0105 z organizmu wolne rodniki<\/b>. Syrop kokosowy zawiera b\u0142onnik, kt\u00f3ry poprawia prace jelit i wspiera odchudzanie. Dostarcza organizmowi tak\u017ce mikroelementy jak magnez, potas, fosfor, wap\u0144.<\/span><\/p>\n<p><strong>SK\u0141ADNIKI<\/strong><br \/>\ncukier kokosowy* uzyskiwany z p\u0105k\u00f3w kwiatowych palmy kokosowej, woda (*certyfikowany sk\u0142adnik ekologiczny)<\/p>\n<p><strong>WARTO\u015a\u0106 OD\u017bYWCZA W 100 ml<\/strong><br \/>\n<strong>Warto\u015b\u0107 energetyczna &#8211; 1330 kJ \/ 313 kcal<\/strong><br \/>\n<strong>T\u0142uszcz<\/strong> &#8211; 0,1 g<br \/>\n<strong>w tym kwasy t\u0142uszczowe nasycone<\/strong> &#8211; 0 g<br \/>\n<strong>W\u0119glowodany<\/strong> &#8211; 78 g<br \/>\n<strong>w tym cukry<\/strong> &#8211; 78 g<br \/>\n<strong>Bia\u0142ko<\/strong> &#8211; 0 g<br \/>\n<strong>S\u00f3l &#8211;<\/strong> 0,13 g<\/p>\n<p><strong>ZALECANE WARUNKI PRZECHOWYWANIA<\/strong><\/p>\n<p>Przechowywa\u0107 w suchym i ch\u0142odnym miejscu.<\/p>\n<p>Pojemno\u015b\u0107 250ml<\/p>","protected":false},"excerpt":{"rendered":"<p>Opis Produktu SYROP KOKOSOWY BIO 300 g (250 ml) &#8211; BIO PLANET Syrop jest doskona\u0142\u0105 alternatyw\u0105 dla tradycyjnych substancji s\u0142odz\u0105cych. Charakteryzuje si\u0119 karmelowym smakiem i aromatem oraz g\u0119st\u0105 konsystencj\u0105. W\u0142a\u015bciwo\u015bci syropu kokosowego Zawiera cenne przeciwutleniacze, kt\u00f3re eliminuj\u0105 z organizmu wolne rodniki. Syrop kokosowy zawiera b\u0142onnik, kt\u00f3ry poprawia prace jelit i wspiera odchudzanie. Dostarcza organizmowi tak\u017ce [&hellip;]<\/p>","protected":false},"featured_media":942,"template":"","meta":{"site-sidebar-layout":"default","site-content-layout":"","ast-site-content-layout":"default","site-content-style":"default","site-sidebar-style":"default","ast-global-header-display":"","ast-banner-title-visibility":"","ast-main-header-display":"","ast-hfb-above-header-display":"","ast-hfb-below-header-display":"","ast-hfb-mobile-header-display":"","site-post-title":"","ast-breadcrumbs-content":"","ast-featured-img":"","footer-sml-layout":"","theme-transparent-header-meta":"default","adv-header-id-meta":"","stick-header-meta":"","header-above-stick-meta":"","header-main-stick-meta":"","header-below-stick-meta":"","astra-migrate-meta-layouts":"set","ast-page-background-enabled":"default","ast-page-background-meta":{"desktop":{"background-color":"var(--ast-global-color-4)","background-image":"","background-repeat":"repeat","background-position":"center center","background-size":"auto","background-attachment":"scroll","background-type":"","background-media":"","overlay-type":"","overlay-color":"","overlay-opacity":"","overlay-gradient":""},"tablet":{"background-color":"","background-image":"","background-repeat":"repeat","background-position":"center center","background-size":"auto","background-attachment":"scroll","background-type":"","background-media":"","overlay-type":"","overlay-color":"","overlay-opacity":"","overlay-gradient":""},"mobile":{"background-color":"","background-image":"","background-repeat":"repeat","background-position":"center center","background-size":"auto","background-attachment":"scroll","background-type":"","background-media":"","overlay-type":"","overlay-color":"","overlay-opacity":"","overlay-gradient":""}},"ast-content-background-meta":{"desktop":{"background-color":"var(--ast-global-color-5)","background-image":"","background-repeat":"repeat","background-position":"center center","background-size":"auto","background-attachment":"scroll","background-type":"","background-media":"","overlay-type":"","overlay-color":"","overlay-opacity":"","overlay-gradient":""},"tablet":{"background-color":"var(--ast-global-color-5)","background-image":"","background-repeat":"repeat","background-position":"center center","background-size":"auto","background-attachment":"scroll","background-type":"","background-media":"","overlay-type":"","overlay-color":"","overlay-opacity":"","overlay-gradient":""},"mobile":{"background-color":"var(--ast-global-color-5)","background-image":"","background-repeat":"repeat","background-position":"center center","background-size":"auto","background-attachment":"scroll","background-type":"","background-media":"","overlay-type":"","overlay-color":"","overlay-opacity":"","overlay-gradient":""}}},"product_cat":[98,97,89],"product_tag":[34],"class_list":{"0":"post-889","1":"product","2":"type-product","3":"status-publish","4":"has-post-thumbnail","6":"product_cat-smakowe-syropy","7":"product_cat-syropy","8":"product_cat-produkty-slodzace","9":"product_tag-etykieta-eko","10":"desktop-align-center","11":"tablet-align-left","12":"mobile-align-left","14":"first","15":"onbackorder","16":"purchasable","17":"product-type-simple"},"_links":{"self":[{"href":"https:\/\/los-odpowiedzialni-spolecznie.pl\/en\/wp-json\/wp\/v2\/product\/889","targetHints":{"allow":["GET"]}}],"collection":[{"href":"https:\/\/los-odpowiedzialni-spolecznie.pl\/en\/wp-json\/wp\/v2\/product"}],"about":[{"href":"https:\/\/los-odpowiedzialni-spolecznie.pl\/en\/wp-json\/wp\/v2\/types\/product"}],"wp:featuredmedia":[{"embeddable":true,"href":"https:\/\/los-odpowiedzialni-spolecznie.pl\/en\/wp-json\/wp\/v2\/media\/942"}],"wp:attachment":[{"href":"https:\/\/los-odpowiedzialni-spolecznie.pl\/en\/wp-json\/wp\/v2\/media?parent=889"}],"wp:term":[{"taxonomy":"product_cat","embeddable":true,"href":"https:\/\/los-odpowiedzialni-spolecznie.pl\/en\/wp-json\/wp\/v2\/product_cat?post=889"},{"taxonomy":"product_tag","embeddable":true,"href":"https:\/\/los-odpowiedzialni-spolecznie.pl\/en\/wp-json\/wp\/v2\/product_tag?post=889"}],"curies":[{"name":"wp","href":"https:\/\/api.w.org\/{rel}","templated":true}]}}