{"id":885,"date":"2024-12-23T16:00:18","date_gmt":"2024-12-23T15:00:18","guid":{"rendered":"https:\/\/los-odpowiedzialni-spolecznie.pl\/?post_type=product&#038;p=885"},"modified":"2024-12-23T16:04:24","modified_gmt":"2024-12-23T15:04:24","slug":"syrop-klonowy-a-bezglutenowy-bio-250-ml-330-g-bio-planet","status":"publish","type":"product","link":"https:\/\/los-odpowiedzialni-spolecznie.pl\/en\/sklep\/produkty-spozywcze\/syropy\/smakowe-syropy\/syrop-klonowy-a-bezglutenowy-bio-250-ml-330-g-bio-planet\/","title":{"rendered":"SYROP KLONOWY A BEZGLUTENOWY BIO 250 ml (330 g) &#8211; BIO PLANET"},"content":{"rendered":"<h3>Opis Produktu<\/h3>\n<p><strong>SYROP KLONOWY A BEZGLUTENOWY BIO 250 ml (330 g) &#8211; BIO PLANET<\/strong><\/p>\n<div class=\"co8aDb\" role=\"heading\"><b>W\u0142a\u015bciwo\u015bci Syropu Klonowego<\/b><\/div>\n<div class=\"RqBzHd\">\n<ul class=\"i8Z77e\">\n<li class=\"TrT0Xe\">poprawia odporno\u015b\u0107,<\/li>\n<li class=\"TrT0Xe\">wspomaga ochron\u0119 przed nowotworami,<\/li>\n<li class=\"TrT0Xe\">poprawia stan sk\u00f3ry,<\/li>\n<li class=\"TrT0Xe\">wspomaga prac\u0119 m\u00f3zgu,<\/li>\n<li class=\"TrT0Xe\">poprawia przemian\u0119 materii,<\/li>\n<li class=\"TrT0Xe\">wspomaga odchudzanie,<\/li>\n<li class=\"TrT0Xe\">wspomaga w\u0105trob\u0119,<\/li>\n<li class=\"TrT0Xe\">obni\u017ca poziom cholesterolu.<\/li>\n<\/ul>\n<\/div>\n<p><strong>SK\u0141ADNIKI<\/strong><br \/>\nekologiczny syrop klonowy 100 %<\/p>\n<p><strong>WARTO\u015a\u0106 OD\u017bYWCZA w 100 ml:<\/strong><br \/>\n<strong>Warto\u015b\u0107 energetyczna: 1527 kJ\/365 kcal<\/strong><br \/>\n<strong>T\u0142uszcz:<\/strong> 0,2 g<br \/>\n<strong>w tym kwasy t\u0142uszczowe nasycone:<\/strong> 0 g<br \/>\n<strong>W\u0119glowodany:<\/strong> 91 g<br \/>\n<strong>w tym cukry:<\/strong> 79 g<br \/>\n<strong>Bia\u0142ko:<\/strong> 0 g<br \/>\n<strong>S\u00f3l:<\/strong> 0,04 g<\/p>\n<p><strong>ZALECANE WARUNKI PRZECHOWYWANIA<\/strong><br \/>\nPrzechowywa\u0107 w suchym i ch\u0142odnym miejscu. Po otwarciu przechowywa\u0107 w lod\u00f3wce.<\/p>\n<p>Pojemno\u015b\u0107 250ml<\/p>","protected":false},"excerpt":{"rendered":"<p>Opis Produktu SYROP KLONOWY A BEZGLUTENOWY BIO 250 ml (330 g) &#8211; BIO PLANET W\u0142a\u015bciwo\u015bci Syropu Klonowego poprawia odporno\u015b\u0107, wspomaga ochron\u0119 przed nowotworami, poprawia stan sk\u00f3ry, wspomaga prac\u0119 m\u00f3zgu, poprawia przemian\u0119 materii, wspomaga odchudzanie, wspomaga w\u0105trob\u0119, obni\u017ca poziom cholesterolu. SK\u0141ADNIKI ekologiczny syrop klonowy 100 % WARTO\u015a\u0106 OD\u017bYWCZA w 100 ml: Warto\u015b\u0107 energetyczna: 1527 kJ\/365 kcal [&hellip;]<\/p>","protected":false},"featured_media":940,"template":"","meta":{"site-sidebar-layout":"default","site-content-layout":"","ast-site-content-layout":"default","site-content-style":"default","site-sidebar-style":"default","ast-global-header-display":"","ast-banner-title-visibility":"","ast-main-header-display":"","ast-hfb-above-header-display":"","ast-hfb-below-header-display":"","ast-hfb-mobile-header-display":"","site-post-title":"","ast-breadcrumbs-content":"","ast-featured-img":"","footer-sml-layout":"","theme-transparent-header-meta":"default","adv-header-id-meta":"","stick-header-meta":"","header-above-stick-meta":"","header-main-stick-meta":"","header-below-stick-meta":"","astra-migrate-meta-layouts":"set","ast-page-background-enabled":"default","ast-page-background-meta":{"desktop":{"background-color":"var(--ast-global-color-4)","background-image":"","background-repeat":"repeat","background-position":"center center","background-size":"auto","background-attachment":"scroll","background-type":"","background-media":"","overlay-type":"","overlay-color":"","overlay-opacity":"","overlay-gradient":""},"tablet":{"background-color":"","background-image":"","background-repeat":"repeat","background-position":"center center","background-size":"auto","background-attachment":"scroll","background-type":"","background-media":"","overlay-type":"","overlay-color":"","overlay-opacity":"","overlay-gradient":""},"mobile":{"background-color":"","background-image":"","background-repeat":"repeat","background-position":"center center","background-size":"auto","background-attachment":"scroll","background-type":"","background-media":"","overlay-type":"","overlay-color":"","overlay-opacity":"","overlay-gradient":""}},"ast-content-background-meta":{"desktop":{"background-color":"var(--ast-global-color-5)","background-image":"","background-repeat":"repeat","background-position":"center center","background-size":"auto","background-attachment":"scroll","background-type":"","background-media":"","overlay-type":"","overlay-color":"","overlay-opacity":"","overlay-gradient":""},"tablet":{"background-color":"var(--ast-global-color-5)","background-image":"","background-repeat":"repeat","background-position":"center center","background-size":"auto","background-attachment":"scroll","background-type":"","background-media":"","overlay-type":"","overlay-color":"","overlay-opacity":"","overlay-gradient":""},"mobile":{"background-color":"var(--ast-global-color-5)","background-image":"","background-repeat":"repeat","background-position":"center center","background-size":"auto","background-attachment":"scroll","background-type":"","background-media":"","overlay-type":"","overlay-color":"","overlay-opacity":"","overlay-gradient":""}}},"product_cat":[98,97,89],"product_tag":[34],"class_list":{"0":"post-885","1":"product","2":"type-product","3":"status-publish","4":"has-post-thumbnail","6":"product_cat-smakowe-syropy","7":"product_cat-syropy","8":"product_cat-produkty-slodzace","9":"product_tag-etykieta-eko","10":"desktop-align-center","11":"tablet-align-left","12":"mobile-align-left","14":"first","15":"instock","16":"purchasable","17":"product-type-simple"},"_links":{"self":[{"href":"https:\/\/los-odpowiedzialni-spolecznie.pl\/en\/wp-json\/wp\/v2\/product\/885","targetHints":{"allow":["GET"]}}],"collection":[{"href":"https:\/\/los-odpowiedzialni-spolecznie.pl\/en\/wp-json\/wp\/v2\/product"}],"about":[{"href":"https:\/\/los-odpowiedzialni-spolecznie.pl\/en\/wp-json\/wp\/v2\/types\/product"}],"wp:featuredmedia":[{"embeddable":true,"href":"https:\/\/los-odpowiedzialni-spolecznie.pl\/en\/wp-json\/wp\/v2\/media\/940"}],"wp:attachment":[{"href":"https:\/\/los-odpowiedzialni-spolecznie.pl\/en\/wp-json\/wp\/v2\/media?parent=885"}],"wp:term":[{"taxonomy":"product_cat","embeddable":true,"href":"https:\/\/los-odpowiedzialni-spolecznie.pl\/en\/wp-json\/wp\/v2\/product_cat?post=885"},{"taxonomy":"product_tag","embeddable":true,"href":"https:\/\/los-odpowiedzialni-spolecznie.pl\/en\/wp-json\/wp\/v2\/product_tag?post=885"}],"curies":[{"name":"wp","href":"https:\/\/api.w.org\/{rel}","templated":true}]}}