{"id":882,"date":"2024-12-23T15:59:49","date_gmt":"2024-12-23T14:59:49","guid":{"rendered":"https:\/\/los-odpowiedzialni-spolecznie.pl\/?post_type=product&#038;p=882"},"modified":"2024-12-23T16:04:18","modified_gmt":"2024-12-23T15:04:18","slug":"napoj-owsiany-bez-dodatku-cukrow-bio-1-l-berief","status":"publish","type":"product","link":"https:\/\/los-odpowiedzialni-spolecznie.pl\/en\/sklep\/produkty-spozywcze\/inne-napoje\/napoj-owsiany-bez-dodatku-cukrow-bio-1-l-berief\/","title":{"rendered":"NAP\u00d3J OWSIANY BEZ DODATKU CUKR\u00d3W BIO 1 L &#8211; BERIEF"},"content":{"rendered":"<h3>Opis Produktu<\/h3>\n<p><strong>NAP\u00d3J OWSIANY BEZ DODATKU CUKR\u00d3W BIO 1 L &#8211; BERIEF<\/strong><\/p>\n<p>Pyszny o ka\u017cdej porze dnia, doskona\u0142y dla os\u00f3b, kt\u00f3re chc\u0105 zr\u00f3wnowa\u017cy\u0107 swoj\u0105 diet\u0119 o bia\u0142ka ro\u015blinne, mo\u017ce by\u0107 stosowany w diecie wega\u0144skiej, jak i w przypadku nietolerancji na LAKTOZ\u0118, jako zamiennik MLEKA krowiego.<br \/>\nPodawany na zimno ma \u0142agodny smak o delikatnej nucie s\u0142odyczy.<br \/>\nBez dodatku cukr\u00f3w. Zawiera naturalnie wyst\u0119puj\u0105ce cukry. Naturalnie bez laktozy. Nie podawa\u0107 niemowl\u0119tom.<br \/>\nPrzed ka\u017cdym u\u017cyciem wstrz\u0105sn\u0105\u0107.<\/p>\n<p><strong>SK\u0141ADNIKI<\/strong><br \/>\nwoda pitna, OWIES pe\u0142noziarnisty* (11 %), olej s\u0142onecznikowy*, s\u00f3l morska. (*certyfikowany sk\u0142adnik ekologiczny)<\/p>\n<p><strong>WARTO\u015a\u0106 OD\u017bYWCZA W 100 ml<\/strong><br \/>\n<strong>Warto\u015b\u0107 energetyczna: 168 kJ\/40 kcal<\/strong><br \/>\n<strong>T\u0142uszcz:<\/strong> 1,4 g<br \/>\n<strong>w tym kwasy nasycone:<\/strong> 0,2 g<br \/>\n<strong>W\u0119glowodany:<\/strong> 6,0 g<br \/>\n<strong>w tym cukry:<\/strong> 5,2 g<br \/>\n<strong>Bia\u0142ko:<\/strong> 0,6 g<br \/>\n<strong>S\u00f3l:<\/strong> 0,13 g<\/p>\n<p><strong>ZALECANE WARUNKI PRZECHOWYWANIA<\/strong><br \/>\nPo otwarciu przechowywa\u0107 w lod\u00f3wce i spo\u017cy\u0107 w ci\u0105gu 3 &#8211; 4 dni.<\/p>","protected":false},"excerpt":{"rendered":"<p>Opis Produktu NAP\u00d3J OWSIANY BEZ DODATKU CUKR\u00d3W BIO 1 L &#8211; BERIEF Pyszny o ka\u017cdej porze dnia, doskona\u0142y dla os\u00f3b, kt\u00f3re chc\u0105 zr\u00f3wnowa\u017cy\u0107 swoj\u0105 diet\u0119 o bia\u0142ka ro\u015blinne, mo\u017ce by\u0107 stosowany w diecie wega\u0144skiej, jak i w przypadku nietolerancji na LAKTOZ\u0118, jako zamiennik MLEKA krowiego. Podawany na zimno ma \u0142agodny smak o delikatnej nucie s\u0142odyczy. [&hellip;]<\/p>","protected":false},"featured_media":939,"template":"","meta":{"site-sidebar-layout":"default","site-content-layout":"","ast-site-content-layout":"default","site-content-style":"default","site-sidebar-style":"default","ast-global-header-display":"","ast-banner-title-visibility":"","ast-main-header-display":"","ast-hfb-above-header-display":"","ast-hfb-below-header-display":"","ast-hfb-mobile-header-display":"","site-post-title":"","ast-breadcrumbs-content":"","ast-featured-img":"","footer-sml-layout":"","theme-transparent-header-meta":"default","adv-header-id-meta":"","stick-header-meta":"","header-above-stick-meta":"","header-main-stick-meta":"","header-below-stick-meta":"","astra-migrate-meta-layouts":"set","ast-page-background-enabled":"default","ast-page-background-meta":{"desktop":{"background-color":"var(--ast-global-color-4)","background-image":"","background-repeat":"repeat","background-position":"center center","background-size":"auto","background-attachment":"scroll","background-type":"","background-media":"","overlay-type":"","overlay-color":"","overlay-opacity":"","overlay-gradient":""},"tablet":{"background-color":"","background-image":"","background-repeat":"repeat","background-position":"center center","background-size":"auto","background-attachment":"scroll","background-type":"","background-media":"","overlay-type":"","overlay-color":"","overlay-opacity":"","overlay-gradient":""},"mobile":{"background-color":"","background-image":"","background-repeat":"repeat","background-position":"center center","background-size":"auto","background-attachment":"scroll","background-type":"","background-media":"","overlay-type":"","overlay-color":"","overlay-opacity":"","overlay-gradient":""}},"ast-content-background-meta":{"desktop":{"background-color":"var(--ast-global-color-5)","background-image":"","background-repeat":"repeat","background-position":"center center","background-size":"auto","background-attachment":"scroll","background-type":"","background-media":"","overlay-type":"","overlay-color":"","overlay-opacity":"","overlay-gradient":""},"tablet":{"background-color":"var(--ast-global-color-5)","background-image":"","background-repeat":"repeat","background-position":"center center","background-size":"auto","background-attachment":"scroll","background-type":"","background-media":"","overlay-type":"","overlay-color":"","overlay-opacity":"","overlay-gradient":""},"mobile":{"background-color":"var(--ast-global-color-5)","background-image":"","background-repeat":"repeat","background-position":"center center","background-size":"auto","background-attachment":"scroll","background-type":"","background-media":"","overlay-type":"","overlay-color":"","overlay-opacity":"","overlay-gradient":""}}},"product_cat":[95],"product_tag":[34],"class_list":{"0":"post-882","1":"product","2":"type-product","3":"status-publish","4":"has-post-thumbnail","6":"product_cat-inne-napoje","7":"product_tag-etykieta-eko","8":"desktop-align-center","9":"tablet-align-left","10":"mobile-align-left","12":"first","13":"onbackorder","14":"purchasable","15":"product-type-simple"},"_links":{"self":[{"href":"https:\/\/los-odpowiedzialni-spolecznie.pl\/en\/wp-json\/wp\/v2\/product\/882","targetHints":{"allow":["GET"]}}],"collection":[{"href":"https:\/\/los-odpowiedzialni-spolecznie.pl\/en\/wp-json\/wp\/v2\/product"}],"about":[{"href":"https:\/\/los-odpowiedzialni-spolecznie.pl\/en\/wp-json\/wp\/v2\/types\/product"}],"wp:featuredmedia":[{"embeddable":true,"href":"https:\/\/los-odpowiedzialni-spolecznie.pl\/en\/wp-json\/wp\/v2\/media\/939"}],"wp:attachment":[{"href":"https:\/\/los-odpowiedzialni-spolecznie.pl\/en\/wp-json\/wp\/v2\/media?parent=882"}],"wp:term":[{"taxonomy":"product_cat","embeddable":true,"href":"https:\/\/los-odpowiedzialni-spolecznie.pl\/en\/wp-json\/wp\/v2\/product_cat?post=882"},{"taxonomy":"product_tag","embeddable":true,"href":"https:\/\/los-odpowiedzialni-spolecznie.pl\/en\/wp-json\/wp\/v2\/product_tag?post=882"}],"curies":[{"name":"wp","href":"https:\/\/api.w.org\/{rel}","templated":true}]}}