{"id":878,"date":"2024-12-23T15:59:19","date_gmt":"2024-12-23T14:59:19","guid":{"rendered":"https:\/\/los-odpowiedzialni-spolecznie.pl\/?post_type=product&#038;p=878"},"modified":"2024-12-23T16:04:06","modified_gmt":"2024-12-23T15:04:06","slug":"napoj-ryzowy-bez-dodatku-cukrow-bezglutenowy-bio-1-l-natumi","status":"publish","type":"product","link":"https:\/\/los-odpowiedzialni-spolecznie.pl\/en\/sklep\/produkty-spozywcze\/inne-napoje\/napoj-ryzowy-bez-dodatku-cukrow-bezglutenowy-bio-1-l-natumi\/","title":{"rendered":"NAP\u00d3J RY\u017bOWY BEZ DODATKU CUKR\u00d3W BEZGLUTENOWY BIO 1 L &#8211; NATUMI"},"content":{"rendered":"<h3>Opis Produktu<\/h3>\n<p><strong>NAP\u00d3J RY\u017bOWY BEZ DODATKU CUKR\u00d3W BEZGLUTENOWY BIO 1 L &#8211; NATUMI<\/strong><\/p>\n<p>Ekologiczny nap\u00f3j z ry\u017cu. Jest to produkt w 100 % ro\u015blinny, nie zawiera laktozy, glutenu. Wstrz\u0105sn\u0105\u0107 przed u\u017cyciem.<br \/>\nProdukt UHT.<br \/>\nBez dodatku cukr\u00f3w. Zawiera naturalnie wyst\u0119puj\u0105ce cukry.<\/p>\n<p><strong>SK\u0141ADNIKI<\/strong><br \/>\nwoda, ry\u017c* (14 %), olej s\u0142onecznikowy*, s\u00f3l morska. (*certyfikowany sk\u0142adnik ekologiczny)<\/p>\n<p><strong>WARTO\u015a\u0106 OD\u017bYWCZA W 100 ml<\/strong><br \/>\n<strong>Warto\u015b\u0107 energetyczna &#8211; 212 kJ\/50 kcal<\/strong><br \/>\n<strong>T\u0142uszcz<\/strong> &#8211; 1,1 g<br \/>\n<strong>w tym kwasy t\u0142uszczowe nasycone<\/strong> &#8211; 0,1 g<br \/>\n<strong>kwasy t\u0142uszczowe jednonienasycone<\/strong> &#8211; 0,3 g<br \/>\n<strong>kwasy t\u0142uszczowe wielonienasycone &#8211;<\/strong> 0,6 g<br \/>\n<strong>W\u0119glowodany<\/strong> &#8211; 9,9 g<br \/>\n<strong>w tym cukry<\/strong> &#8211; 7,1 g<br \/>\n<strong>B\u0142onnik<\/strong> &#8211; 0,1 g<br \/>\n<strong>Bia\u0142ko<\/strong> &#8211; 0,1 g<br \/>\n<strong>S\u00f3l<\/strong> &#8211; 0,08 g<\/p>\n<p><strong>ZALECANE WARUNKI PRZECHOWYWANIA<\/strong><br \/>\nPo otwarciu przechowywa\u0107 4 dni w warunkach ch\u0142odniczych.<\/p>","protected":false},"excerpt":{"rendered":"<p>Opis Produktu NAP\u00d3J RY\u017bOWY BEZ DODATKU CUKR\u00d3W BEZGLUTENOWY BIO 1 L &#8211; NATUMI Ekologiczny nap\u00f3j z ry\u017cu. Jest to produkt w 100 % ro\u015blinny, nie zawiera laktozy, glutenu. Wstrz\u0105sn\u0105\u0107 przed u\u017cyciem. Produkt UHT. Bez dodatku cukr\u00f3w. Zawiera naturalnie wyst\u0119puj\u0105ce cukry. SK\u0141ADNIKI woda, ry\u017c* (14 %), olej s\u0142onecznikowy*, s\u00f3l morska. (*certyfikowany sk\u0142adnik ekologiczny) WARTO\u015a\u0106 OD\u017bYWCZA W [&hellip;]<\/p>","protected":false},"featured_media":931,"template":"","meta":{"site-sidebar-layout":"default","site-content-layout":"","ast-site-content-layout":"default","site-content-style":"default","site-sidebar-style":"default","ast-global-header-display":"","ast-banner-title-visibility":"","ast-main-header-display":"","ast-hfb-above-header-display":"","ast-hfb-below-header-display":"","ast-hfb-mobile-header-display":"","site-post-title":"","ast-breadcrumbs-content":"","ast-featured-img":"","footer-sml-layout":"","theme-transparent-header-meta":"default","adv-header-id-meta":"","stick-header-meta":"","header-above-stick-meta":"","header-main-stick-meta":"","header-below-stick-meta":"","astra-migrate-meta-layouts":"set","ast-page-background-enabled":"default","ast-page-background-meta":{"desktop":{"background-color":"var(--ast-global-color-4)","background-image":"","background-repeat":"repeat","background-position":"center center","background-size":"auto","background-attachment":"scroll","background-type":"","background-media":"","overlay-type":"","overlay-color":"","overlay-opacity":"","overlay-gradient":""},"tablet":{"background-color":"","background-image":"","background-repeat":"repeat","background-position":"center center","background-size":"auto","background-attachment":"scroll","background-type":"","background-media":"","overlay-type":"","overlay-color":"","overlay-opacity":"","overlay-gradient":""},"mobile":{"background-color":"","background-image":"","background-repeat":"repeat","background-position":"center center","background-size":"auto","background-attachment":"scroll","background-type":"","background-media":"","overlay-type":"","overlay-color":"","overlay-opacity":"","overlay-gradient":""}},"ast-content-background-meta":{"desktop":{"background-color":"var(--ast-global-color-5)","background-image":"","background-repeat":"repeat","background-position":"center center","background-size":"auto","background-attachment":"scroll","background-type":"","background-media":"","overlay-type":"","overlay-color":"","overlay-opacity":"","overlay-gradient":""},"tablet":{"background-color":"var(--ast-global-color-5)","background-image":"","background-repeat":"repeat","background-position":"center center","background-size":"auto","background-attachment":"scroll","background-type":"","background-media":"","overlay-type":"","overlay-color":"","overlay-opacity":"","overlay-gradient":""},"mobile":{"background-color":"var(--ast-global-color-5)","background-image":"","background-repeat":"repeat","background-position":"center center","background-size":"auto","background-attachment":"scroll","background-type":"","background-media":"","overlay-type":"","overlay-color":"","overlay-opacity":"","overlay-gradient":""}}},"product_cat":[95],"product_tag":[34],"class_list":{"0":"post-878","1":"product","2":"type-product","3":"status-publish","4":"has-post-thumbnail","6":"product_cat-inne-napoje","7":"product_tag-etykieta-eko","8":"desktop-align-center","9":"tablet-align-left","10":"mobile-align-left","12":"first","13":"onbackorder","14":"purchasable","15":"product-type-simple"},"_links":{"self":[{"href":"https:\/\/los-odpowiedzialni-spolecznie.pl\/en\/wp-json\/wp\/v2\/product\/878","targetHints":{"allow":["GET"]}}],"collection":[{"href":"https:\/\/los-odpowiedzialni-spolecznie.pl\/en\/wp-json\/wp\/v2\/product"}],"about":[{"href":"https:\/\/los-odpowiedzialni-spolecznie.pl\/en\/wp-json\/wp\/v2\/types\/product"}],"wp:featuredmedia":[{"embeddable":true,"href":"https:\/\/los-odpowiedzialni-spolecznie.pl\/en\/wp-json\/wp\/v2\/media\/931"}],"wp:attachment":[{"href":"https:\/\/los-odpowiedzialni-spolecznie.pl\/en\/wp-json\/wp\/v2\/media?parent=878"}],"wp:term":[{"taxonomy":"product_cat","embeddable":true,"href":"https:\/\/los-odpowiedzialni-spolecznie.pl\/en\/wp-json\/wp\/v2\/product_cat?post=878"},{"taxonomy":"product_tag","embeddable":true,"href":"https:\/\/los-odpowiedzialni-spolecznie.pl\/en\/wp-json\/wp\/v2\/product_tag?post=878"}],"curies":[{"name":"wp","href":"https:\/\/api.w.org\/{rel}","templated":true}]}}