{"id":873,"date":"2024-12-23T15:58:44","date_gmt":"2024-12-23T14:58:44","guid":{"rendered":"https:\/\/los-odpowiedzialni-spolecznie.pl\/?post_type=product&#038;p=873"},"modified":"2024-12-23T16:03:54","modified_gmt":"2024-12-23T15:03:54","slug":"sok-z-bialych-winogron-100-bez-cukru-1l","status":"publish","type":"product","link":"https:\/\/los-odpowiedzialni-spolecznie.pl\/en\/sklep\/produkty-spozywcze\/soki-2\/smakowe\/sok-z-bialych-winogron-100-bez-cukru-1l\/","title":{"rendered":"Sok z Bia\u0142ych Winogron 100% Bez Cukru 1L"},"content":{"rendered":"<h3>Opis Produktu<\/h3>\n<div id=\"component_projector_longdescription_not\" class=\"projector_longdescription cm longdescription_small\">Winogrona mog\u0105 dostarczy\u0107 nam mn\u00f3stwo witamin: B, C, D, E i PP oraz mikroelement\u00f3w, np. magnezu, \u017celaza, wapnia, boru, potasu czy miedzi.<\/div>\n<div><\/div>\n<div class=\"wyroznienie2\"><strong>Warto\u015bci od\u017cywcze w 100 ml:<\/strong><\/div>\n<p>warto\u015b\u0107 energetyczna\u00a0286 kJ \/ 63 kcal<br \/>\nt\u0142uszcz\u00a0&lt;0,5 g<br \/>\nw tym kwasy t\u0142uszczowe nasycone\u00a0&lt; 0,1 g<br \/>\nw\u0119glowodany\u00a015g<br \/>\nw tym cukier owocowy\u00a015 g<br \/>\nbia\u0142ko\u00a0&lt;0,5 g<br \/>\ns\u00f3l\u00a0&lt; 0,01 g<\/p>\n<div class=\"wyroznienie2\"><strong>Sk\u0142adniki:<\/strong><\/div>\n<p>sok z winogron* 100%<br \/>\n<strong>*<\/strong>certyfikowany sk\u0142adnik ekologiczny<\/p>\n<h3>Dodatkowe informacje<\/h3>\n<p>Po otwarciu przechowywa\u0107 w lod\u00f3wce i spo\u017cy\u0107 w ci\u0105gu 3 dni.<br \/>\nNIE Z KONCENTRATU.<br \/>\nBez dodatku cukru.<br \/>\nSok zawiera naturalnie wyst\u0119puj\u0105ce cukry.<br \/>\nProdukt pasteryzowany.<\/p>\n<p>Opakowanie-1l<\/p>","protected":false},"excerpt":{"rendered":"<p>Opis Produktu Winogrona mog\u0105 dostarczy\u0107 nam mn\u00f3stwo witamin: B, C, D, E i PP oraz mikroelement\u00f3w, np. magnezu, \u017celaza, wapnia, boru, potasu czy miedzi. Warto\u015bci od\u017cywcze w 100 ml: warto\u015b\u0107 energetyczna\u00a0286 kJ \/ 63 kcal t\u0142uszcz\u00a0&lt;0,5 g w tym kwasy t\u0142uszczowe nasycone\u00a0&lt; 0,1 g w\u0119glowodany\u00a015g w tym cukier owocowy\u00a015 g bia\u0142ko\u00a0&lt;0,5 g s\u00f3l\u00a0&lt; 0,01 g [&hellip;]<\/p>","protected":false},"featured_media":928,"template":"","meta":{"site-sidebar-layout":"default","site-content-layout":"","ast-site-content-layout":"default","site-content-style":"default","site-sidebar-style":"default","ast-global-header-display":"","ast-banner-title-visibility":"","ast-main-header-display":"","ast-hfb-above-header-display":"","ast-hfb-below-header-display":"","ast-hfb-mobile-header-display":"","site-post-title":"","ast-breadcrumbs-content":"","ast-featured-img":"","footer-sml-layout":"","theme-transparent-header-meta":"default","adv-header-id-meta":"","stick-header-meta":"","header-above-stick-meta":"","header-main-stick-meta":"","header-below-stick-meta":"","astra-migrate-meta-layouts":"set","ast-page-background-enabled":"default","ast-page-background-meta":{"desktop":{"background-color":"var(--ast-global-color-4)","background-image":"","background-repeat":"repeat","background-position":"center center","background-size":"auto","background-attachment":"scroll","background-type":"","background-media":"","overlay-type":"","overlay-color":"","overlay-opacity":"","overlay-gradient":""},"tablet":{"background-color":"","background-image":"","background-repeat":"repeat","background-position":"center center","background-size":"auto","background-attachment":"scroll","background-type":"","background-media":"","overlay-type":"","overlay-color":"","overlay-opacity":"","overlay-gradient":""},"mobile":{"background-color":"","background-image":"","background-repeat":"repeat","background-position":"center center","background-size":"auto","background-attachment":"scroll","background-type":"","background-media":"","overlay-type":"","overlay-color":"","overlay-opacity":"","overlay-gradient":""}},"ast-content-background-meta":{"desktop":{"background-color":"var(--ast-global-color-5)","background-image":"","background-repeat":"repeat","background-position":"center center","background-size":"auto","background-attachment":"scroll","background-type":"","background-media":"","overlay-type":"","overlay-color":"","overlay-opacity":"","overlay-gradient":""},"tablet":{"background-color":"var(--ast-global-color-5)","background-image":"","background-repeat":"repeat","background-position":"center center","background-size":"auto","background-attachment":"scroll","background-type":"","background-media":"","overlay-type":"","overlay-color":"","overlay-opacity":"","overlay-gradient":""},"mobile":{"background-color":"var(--ast-global-color-5)","background-image":"","background-repeat":"repeat","background-position":"center center","background-size":"auto","background-attachment":"scroll","background-type":"","background-media":"","overlay-type":"","overlay-color":"","overlay-opacity":"","overlay-gradient":""}}},"product_cat":[69,62],"product_tag":[34],"class_list":{"0":"post-873","1":"product","2":"type-product","3":"status-publish","4":"has-post-thumbnail","6":"product_cat-smakowe","7":"product_cat-soki-2","8":"product_tag-etykieta-eko","9":"desktop-align-center","10":"tablet-align-left","11":"mobile-align-left","13":"first","14":"outofstock","15":"purchasable","16":"product-type-simple"},"_links":{"self":[{"href":"https:\/\/los-odpowiedzialni-spolecznie.pl\/en\/wp-json\/wp\/v2\/product\/873","targetHints":{"allow":["GET"]}}],"collection":[{"href":"https:\/\/los-odpowiedzialni-spolecznie.pl\/en\/wp-json\/wp\/v2\/product"}],"about":[{"href":"https:\/\/los-odpowiedzialni-spolecznie.pl\/en\/wp-json\/wp\/v2\/types\/product"}],"wp:featuredmedia":[{"embeddable":true,"href":"https:\/\/los-odpowiedzialni-spolecznie.pl\/en\/wp-json\/wp\/v2\/media\/928"}],"wp:attachment":[{"href":"https:\/\/los-odpowiedzialni-spolecznie.pl\/en\/wp-json\/wp\/v2\/media?parent=873"}],"wp:term":[{"taxonomy":"product_cat","embeddable":true,"href":"https:\/\/los-odpowiedzialni-spolecznie.pl\/en\/wp-json\/wp\/v2\/product_cat?post=873"},{"taxonomy":"product_tag","embeddable":true,"href":"https:\/\/los-odpowiedzialni-spolecznie.pl\/en\/wp-json\/wp\/v2\/product_tag?post=873"}],"curies":[{"name":"wp","href":"https:\/\/api.w.org\/{rel}","templated":true}]}}