{"id":872,"date":"2024-12-23T15:58:43","date_gmt":"2024-12-23T14:58:43","guid":{"rendered":"https:\/\/los-odpowiedzialni-spolecznie.pl\/?post_type=product&#038;p=872"},"modified":"2024-12-23T16:03:52","modified_gmt":"2024-12-23T15:03:52","slug":"sok-jablkowo-imbirowy-bio-1-l","status":"publish","type":"product","link":"https:\/\/los-odpowiedzialni-spolecznie.pl\/en\/sklep\/produkty-spozywcze\/soki-2\/smakowe\/sok-jablkowo-imbirowy-bio-1-l\/","title":{"rendered":"Sok Jab\u0142kowo &#8211; Imbirowy Bio 1 L"},"content":{"rendered":"<h3>Opis Produktu<\/h3>\n<p>R\u00f3\u017cnice mi\u0119dzy jab\u0142kami i imbirem mo\u017cna mno\u017cy\u0107, ale to w\u0142a\u015bnie z po\u0142\u0105czenia tych dw\u00f3ch skrajnie r\u00f3\u017cnych dar\u00f3w natury powsta\u0142 duet idealny, urzekaj\u0105cy s\u0142odko-ostrym smakiem.<br \/>\nSi\u0119gaj\u0105c codziennie po szklank\u0119 soku jab\u0142kowo-imbirowego, mo\u017cna sobie dostarczy\u0107 nie tylko wyj\u0105tkowych wra\u017ce\u0144 smakowych, ale r\u00f3wnie\u017c korzystnie wp\u0142yn\u0105\u0107 na kondycj\u0119 organizmu. Sok jest idealny zar\u00f3wno na zimno jak i na ciep\u0142o, jako bezalkoholowy grzaniec, kt\u00f3ry wspaniale rozgrzeje w zimny wiecz\u00f3r.<br \/>\nZawsze jest dobra pora na to, by naturalnie zadba\u0107 o zdrowie i urod\u0119!<\/p>\n<p><strong>SK\u0141ADNIKI<\/strong><br \/>\n95,8 % sok jab\u0142kowy*, 4 % sok imbirowy*, sok cytrynowy* z koncentratu. (*certyfikowany sk\u0142adnik ekologiczny)<\/p>\n<p><strong>WARTO\u015a\u0106 OD\u017bYWCZA W 100 ml<\/strong><br \/>\nWarto\u015b\u0107 energetyczna: 190 kJ\/45 kcal<br \/>\nT\u0142uszcz: &lt;0,5 g<br \/>\nw tym kwasy nasycone: &lt;0,1 g<br \/>\nW\u0119glowodany: 10 g<br \/>\nw tym cukry: 10 g<br \/>\nBia\u0142ko: &lt;0,5 g<br \/>\nS\u00f3l: &lt;0,01 g<\/p>\n<h3>Dodatkowe informacje<\/h3>\n<p><strong>ZALECANE WARUNKI PRZECHOWYWANIA<\/strong><br \/>\nPrzechowywa\u0107 w suchym i ch\u0142odnym miejscu. Po otwarciu przechowywa\u0107 w lod\u00f3wce i spo\u017cy\u0107 w ci\u0105gu 3 dni.<\/p>","protected":false},"excerpt":{"rendered":"<p>Opis Produktu R\u00f3\u017cnice mi\u0119dzy jab\u0142kami i imbirem mo\u017cna mno\u017cy\u0107, ale to w\u0142a\u015bnie z po\u0142\u0105czenia tych dw\u00f3ch skrajnie r\u00f3\u017cnych dar\u00f3w natury powsta\u0142 duet idealny, urzekaj\u0105cy s\u0142odko-ostrym smakiem. Si\u0119gaj\u0105c codziennie po szklank\u0119 soku jab\u0142kowo-imbirowego, mo\u017cna sobie dostarczy\u0107 nie tylko wyj\u0105tkowych wra\u017ce\u0144 smakowych, ale r\u00f3wnie\u017c korzystnie wp\u0142yn\u0105\u0107 na kondycj\u0119 organizmu. Sok jest idealny zar\u00f3wno na zimno jak i [&hellip;]<\/p>","protected":false},"featured_media":927,"template":"","meta":{"site-sidebar-layout":"default","site-content-layout":"","ast-site-content-layout":"default","site-content-style":"default","site-sidebar-style":"default","ast-global-header-display":"","ast-banner-title-visibility":"","ast-main-header-display":"","ast-hfb-above-header-display":"","ast-hfb-below-header-display":"","ast-hfb-mobile-header-display":"","site-post-title":"","ast-breadcrumbs-content":"","ast-featured-img":"","footer-sml-layout":"","theme-transparent-header-meta":"default","adv-header-id-meta":"","stick-header-meta":"","header-above-stick-meta":"","header-main-stick-meta":"","header-below-stick-meta":"","astra-migrate-meta-layouts":"set","ast-page-background-enabled":"default","ast-page-background-meta":{"desktop":{"background-color":"var(--ast-global-color-4)","background-image":"","background-repeat":"repeat","background-position":"center center","background-size":"auto","background-attachment":"scroll","background-type":"","background-media":"","overlay-type":"","overlay-color":"","overlay-opacity":"","overlay-gradient":""},"tablet":{"background-color":"","background-image":"","background-repeat":"repeat","background-position":"center center","background-size":"auto","background-attachment":"scroll","background-type":"","background-media":"","overlay-type":"","overlay-color":"","overlay-opacity":"","overlay-gradient":""},"mobile":{"background-color":"","background-image":"","background-repeat":"repeat","background-position":"center center","background-size":"auto","background-attachment":"scroll","background-type":"","background-media":"","overlay-type":"","overlay-color":"","overlay-opacity":"","overlay-gradient":""}},"ast-content-background-meta":{"desktop":{"background-color":"var(--ast-global-color-5)","background-image":"","background-repeat":"repeat","background-position":"center center","background-size":"auto","background-attachment":"scroll","background-type":"","background-media":"","overlay-type":"","overlay-color":"","overlay-opacity":"","overlay-gradient":""},"tablet":{"background-color":"var(--ast-global-color-5)","background-image":"","background-repeat":"repeat","background-position":"center center","background-size":"auto","background-attachment":"scroll","background-type":"","background-media":"","overlay-type":"","overlay-color":"","overlay-opacity":"","overlay-gradient":""},"mobile":{"background-color":"var(--ast-global-color-5)","background-image":"","background-repeat":"repeat","background-position":"center center","background-size":"auto","background-attachment":"scroll","background-type":"","background-media":"","overlay-type":"","overlay-color":"","overlay-opacity":"","overlay-gradient":""}}},"product_cat":[69,62],"product_tag":[34],"class_list":{"0":"post-872","1":"product","2":"type-product","3":"status-publish","4":"has-post-thumbnail","6":"product_cat-smakowe","7":"product_cat-soki-2","8":"product_tag-etykieta-eko","9":"desktop-align-center","10":"tablet-align-left","11":"mobile-align-left","13":"first","14":"instock","15":"purchasable","16":"product-type-simple"},"_links":{"self":[{"href":"https:\/\/los-odpowiedzialni-spolecznie.pl\/en\/wp-json\/wp\/v2\/product\/872","targetHints":{"allow":["GET"]}}],"collection":[{"href":"https:\/\/los-odpowiedzialni-spolecznie.pl\/en\/wp-json\/wp\/v2\/product"}],"about":[{"href":"https:\/\/los-odpowiedzialni-spolecznie.pl\/en\/wp-json\/wp\/v2\/types\/product"}],"wp:featuredmedia":[{"embeddable":true,"href":"https:\/\/los-odpowiedzialni-spolecznie.pl\/en\/wp-json\/wp\/v2\/media\/927"}],"wp:attachment":[{"href":"https:\/\/los-odpowiedzialni-spolecznie.pl\/en\/wp-json\/wp\/v2\/media?parent=872"}],"wp:term":[{"taxonomy":"product_cat","embeddable":true,"href":"https:\/\/los-odpowiedzialni-spolecznie.pl\/en\/wp-json\/wp\/v2\/product_cat?post=872"},{"taxonomy":"product_tag","embeddable":true,"href":"https:\/\/los-odpowiedzialni-spolecznie.pl\/en\/wp-json\/wp\/v2\/product_tag?post=872"}],"curies":[{"name":"wp","href":"https:\/\/api.w.org\/{rel}","templated":true}]}}