{"id":865,"date":"2024-12-23T15:58:13","date_gmt":"2024-12-23T14:58:13","guid":{"rendered":"https:\/\/los-odpowiedzialni-spolecznie.pl\/?post_type=product&#038;p=865"},"modified":"2024-12-23T16:03:31","modified_gmt":"2024-12-23T15:03:31","slug":"woda-kokosowa-bio-330ml-aqua-verde","status":"publish","type":"product","link":"https:\/\/los-odpowiedzialni-spolecznie.pl\/en\/sklep\/produkty-spozywcze\/inne-napoje\/woda-kokosowa-bio-330ml-aqua-verde\/","title":{"rendered":"Woda kokosowa BIO 330ml Aqua Verde"},"content":{"rendered":"<h3>Opis Produktu<\/h3>\n<p>Woda kokosowa doskonale gasi pragnienie- polecamy szczeg\u00f3lnie sch\u0142odzon\u0105.. na efekt &#8222;dnia po&#8221;<\/p>\n<p><strong>SK\u0141ADNIKI<\/strong><\/p>\n<p><span style=\"font-size: 16px\">woda kokosowa z koncentratu* (*certyfikowany sk\u0142adnik ekologiczny)<\/span><\/p>\n<p><strong>WARTO\u015a\u0106 OD\u017bYWCZA W 100 ml<\/strong><\/p>\n<p>Warto\u015b\u0107 energetyczna: 79 kJ \/ 19 kcal<\/p>\n<p>T\u0142uszcz: 0 g<\/p>\n<p>w tym kwasy nasycone: 0 g<\/p>\n<p>W\u0119glowodany: 3,7 g<\/p>\n<p>w tym cukry: 2,6 g<\/p>\n<p>Bia\u0142ko: 0,7 g<\/p>\n<p>S\u00f3l: 0,26 g<\/p>\n<h3>Dodatkowe informacje<\/h3>\n<p>UWAGI Przed spo\u017cyciem wstrz\u0105sn\u0105\u0107<\/p>","protected":false},"excerpt":{"rendered":"<p>Opis Produktu Woda kokosowa doskonale gasi pragnienie- polecamy szczeg\u00f3lnie sch\u0142odzon\u0105.. na efekt &#8222;dnia po&#8221; SK\u0141ADNIKI woda kokosowa z koncentratu* (*certyfikowany sk\u0142adnik ekologiczny) WARTO\u015a\u0106 OD\u017bYWCZA W 100 ml Warto\u015b\u0107 energetyczna: 79 kJ \/ 19 kcal T\u0142uszcz: 0 g w tym kwasy nasycone: 0 g W\u0119glowodany: 3,7 g w tym cukry: 2,6 g Bia\u0142ko: 0,7 g S\u00f3l: [&hellip;]<\/p>","protected":false},"featured_media":921,"template":"","meta":{"site-sidebar-layout":"default","site-content-layout":"","ast-site-content-layout":"default","site-content-style":"default","site-sidebar-style":"default","ast-global-header-display":"","ast-banner-title-visibility":"","ast-main-header-display":"","ast-hfb-above-header-display":"","ast-hfb-below-header-display":"","ast-hfb-mobile-header-display":"","site-post-title":"","ast-breadcrumbs-content":"","ast-featured-img":"","footer-sml-layout":"","theme-transparent-header-meta":"default","adv-header-id-meta":"","stick-header-meta":"","header-above-stick-meta":"","header-main-stick-meta":"","header-below-stick-meta":"","astra-migrate-meta-layouts":"set","ast-page-background-enabled":"default","ast-page-background-meta":{"desktop":{"background-color":"var(--ast-global-color-4)","background-image":"","background-repeat":"repeat","background-position":"center center","background-size":"auto","background-attachment":"scroll","background-type":"","background-media":"","overlay-type":"","overlay-color":"","overlay-opacity":"","overlay-gradient":""},"tablet":{"background-color":"","background-image":"","background-repeat":"repeat","background-position":"center center","background-size":"auto","background-attachment":"scroll","background-type":"","background-media":"","overlay-type":"","overlay-color":"","overlay-opacity":"","overlay-gradient":""},"mobile":{"background-color":"","background-image":"","background-repeat":"repeat","background-position":"center center","background-size":"auto","background-attachment":"scroll","background-type":"","background-media":"","overlay-type":"","overlay-color":"","overlay-opacity":"","overlay-gradient":""}},"ast-content-background-meta":{"desktop":{"background-color":"var(--ast-global-color-5)","background-image":"","background-repeat":"repeat","background-position":"center center","background-size":"auto","background-attachment":"scroll","background-type":"","background-media":"","overlay-type":"","overlay-color":"","overlay-opacity":"","overlay-gradient":""},"tablet":{"background-color":"var(--ast-global-color-5)","background-image":"","background-repeat":"repeat","background-position":"center center","background-size":"auto","background-attachment":"scroll","background-type":"","background-media":"","overlay-type":"","overlay-color":"","overlay-opacity":"","overlay-gradient":""},"mobile":{"background-color":"var(--ast-global-color-5)","background-image":"","background-repeat":"repeat","background-position":"center center","background-size":"auto","background-attachment":"scroll","background-type":"","background-media":"","overlay-type":"","overlay-color":"","overlay-opacity":"","overlay-gradient":""}}},"product_cat":[104,95],"product_tag":[34],"class_list":{"0":"post-865","1":"product","2":"type-product","3":"status-publish","4":"has-post-thumbnail","6":"product_cat-wody-mineralne","7":"product_cat-inne-napoje","8":"product_tag-etykieta-eko","9":"desktop-align-center","10":"tablet-align-left","11":"mobile-align-left","13":"first","14":"outofstock","15":"purchasable","16":"product-type-simple"},"_links":{"self":[{"href":"https:\/\/los-odpowiedzialni-spolecznie.pl\/en\/wp-json\/wp\/v2\/product\/865","targetHints":{"allow":["GET"]}}],"collection":[{"href":"https:\/\/los-odpowiedzialni-spolecznie.pl\/en\/wp-json\/wp\/v2\/product"}],"about":[{"href":"https:\/\/los-odpowiedzialni-spolecznie.pl\/en\/wp-json\/wp\/v2\/types\/product"}],"wp:featuredmedia":[{"embeddable":true,"href":"https:\/\/los-odpowiedzialni-spolecznie.pl\/en\/wp-json\/wp\/v2\/media\/921"}],"wp:attachment":[{"href":"https:\/\/los-odpowiedzialni-spolecznie.pl\/en\/wp-json\/wp\/v2\/media?parent=865"}],"wp:term":[{"taxonomy":"product_cat","embeddable":true,"href":"https:\/\/los-odpowiedzialni-spolecznie.pl\/en\/wp-json\/wp\/v2\/product_cat?post=865"},{"taxonomy":"product_tag","embeddable":true,"href":"https:\/\/los-odpowiedzialni-spolecznie.pl\/en\/wp-json\/wp\/v2\/product_tag?post=865"}],"curies":[{"name":"wp","href":"https:\/\/api.w.org\/{rel}","templated":true}]}}