{"id":863,"date":"2024-12-23T15:58:13","date_gmt":"2024-12-23T14:58:13","guid":{"rendered":"https:\/\/los-odpowiedzialni-spolecznie.pl\/?post_type=product&#038;p=863"},"modified":"2024-12-23T16:03:07","modified_gmt":"2024-12-23T15:03:07","slug":"sok-z-imbiru-300-ml","status":"publish","type":"product","link":"https:\/\/los-odpowiedzialni-spolecznie.pl\/en\/sklep\/produkty-spozywcze\/soki-2\/smakowe\/sok-z-imbiru-300-ml\/","title":{"rendered":"Sok z imbiru-\u00a0300 ml"},"content":{"rendered":"<h3>Opis Produktu<\/h3>\n<div class=\"et_pb_module et_pb_blurb et_pb_blurb_0_tb_body et_pb_text_align_left et_pb_blurb_position_left et_pb_bg_layout_light\">\n<div class=\"et_pb_blurb_content\">\n<div class=\"et_pb_blurb_container\">\n<h4 class=\"et_pb_module_header\"><\/h4>\n<div class=\"et_pb_blurb_description\">\n<p>Specjalnie wyselekcjonowane korzenie imbiru przetworzone w delikatnym procesie nadaj\u0105 intensywny aromat. Sok z imbiru to smaczny i aromatyczny nap\u00f3j, kt\u00f3ry sprzyja odchudzaniu. Syrop z imbiru i olejki imbirowe znane s\u0105 za\u015b ze swoich w\u0142a\u015bciwo\u015bci leczniczych i terapeutycznych. To nie tylko \u015bwietny dodatek do potraw, ale r\u00f3wnie\u017c skuteczne lekarstwo na infekcje i wirusy. Imbir pomaga r\u00f3wnie\u017c \u0142agodzi\u0107 b\u00f3le miesi\u0105czkowe czy md\u0142o\u015bci. Jedn\u0105 ze znanych powszechnie w\u0142a\u015bciwo\u015bci imbiru jest jego dzia\u0142anie przeciwzapalne i antywirusowe. Jego regularne spo\u017cywanie sprzyja detoksykacji organizmu \u2013 ma dzia\u0142anie moczop\u0119dne. Zawiera substancje antybakteryjne, antywirusowe i przeciwzapalne \u2013 g\u0142\u00f3wne z nich to geraniole cechuj\u0105ce si\u0119 r\u00f3wnie\u017c w\u0142a\u015bciwo\u015bciami przeciwgor\u0105czkowymi.<\/p>\n<\/div>\n<\/div>\n<\/div>\n<\/div>\n<div class=\"et_pb_module et_pb_blurb et_pb_blurb_1_tb_body et_pb_text_align_left et_pb_blurb_position_left et_pb_bg_layout_light\">\n<div class=\"et_pb_blurb_content\">\n<div class=\"et_pb_main_blurb_image\"><\/div>\n<div class=\"et_pb_blurb_container\">\n<h4 class=\"et_pb_module_header\">Sk\u0142ad produktu<\/h4>\n<div class=\"et_pb_blurb_description\">\n<p>Sk\u0142ad: Sok z imbiru ekologicznego 95,5%, ekologiczny sok z cytryn ekologicznych 4,5%<\/p>\n<\/div>\n<\/div>\n<\/div>\n<\/div>\n<div class=\"et_pb_module et_pb_blurb et_pb_blurb_2_tb_body et_pb_text_align_left et_pb_blurb_position_left et_pb_bg_layout_light\">\n<div class=\"et_pb_blurb_content\">\n<h3 class=\"et_pb_main_blurb_image\">Dodatkowe informacje<\/h3>\n<div class=\"et_pb_blurb_container\">\n<h4 class=\"et_pb_module_header\"><strong>Pojemno\u015b\u0107 produktu<\/strong><\/h4>\n<div class=\"et_pb_blurb_description\">\n<p>\u00a0300 ml<\/p>\n<p>Przed spo\u017cyciem wstrz\u0105sn\u0105\u0107.<\/p>\n<p>Wyst\u0119puj\u0105cy osad tworz\u0105 naturalne sk\u0142adniki<\/p>\n<\/div>\n<\/div>\n<\/div>\n<\/div>","protected":false},"excerpt":{"rendered":"<p>Opis Produktu Specjalnie wyselekcjonowane korzenie imbiru przetworzone w delikatnym procesie nadaj\u0105 intensywny aromat. Sok z imbiru to smaczny i aromatyczny nap\u00f3j, kt\u00f3ry sprzyja odchudzaniu. Syrop z imbiru i olejki imbirowe znane s\u0105 za\u015b ze swoich w\u0142a\u015bciwo\u015bci leczniczych i terapeutycznych. To nie tylko \u015bwietny dodatek do potraw, ale r\u00f3wnie\u017c skuteczne lekarstwo na infekcje i wirusy. Imbir [&hellip;]<\/p>","protected":false},"featured_media":917,"template":"","meta":{"site-sidebar-layout":"default","site-content-layout":"","ast-site-content-layout":"default","site-content-style":"default","site-sidebar-style":"default","ast-global-header-display":"","ast-banner-title-visibility":"","ast-main-header-display":"","ast-hfb-above-header-display":"","ast-hfb-below-header-display":"","ast-hfb-mobile-header-display":"","site-post-title":"","ast-breadcrumbs-content":"","ast-featured-img":"","footer-sml-layout":"","theme-transparent-header-meta":"default","adv-header-id-meta":"","stick-header-meta":"","header-above-stick-meta":"","header-main-stick-meta":"","header-below-stick-meta":"","astra-migrate-meta-layouts":"set","ast-page-background-enabled":"default","ast-page-background-meta":{"desktop":{"background-color":"var(--ast-global-color-4)","background-image":"","background-repeat":"repeat","background-position":"center center","background-size":"auto","background-attachment":"scroll","background-type":"","background-media":"","overlay-type":"","overlay-color":"","overlay-opacity":"","overlay-gradient":""},"tablet":{"background-color":"","background-image":"","background-repeat":"repeat","background-position":"center center","background-size":"auto","background-attachment":"scroll","background-type":"","background-media":"","overlay-type":"","overlay-color":"","overlay-opacity":"","overlay-gradient":""},"mobile":{"background-color":"","background-image":"","background-repeat":"repeat","background-position":"center center","background-size":"auto","background-attachment":"scroll","background-type":"","background-media":"","overlay-type":"","overlay-color":"","overlay-opacity":"","overlay-gradient":""}},"ast-content-background-meta":{"desktop":{"background-color":"var(--ast-global-color-5)","background-image":"","background-repeat":"repeat","background-position":"center center","background-size":"auto","background-attachment":"scroll","background-type":"","background-media":"","overlay-type":"","overlay-color":"","overlay-opacity":"","overlay-gradient":""},"tablet":{"background-color":"var(--ast-global-color-5)","background-image":"","background-repeat":"repeat","background-position":"center center","background-size":"auto","background-attachment":"scroll","background-type":"","background-media":"","overlay-type":"","overlay-color":"","overlay-opacity":"","overlay-gradient":""},"mobile":{"background-color":"var(--ast-global-color-5)","background-image":"","background-repeat":"repeat","background-position":"center center","background-size":"auto","background-attachment":"scroll","background-type":"","background-media":"","overlay-type":"","overlay-color":"","overlay-opacity":"","overlay-gradient":""}}},"product_cat":[69,62],"product_tag":[34],"class_list":{"0":"post-863","1":"product","2":"type-product","3":"status-publish","4":"has-post-thumbnail","6":"product_cat-smakowe","7":"product_cat-soki-2","8":"product_tag-etykieta-eko","9":"desktop-align-center","10":"tablet-align-left","11":"mobile-align-left","13":"first","14":"onbackorder","15":"purchasable","16":"product-type-simple"},"_links":{"self":[{"href":"https:\/\/los-odpowiedzialni-spolecznie.pl\/en\/wp-json\/wp\/v2\/product\/863","targetHints":{"allow":["GET"]}}],"collection":[{"href":"https:\/\/los-odpowiedzialni-spolecznie.pl\/en\/wp-json\/wp\/v2\/product"}],"about":[{"href":"https:\/\/los-odpowiedzialni-spolecznie.pl\/en\/wp-json\/wp\/v2\/types\/product"}],"wp:featuredmedia":[{"embeddable":true,"href":"https:\/\/los-odpowiedzialni-spolecznie.pl\/en\/wp-json\/wp\/v2\/media\/917"}],"wp:attachment":[{"href":"https:\/\/los-odpowiedzialni-spolecznie.pl\/en\/wp-json\/wp\/v2\/media?parent=863"}],"wp:term":[{"taxonomy":"product_cat","embeddable":true,"href":"https:\/\/los-odpowiedzialni-spolecznie.pl\/en\/wp-json\/wp\/v2\/product_cat?post=863"},{"taxonomy":"product_tag","embeddable":true,"href":"https:\/\/los-odpowiedzialni-spolecznie.pl\/en\/wp-json\/wp\/v2\/product_tag?post=863"}],"curies":[{"name":"wp","href":"https:\/\/api.w.org\/{rel}","templated":true}]}}