{"id":862,"date":"2024-12-23T15:58:13","date_gmt":"2024-12-23T14:58:13","guid":{"rendered":"https:\/\/los-odpowiedzialni-spolecznie.pl\/?post_type=product&#038;p=862"},"modified":"2024-12-23T16:02:49","modified_gmt":"2024-12-23T15:02:49","slug":"woda-zrodlana-niegazowana-girl-250-ml","status":"publish","type":"product","link":"https:\/\/los-odpowiedzialni-spolecznie.pl\/en\/sklep\/produkty-spozywcze\/wody-mineralne\/woda-zrodlana-niegazowana-girl-250-ml\/","title":{"rendered":"WODA \u0179R\u00d3DLANA NIEGAZOWANA GIRL 250 ml"},"content":{"rendered":"<h3>Opis Produktu<\/h3>\n<p>Woda\u00a0<strong>Baby Zdr\u00f3j<\/strong>\u00a0dedykowana jest mamom, kobietom w ci\u0105\u017cy oraz dzieciom od pierwszych dni \u017cycia. Woda posiada<strong>\u00a0pH 7,7<\/strong>. Woda stanowi ok. 60% masy cia\u0142a cz\u0142owieka, jednak jej zawarto\u015b\u0107 ulega zmianom w r\u00f3\u017cnych okresach \u017cycia. Zapotrzebowanie kobiet ci\u0119\u017carnych na wod\u0119 wynosi co najmniej 3l dziennie. Prawid\u0142owe nawodnienie pozwala wyeliminowa\u0107 nieprzyjemne dolegliwo\u015bci zwi\u0105zane z ci\u0105\u017c\u0105, takie jak poranne nudno\u015bci i wymioty, zaparcia, sucho\u015b\u0107 sk\u00f3ry, czy infekcje dr\u00f3g moczowych. Dlatego tak istotna w \u017cyciu cz\u0142owieka jest woda i ogromne znaczenie ma jej jako\u015b\u0107.<strong><br \/>\n<\/strong>Woda\u00a0<strong>Baby Zdr\u00f3j<\/strong>\u00a0ma pozytywn\u0105 opini\u0119 \u201eCentrum Zdrowia Dziecka<\/p>\n<p><strong>SK\u0141ADNIKI<br \/>\n<\/strong>Woda \u017ar\u00f3dlana<\/p>\n<h3><b>Dodatkowe informacje<\/b>.<\/h3>\n<p><strong>ZALECANE WARUNKI<\/strong><strong>\u00a0PRZECHOWYWANIA<br \/>\n<\/strong>Przechowywa\u0107 w ch\u0142odnym i zacienionym miejscu<\/p>","protected":false},"excerpt":{"rendered":"<p>Opis Produktu Woda\u00a0Baby Zdr\u00f3j\u00a0dedykowana jest mamom, kobietom w ci\u0105\u017cy oraz dzieciom od pierwszych dni \u017cycia. Woda posiada\u00a0pH 7,7. Woda stanowi ok. 60% masy cia\u0142a cz\u0142owieka, jednak jej zawarto\u015b\u0107 ulega zmianom w r\u00f3\u017cnych okresach \u017cycia. Zapotrzebowanie kobiet ci\u0119\u017carnych na wod\u0119 wynosi co najmniej 3l dziennie. Prawid\u0142owe nawodnienie pozwala wyeliminowa\u0107 nieprzyjemne dolegliwo\u015bci zwi\u0105zane z ci\u0105\u017c\u0105, takie jak [&hellip;]<\/p>","protected":false},"featured_media":913,"template":"","meta":{"site-sidebar-layout":"default","site-content-layout":"","ast-site-content-layout":"default","site-content-style":"default","site-sidebar-style":"default","ast-global-header-display":"","ast-banner-title-visibility":"","ast-main-header-display":"","ast-hfb-above-header-display":"","ast-hfb-below-header-display":"","ast-hfb-mobile-header-display":"","site-post-title":"","ast-breadcrumbs-content":"","ast-featured-img":"","footer-sml-layout":"","theme-transparent-header-meta":"default","adv-header-id-meta":"","stick-header-meta":"","header-above-stick-meta":"","header-main-stick-meta":"","header-below-stick-meta":"","astra-migrate-meta-layouts":"set","ast-page-background-enabled":"default","ast-page-background-meta":{"desktop":{"background-color":"var(--ast-global-color-4)","background-image":"","background-repeat":"repeat","background-position":"center center","background-size":"auto","background-attachment":"scroll","background-type":"","background-media":"","overlay-type":"","overlay-color":"","overlay-opacity":"","overlay-gradient":""},"tablet":{"background-color":"","background-image":"","background-repeat":"repeat","background-position":"center center","background-size":"auto","background-attachment":"scroll","background-type":"","background-media":"","overlay-type":"","overlay-color":"","overlay-opacity":"","overlay-gradient":""},"mobile":{"background-color":"","background-image":"","background-repeat":"repeat","background-position":"center center","background-size":"auto","background-attachment":"scroll","background-type":"","background-media":"","overlay-type":"","overlay-color":"","overlay-opacity":"","overlay-gradient":""}},"ast-content-background-meta":{"desktop":{"background-color":"var(--ast-global-color-5)","background-image":"","background-repeat":"repeat","background-position":"center center","background-size":"auto","background-attachment":"scroll","background-type":"","background-media":"","overlay-type":"","overlay-color":"","overlay-opacity":"","overlay-gradient":""},"tablet":{"background-color":"var(--ast-global-color-5)","background-image":"","background-repeat":"repeat","background-position":"center center","background-size":"auto","background-attachment":"scroll","background-type":"","background-media":"","overlay-type":"","overlay-color":"","overlay-opacity":"","overlay-gradient":""},"mobile":{"background-color":"var(--ast-global-color-5)","background-image":"","background-repeat":"repeat","background-position":"center center","background-size":"auto","background-attachment":"scroll","background-type":"","background-media":"","overlay-type":"","overlay-color":"","overlay-opacity":"","overlay-gradient":""}}},"product_cat":[104],"product_tag":[70],"class_list":{"0":"post-862","1":"product","2":"type-product","3":"status-publish","4":"has-post-thumbnail","6":"product_cat-wody-mineralne","7":"product_tag-eko","8":"desktop-align-center","9":"tablet-align-left","10":"mobile-align-left","12":"first","13":"instock","14":"purchasable","15":"product-type-simple"},"_links":{"self":[{"href":"https:\/\/los-odpowiedzialni-spolecznie.pl\/en\/wp-json\/wp\/v2\/product\/862","targetHints":{"allow":["GET"]}}],"collection":[{"href":"https:\/\/los-odpowiedzialni-spolecznie.pl\/en\/wp-json\/wp\/v2\/product"}],"about":[{"href":"https:\/\/los-odpowiedzialni-spolecznie.pl\/en\/wp-json\/wp\/v2\/types\/product"}],"wp:featuredmedia":[{"embeddable":true,"href":"https:\/\/los-odpowiedzialni-spolecznie.pl\/en\/wp-json\/wp\/v2\/media\/913"}],"wp:attachment":[{"href":"https:\/\/los-odpowiedzialni-spolecznie.pl\/en\/wp-json\/wp\/v2\/media?parent=862"}],"wp:term":[{"taxonomy":"product_cat","embeddable":true,"href":"https:\/\/los-odpowiedzialni-spolecznie.pl\/en\/wp-json\/wp\/v2\/product_cat?post=862"},{"taxonomy":"product_tag","embeddable":true,"href":"https:\/\/los-odpowiedzialni-spolecznie.pl\/en\/wp-json\/wp\/v2\/product_tag?post=862"}],"curies":[{"name":"wp","href":"https:\/\/api.w.org\/{rel}","templated":true}]}}