{"id":850,"date":"2024-12-23T15:57:49","date_gmt":"2024-12-23T14:57:49","guid":{"rendered":"https:\/\/los-odpowiedzialni-spolecznie.pl\/?post_type=product&#038;p=850"},"modified":"2024-12-23T16:02:19","modified_gmt":"2024-12-23T15:02:19","slug":"sok-buraczkowy-z-jablkiem-nfc-bio-300-ml","status":"publish","type":"product","link":"https:\/\/los-odpowiedzialni-spolecznie.pl\/en\/sklep\/produkty-spozywcze\/soki-2\/smakowe\/sok-buraczkowy-z-jablkiem-nfc-bio-300-ml\/","title":{"rendered":"SOK BURACZKOWY Z JAB\u0141KIEM NFC BIO 300 ml"},"content":{"rendered":"<h3>Opis Produktu<\/h3>\n<p>Smak soku zale\u017cy od odmiany owoc\u00f3w. M\u0119tno\u015b\u0107 i osad to zjawisko naturalne (naturalna pozosta\u0142o\u015b\u0107 drobnych cz\u0105stek mi\u0105\u017cszu). Zawiera tylko i wy\u0142\u0105cznie naturalnie wyst\u0119puj\u0105ce cukry.<\/p>\n<p><strong>SK\u0141ADNIKI<\/strong><br \/>\nsok z burak\u00f3w* (70 %), sok jab\u0142kowy* (30 %). (*certyfikowany sk\u0142adnik ekologiczny)<\/p>\n<p><strong>WARTO\u015a\u0106 OD\u017bYWCZA W 100 ml<\/strong><br \/>\nWarto\u015b\u0107 energetyczna: 187 kJ\/45 kcal<br \/>\nT\u0142uszcz: 0 g<br \/>\nw tym kwasy t\u0142uszczowe nasycone: 0 g<br \/>\nW\u0119glowodany: 8,0 g<br \/>\nw tym cukry: 7,9 g<br \/>\nBia\u0142ko: 0,6 g<br \/>\nS\u00f3l: 0,12 g<\/p>\n<h3>Dodatkowe informacje<\/h3>\n<p><strong>ZALECANE WARUNKI PRZECHOWYWANIA<\/strong><br \/>\nPrzechowywa\u0107 w ch\u0142odnym i zacienionym miejscu. Po otwarciu przechowywa\u0107 w lod\u00f3wce i spo\u017cy\u0107 w ci\u0105gu 2 dni.<\/p>\n<p>Przed u\u017cyciem wstrz\u0105sn\u0105\u0107.<\/p>","protected":false},"excerpt":{"rendered":"<p>Opis Produktu Smak soku zale\u017cy od odmiany owoc\u00f3w. M\u0119tno\u015b\u0107 i osad to zjawisko naturalne (naturalna pozosta\u0142o\u015b\u0107 drobnych cz\u0105stek mi\u0105\u017cszu). Zawiera tylko i wy\u0142\u0105cznie naturalnie wyst\u0119puj\u0105ce cukry. SK\u0141ADNIKI sok z burak\u00f3w* (70 %), sok jab\u0142kowy* (30 %). (*certyfikowany sk\u0142adnik ekologiczny) WARTO\u015a\u0106 OD\u017bYWCZA W 100 ml Warto\u015b\u0107 energetyczna: 187 kJ\/45 kcal T\u0142uszcz: 0 g w tym kwasy [&hellip;]<\/p>","protected":false},"featured_media":903,"template":"","meta":{"site-sidebar-layout":"default","site-content-layout":"","ast-site-content-layout":"default","site-content-style":"default","site-sidebar-style":"default","ast-global-header-display":"","ast-banner-title-visibility":"","ast-main-header-display":"","ast-hfb-above-header-display":"","ast-hfb-below-header-display":"","ast-hfb-mobile-header-display":"","site-post-title":"","ast-breadcrumbs-content":"","ast-featured-img":"","footer-sml-layout":"","theme-transparent-header-meta":"default","adv-header-id-meta":"","stick-header-meta":"","header-above-stick-meta":"","header-main-stick-meta":"","header-below-stick-meta":"","astra-migrate-meta-layouts":"set","ast-page-background-enabled":"default","ast-page-background-meta":{"desktop":{"background-color":"var(--ast-global-color-4)","background-image":"","background-repeat":"repeat","background-position":"center center","background-size":"auto","background-attachment":"scroll","background-type":"","background-media":"","overlay-type":"","overlay-color":"","overlay-opacity":"","overlay-gradient":""},"tablet":{"background-color":"","background-image":"","background-repeat":"repeat","background-position":"center center","background-size":"auto","background-attachment":"scroll","background-type":"","background-media":"","overlay-type":"","overlay-color":"","overlay-opacity":"","overlay-gradient":""},"mobile":{"background-color":"","background-image":"","background-repeat":"repeat","background-position":"center center","background-size":"auto","background-attachment":"scroll","background-type":"","background-media":"","overlay-type":"","overlay-color":"","overlay-opacity":"","overlay-gradient":""}},"ast-content-background-meta":{"desktop":{"background-color":"var(--ast-global-color-5)","background-image":"","background-repeat":"repeat","background-position":"center center","background-size":"auto","background-attachment":"scroll","background-type":"","background-media":"","overlay-type":"","overlay-color":"","overlay-opacity":"","overlay-gradient":""},"tablet":{"background-color":"var(--ast-global-color-5)","background-image":"","background-repeat":"repeat","background-position":"center center","background-size":"auto","background-attachment":"scroll","background-type":"","background-media":"","overlay-type":"","overlay-color":"","overlay-opacity":"","overlay-gradient":""},"mobile":{"background-color":"var(--ast-global-color-5)","background-image":"","background-repeat":"repeat","background-position":"center center","background-size":"auto","background-attachment":"scroll","background-type":"","background-media":"","overlay-type":"","overlay-color":"","overlay-opacity":"","overlay-gradient":""}}},"product_cat":[69,62],"product_tag":[34],"class_list":{"0":"post-850","1":"product","2":"type-product","3":"status-publish","4":"has-post-thumbnail","6":"product_cat-smakowe","7":"product_cat-soki-2","8":"product_tag-etykieta-eko","9":"desktop-align-center","10":"tablet-align-left","11":"mobile-align-left","13":"first","14":"onbackorder","15":"purchasable","16":"product-type-simple"},"_links":{"self":[{"href":"https:\/\/los-odpowiedzialni-spolecznie.pl\/en\/wp-json\/wp\/v2\/product\/850","targetHints":{"allow":["GET"]}}],"collection":[{"href":"https:\/\/los-odpowiedzialni-spolecznie.pl\/en\/wp-json\/wp\/v2\/product"}],"about":[{"href":"https:\/\/los-odpowiedzialni-spolecznie.pl\/en\/wp-json\/wp\/v2\/types\/product"}],"wp:featuredmedia":[{"embeddable":true,"href":"https:\/\/los-odpowiedzialni-spolecznie.pl\/en\/wp-json\/wp\/v2\/media\/903"}],"wp:attachment":[{"href":"https:\/\/los-odpowiedzialni-spolecznie.pl\/en\/wp-json\/wp\/v2\/media?parent=850"}],"wp:term":[{"taxonomy":"product_cat","embeddable":true,"href":"https:\/\/los-odpowiedzialni-spolecznie.pl\/en\/wp-json\/wp\/v2\/product_cat?post=850"},{"taxonomy":"product_tag","embeddable":true,"href":"https:\/\/los-odpowiedzialni-spolecznie.pl\/en\/wp-json\/wp\/v2\/product_tag?post=850"}],"curies":[{"name":"wp","href":"https:\/\/api.w.org\/{rel}","templated":true}]}}