{"id":849,"date":"2024-12-23T15:57:49","date_gmt":"2024-12-23T14:57:49","guid":{"rendered":"https:\/\/los-odpowiedzialni-spolecznie.pl\/?post_type=product&#038;p=849"},"modified":"2024-12-23T16:02:15","modified_gmt":"2024-12-23T15:02:15","slug":"sok-z-cytryny-bio-250ml","status":"publish","type":"product","link":"https:\/\/los-odpowiedzialni-spolecznie.pl\/en\/sklep\/produkty-spozywcze\/soki-2\/smakowe\/sok-z-cytryny-bio-250ml\/","title":{"rendered":"Sok z cytryny BIO 250ml"},"content":{"rendered":"<h3>Opis Produktu<\/h3>\n<p>Produkt pasteryzowany. Bezpo\u015bredni sok (nie z koncentratu) z ekologicznych cytryn, pochodz\u0105cych z Sycylii. Polecamy jako dodatek do herbaty, a tak\u017ce do marynat i sos\u00f3w. \u015awietnie komponuje si\u0119 z sorbetami oraz orze\u017awiaj\u0105cymi napojami.<\/p>\n<p><strong>Dlaczego Warto pi\u0107 sok z cytryny<\/strong><\/p>\n<p>Picie soku cytrynowego BIO\u00a0<b>pozwala na utrzymanie odpowiedniego poziomu pH w organizmie i mo\u017ce dzia\u0142a\u0107 odkwaszaj\u0105co<\/b>. Sok z tego owocu mo\u017ce r\u00f3wnie\u017c przyspiesza\u0107 gojenie si\u0119 ran, dzia\u0142a\u0107 wzmacniaj\u0105co na naczynia krwiono\u015bne. Mo\u017ce by\u0107 r\u00f3wnie\u017c pomocny przy b\u00f3lach g\u0142owy.<\/p>\n<p>&nbsp;<\/p>\n<p><strong>SK\u0141ADNIKI<\/strong><br \/>\nbezpo\u015bredni sok z cytryn z Sycylii* (100 %) (*certyfikowany sk\u0142adnik ekologiczny)<\/p>\n<p><strong>WARTO\u015a\u0106 OD\u017bYWCZA W 100 g<\/strong><br \/>\nWarto\u015b\u0107 energetyczna &#8211; 122 kJ \/ 29 kcal<br \/>\nT\u0142uszcz &#8211; 0,1 g<br \/>\nw tym kwasy t\u0142uszczowe nasycone &#8211; 0 g<br \/>\nW\u0119glowodany &#8211; 6,5 g<br \/>\nw tym cukry &#8211; 1,8 g<br \/>\nB\u0142onnik &#8211; 0,4 g<br \/>\nBia\u0142ko &#8211; 0,4 g<br \/>\nS\u00f3l &#8211; 0 g<\/p>\n<h3>Dodatkowe informacje<\/h3>\n<p><strong>ZALECANE WARUNKI PRZECHOWYWANIA<\/strong><br \/>\nPo otwarciu przechowywa\u0107 w lod\u00f3wce i spo\u017cy\u0107 w ciagu 10 dni.<\/p>","protected":false},"excerpt":{"rendered":"<p>Opis Produktu Produkt pasteryzowany. Bezpo\u015bredni sok (nie z koncentratu) z ekologicznych cytryn, pochodz\u0105cych z Sycylii. Polecamy jako dodatek do herbaty, a tak\u017ce do marynat i sos\u00f3w. \u015awietnie komponuje si\u0119 z sorbetami oraz orze\u017awiaj\u0105cymi napojami. Dlaczego Warto pi\u0107 sok z cytryny Picie soku cytrynowego BIO\u00a0pozwala na utrzymanie odpowiedniego poziomu pH w organizmie i mo\u017ce dzia\u0142a\u0107 odkwaszaj\u0105co. [&hellip;]<\/p>","protected":false},"featured_media":902,"template":"","meta":{"site-sidebar-layout":"default","site-content-layout":"","ast-site-content-layout":"default","site-content-style":"default","site-sidebar-style":"default","ast-global-header-display":"","ast-banner-title-visibility":"","ast-main-header-display":"","ast-hfb-above-header-display":"","ast-hfb-below-header-display":"","ast-hfb-mobile-header-display":"","site-post-title":"","ast-breadcrumbs-content":"","ast-featured-img":"","footer-sml-layout":"","theme-transparent-header-meta":"default","adv-header-id-meta":"","stick-header-meta":"","header-above-stick-meta":"","header-main-stick-meta":"","header-below-stick-meta":"","astra-migrate-meta-layouts":"set","ast-page-background-enabled":"default","ast-page-background-meta":{"desktop":{"background-color":"var(--ast-global-color-4)","background-image":"","background-repeat":"repeat","background-position":"center center","background-size":"auto","background-attachment":"scroll","background-type":"","background-media":"","overlay-type":"","overlay-color":"","overlay-opacity":"","overlay-gradient":""},"tablet":{"background-color":"","background-image":"","background-repeat":"repeat","background-position":"center center","background-size":"auto","background-attachment":"scroll","background-type":"","background-media":"","overlay-type":"","overlay-color":"","overlay-opacity":"","overlay-gradient":""},"mobile":{"background-color":"","background-image":"","background-repeat":"repeat","background-position":"center center","background-size":"auto","background-attachment":"scroll","background-type":"","background-media":"","overlay-type":"","overlay-color":"","overlay-opacity":"","overlay-gradient":""}},"ast-content-background-meta":{"desktop":{"background-color":"var(--ast-global-color-5)","background-image":"","background-repeat":"repeat","background-position":"center center","background-size":"auto","background-attachment":"scroll","background-type":"","background-media":"","overlay-type":"","overlay-color":"","overlay-opacity":"","overlay-gradient":""},"tablet":{"background-color":"var(--ast-global-color-5)","background-image":"","background-repeat":"repeat","background-position":"center center","background-size":"auto","background-attachment":"scroll","background-type":"","background-media":"","overlay-type":"","overlay-color":"","overlay-opacity":"","overlay-gradient":""},"mobile":{"background-color":"var(--ast-global-color-5)","background-image":"","background-repeat":"repeat","background-position":"center center","background-size":"auto","background-attachment":"scroll","background-type":"","background-media":"","overlay-type":"","overlay-color":"","overlay-opacity":"","overlay-gradient":""}}},"product_cat":[69,62],"product_tag":[34],"class_list":{"0":"post-849","1":"product","2":"type-product","3":"status-publish","4":"has-post-thumbnail","6":"product_cat-smakowe","7":"product_cat-soki-2","8":"product_tag-etykieta-eko","9":"desktop-align-center","10":"tablet-align-left","11":"mobile-align-left","13":"first","14":"onbackorder","15":"purchasable","16":"product-type-simple"},"_links":{"self":[{"href":"https:\/\/los-odpowiedzialni-spolecznie.pl\/en\/wp-json\/wp\/v2\/product\/849","targetHints":{"allow":["GET"]}}],"collection":[{"href":"https:\/\/los-odpowiedzialni-spolecznie.pl\/en\/wp-json\/wp\/v2\/product"}],"about":[{"href":"https:\/\/los-odpowiedzialni-spolecznie.pl\/en\/wp-json\/wp\/v2\/types\/product"}],"wp:featuredmedia":[{"embeddable":true,"href":"https:\/\/los-odpowiedzialni-spolecznie.pl\/en\/wp-json\/wp\/v2\/media\/902"}],"wp:attachment":[{"href":"https:\/\/los-odpowiedzialni-spolecznie.pl\/en\/wp-json\/wp\/v2\/media?parent=849"}],"wp:term":[{"taxonomy":"product_cat","embeddable":true,"href":"https:\/\/los-odpowiedzialni-spolecznie.pl\/en\/wp-json\/wp\/v2\/product_cat?post=849"},{"taxonomy":"product_tag","embeddable":true,"href":"https:\/\/los-odpowiedzialni-spolecznie.pl\/en\/wp-json\/wp\/v2\/product_tag?post=849"}],"curies":[{"name":"wp","href":"https:\/\/api.w.org\/{rel}","templated":true}]}}