{"id":848,"date":"2024-12-23T15:57:48","date_gmt":"2024-12-23T14:57:48","guid":{"rendered":"https:\/\/los-odpowiedzialni-spolecznie.pl\/?post_type=product&#038;p=848"},"modified":"2024-12-23T16:02:13","modified_gmt":"2024-12-23T15:02:13","slug":"sok-z-limonki-bio-250-ml","status":"publish","type":"product","link":"https:\/\/los-odpowiedzialni-spolecznie.pl\/en\/sklep\/produkty-spozywcze\/soki-2\/smakowe\/sok-z-limonki-bio-250-ml\/","title":{"rendered":"SOK Z LIMONKI BIO 250 ml"},"content":{"rendered":"<h3>Opis Produktu<\/h3>\n<p>Sok z limonki to p\u0142yn otrzymywany z wyci\u015bni\u0119tych limonek. Jest to popularny sk\u0142adnik u\u017cywany w wielu przepisach kulinarnych, zw\u0142aszcza w kuchni azjatyckiej, koktajlach i napojach. Sok z limonki ma kwasowy smak i jest bogaty w witamin\u0119 C. Mo\u017ce by\u0107 u\u017cywany jako naturalny \u015brodek konserwuj\u0105cy, dodawany do da\u0144 mi\u0119snych, sa\u0142atek, sos\u00f3w, a tak\u017ce do przygotowywania lemoniady, margarity czy innych napoj\u00f3w cytrusowych. Bogate \u017ar\u00f3d\u0142o antyoksydant\u00f3w, sok z limonki mo\u017ce pom\u00f3c w detoksykacji organizmu i wzmocni\u0107 systemy odporno\u015bciowe. Mo\u017ce by\u0107 r\u00f3wnie\u017c stosowany zewn\u0119trznie do piel\u0119gnacji sk\u00f3ry i w\u0142os\u00f3w.<\/p>\n<p><strong>SK\u0141ADNIKI<\/strong><br \/>\nsok z limonek* (certyfikowany sk\u0142adnik ekologiczny)<\/p>\n<p><strong>WARTO\u015a\u0106 OD\u017bYWCZA W 100 g<\/strong><br \/>\nWarto\u015b\u0107 energetyczna &#8211; 121 kJ \/ 29 kcal<br \/>\nT\u0142uszcz &#8211; 0,1 g<br \/>\nw tym kwasy t\u0142uszczowe nasycone &#8211; 0 g<br \/>\nW\u0119glowodany &#8211; 6,2 g<br \/>\nw tym cukry &#8211; 1,6 g<br \/>\nBia\u0142ko &#8211; 0,7 g<br \/>\nS\u00f3l &#8211; 0 g<\/p>\n<h3>Dodatkowe informacje<\/h3>\n<p><strong>ZALECANE WARUNKI PRZECHOWYWANIA<\/strong><br \/>\nPrzechowywa\u0107 w lod\u00f3wce i spo\u017cy\u0107 w ci\u0105gu 10 dni.<\/p>\n<p>Produkt pasteryzowany.<\/p>\n<p><strong>Pojemno\u015b\u0107<\/strong> 250ml<\/p>\n<p>&nbsp;<\/p>","protected":false},"excerpt":{"rendered":"<p>Opis Produktu Sok z limonki to p\u0142yn otrzymywany z wyci\u015bni\u0119tych limonek. Jest to popularny sk\u0142adnik u\u017cywany w wielu przepisach kulinarnych, zw\u0142aszcza w kuchni azjatyckiej, koktajlach i napojach. Sok z limonki ma kwasowy smak i jest bogaty w witamin\u0119 C. Mo\u017ce by\u0107 u\u017cywany jako naturalny \u015brodek konserwuj\u0105cy, dodawany do da\u0144 mi\u0119snych, sa\u0142atek, sos\u00f3w, a tak\u017ce do [&hellip;]<\/p>","protected":false},"featured_media":901,"template":"","meta":{"site-sidebar-layout":"default","site-content-layout":"","ast-site-content-layout":"default","site-content-style":"default","site-sidebar-style":"default","ast-global-header-display":"","ast-banner-title-visibility":"","ast-main-header-display":"","ast-hfb-above-header-display":"","ast-hfb-below-header-display":"","ast-hfb-mobile-header-display":"","site-post-title":"","ast-breadcrumbs-content":"","ast-featured-img":"","footer-sml-layout":"","theme-transparent-header-meta":"default","adv-header-id-meta":"","stick-header-meta":"","header-above-stick-meta":"","header-main-stick-meta":"","header-below-stick-meta":"","astra-migrate-meta-layouts":"set","ast-page-background-enabled":"default","ast-page-background-meta":{"desktop":{"background-color":"var(--ast-global-color-4)","background-image":"","background-repeat":"repeat","background-position":"center center","background-size":"auto","background-attachment":"scroll","background-type":"","background-media":"","overlay-type":"","overlay-color":"","overlay-opacity":"","overlay-gradient":""},"tablet":{"background-color":"","background-image":"","background-repeat":"repeat","background-position":"center center","background-size":"auto","background-attachment":"scroll","background-type":"","background-media":"","overlay-type":"","overlay-color":"","overlay-opacity":"","overlay-gradient":""},"mobile":{"background-color":"","background-image":"","background-repeat":"repeat","background-position":"center center","background-size":"auto","background-attachment":"scroll","background-type":"","background-media":"","overlay-type":"","overlay-color":"","overlay-opacity":"","overlay-gradient":""}},"ast-content-background-meta":{"desktop":{"background-color":"var(--ast-global-color-5)","background-image":"","background-repeat":"repeat","background-position":"center center","background-size":"auto","background-attachment":"scroll","background-type":"","background-media":"","overlay-type":"","overlay-color":"","overlay-opacity":"","overlay-gradient":""},"tablet":{"background-color":"var(--ast-global-color-5)","background-image":"","background-repeat":"repeat","background-position":"center center","background-size":"auto","background-attachment":"scroll","background-type":"","background-media":"","overlay-type":"","overlay-color":"","overlay-opacity":"","overlay-gradient":""},"mobile":{"background-color":"var(--ast-global-color-5)","background-image":"","background-repeat":"repeat","background-position":"center center","background-size":"auto","background-attachment":"scroll","background-type":"","background-media":"","overlay-type":"","overlay-color":"","overlay-opacity":"","overlay-gradient":""}}},"product_cat":[69,62],"product_tag":[34],"class_list":{"0":"post-848","1":"product","2":"type-product","3":"status-publish","4":"has-post-thumbnail","6":"product_cat-smakowe","7":"product_cat-soki-2","8":"product_tag-etykieta-eko","9":"desktop-align-center","10":"tablet-align-left","11":"mobile-align-left","13":"first","14":"onbackorder","15":"purchasable","16":"product-type-simple"},"_links":{"self":[{"href":"https:\/\/los-odpowiedzialni-spolecznie.pl\/en\/wp-json\/wp\/v2\/product\/848","targetHints":{"allow":["GET"]}}],"collection":[{"href":"https:\/\/los-odpowiedzialni-spolecznie.pl\/en\/wp-json\/wp\/v2\/product"}],"about":[{"href":"https:\/\/los-odpowiedzialni-spolecznie.pl\/en\/wp-json\/wp\/v2\/types\/product"}],"wp:featuredmedia":[{"embeddable":true,"href":"https:\/\/los-odpowiedzialni-spolecznie.pl\/en\/wp-json\/wp\/v2\/media\/901"}],"wp:attachment":[{"href":"https:\/\/los-odpowiedzialni-spolecznie.pl\/en\/wp-json\/wp\/v2\/media?parent=848"}],"wp:term":[{"taxonomy":"product_cat","embeddable":true,"href":"https:\/\/los-odpowiedzialni-spolecznie.pl\/en\/wp-json\/wp\/v2\/product_cat?post=848"},{"taxonomy":"product_tag","embeddable":true,"href":"https:\/\/los-odpowiedzialni-spolecznie.pl\/en\/wp-json\/wp\/v2\/product_tag?post=848"}],"curies":[{"name":"wp","href":"https:\/\/api.w.org\/{rel}","templated":true}]}}