{"id":841,"date":"2024-12-23T15:57:25","date_gmt":"2024-12-23T14:57:25","guid":{"rendered":"https:\/\/los-odpowiedzialni-spolecznie.pl\/?post_type=product&#038;p=841"},"modified":"2024-12-23T16:02:03","modified_gmt":"2024-12-23T15:02:03","slug":"bonum-yellow-bourbon-kawa-ziarnista-250g","status":"publish","type":"product","link":"https:\/\/los-odpowiedzialni-spolecznie.pl\/en\/sklep\/produkty-spozywcze\/kawy-2\/ziarniste\/bonum-yellow-bourbon-kawa-ziarnista-250g\/","title":{"rendered":"BONUM Yellow Bourbon Kawa ziarnista 250g"},"content":{"rendered":"<h3>Opis Produktu<\/h3>\n<p>Kawa Yellow Bourbon jest esencj\u0105 tego, co najlepsze w brazylijskiej kawie. Charakterystyczne, kremowe \u201ebody\u201d sprawia, \u017ce kawa jest jedyna w swoim rodzaju. Pozyskiwanie ziaren odmiany Yellow Bourbon nie jest \u0142atwe. Owoce rosn\u0105 wy\u0142\u0105cznie na obszarach g\u00f3rskich, kt\u00f3re ze wzgl\u0119du na wymagania klimatyczne i topograficzne wymagaj\u0105 niemal w ca\u0142o\u015bci podejmowania dzia\u0142a\u0144 r\u0119cznych.<\/p>\n<p>Cech\u0105 charakterystyczn\u0105 odmiany Yellow Bourbon jest metoda jej obr\u00f3bki. Dzi\u0119ki pozbawieniu sk\u00f3rki kawowej, owoce mog\u0105 swobodnie suszy\u0107 si\u0119 na s\u0142o\u0144cu, dzi\u0119ki czemu owocowa s\u0142odycz zawarta w mi\u0105\u017cszu i jej naturalnie owocowe aromaty wch\u0142aniane s\u0105 przez ziarna. Ten unikatowy smak mo\u017cemy nast\u0119pnie znale\u017a\u0107 w naszej fili\u017cance.<\/p>\n<p>&nbsp;<\/p>\n<p><strong>Sk\u0142ad:<\/strong>\u00a0100% Arabica<\/p>\n<p><strong>Kraj pochodzenia:<\/strong>\u00a0Brazylia<\/p>\n<p><strong>Nuta smakowa<\/strong>:\u00a0Nuta orzechowa, czekoladowa, cytrynowa.<\/p>\n<p>Kwasowo\u015b\u0107: 2\/5<\/p>\n<p>Intensywno\u015b\u0107: 3\/5<\/p>\n<p>Palenie: 3\/5<\/p>","protected":false},"excerpt":{"rendered":"<p>Opis Produktu Kawa Yellow Bourbon jest esencj\u0105 tego, co najlepsze w brazylijskiej kawie. Charakterystyczne, kremowe \u201ebody\u201d sprawia, \u017ce kawa jest jedyna w swoim rodzaju. Pozyskiwanie ziaren odmiany Yellow Bourbon nie jest \u0142atwe. Owoce rosn\u0105 wy\u0142\u0105cznie na obszarach g\u00f3rskich, kt\u00f3re ze wzgl\u0119du na wymagania klimatyczne i topograficzne wymagaj\u0105 niemal w ca\u0142o\u015bci podejmowania dzia\u0142a\u0144 r\u0119cznych. Cech\u0105 charakterystyczn\u0105 [&hellip;]<\/p>","protected":false},"featured_media":896,"template":"","meta":{"site-sidebar-layout":"default","site-content-layout":"","ast-site-content-layout":"default","site-content-style":"default","site-sidebar-style":"default","ast-global-header-display":"","ast-banner-title-visibility":"","ast-main-header-display":"","ast-hfb-above-header-display":"","ast-hfb-below-header-display":"","ast-hfb-mobile-header-display":"","site-post-title":"","ast-breadcrumbs-content":"","ast-featured-img":"","footer-sml-layout":"","theme-transparent-header-meta":"default","adv-header-id-meta":"","stick-header-meta":"","header-above-stick-meta":"","header-main-stick-meta":"","header-below-stick-meta":"","astra-migrate-meta-layouts":"set","ast-page-background-enabled":"default","ast-page-background-meta":{"desktop":{"background-color":"var(--ast-global-color-4)","background-image":"","background-repeat":"repeat","background-position":"center center","background-size":"auto","background-attachment":"scroll","background-type":"","background-media":"","overlay-type":"","overlay-color":"","overlay-opacity":"","overlay-gradient":""},"tablet":{"background-color":"","background-image":"","background-repeat":"repeat","background-position":"center center","background-size":"auto","background-attachment":"scroll","background-type":"","background-media":"","overlay-type":"","overlay-color":"","overlay-opacity":"","overlay-gradient":""},"mobile":{"background-color":"","background-image":"","background-repeat":"repeat","background-position":"center center","background-size":"auto","background-attachment":"scroll","background-type":"","background-media":"","overlay-type":"","overlay-color":"","overlay-opacity":"","overlay-gradient":""}},"ast-content-background-meta":{"desktop":{"background-color":"var(--ast-global-color-5)","background-image":"","background-repeat":"repeat","background-position":"center center","background-size":"auto","background-attachment":"scroll","background-type":"","background-media":"","overlay-type":"","overlay-color":"","overlay-opacity":"","overlay-gradient":""},"tablet":{"background-color":"var(--ast-global-color-5)","background-image":"","background-repeat":"repeat","background-position":"center center","background-size":"auto","background-attachment":"scroll","background-type":"","background-media":"","overlay-type":"","overlay-color":"","overlay-opacity":"","overlay-gradient":""},"mobile":{"background-color":"var(--ast-global-color-5)","background-image":"","background-repeat":"repeat","background-position":"center center","background-size":"auto","background-attachment":"scroll","background-type":"","background-media":"","overlay-type":"","overlay-color":"","overlay-opacity":"","overlay-gradient":""}}},"product_cat":[40,41],"product_tag":[70],"class_list":{"0":"post-841","1":"product","2":"type-product","3":"status-publish","4":"has-post-thumbnail","6":"product_cat-kawy-2","7":"product_cat-ziarniste","8":"product_tag-eko","9":"desktop-align-center","10":"tablet-align-left","11":"mobile-align-left","13":"first","14":"instock","15":"taxable","16":"shipping-taxable","17":"purchasable","18":"product-type-simple"},"_links":{"self":[{"href":"https:\/\/los-odpowiedzialni-spolecznie.pl\/en\/wp-json\/wp\/v2\/product\/841","targetHints":{"allow":["GET"]}}],"collection":[{"href":"https:\/\/los-odpowiedzialni-spolecznie.pl\/en\/wp-json\/wp\/v2\/product"}],"about":[{"href":"https:\/\/los-odpowiedzialni-spolecznie.pl\/en\/wp-json\/wp\/v2\/types\/product"}],"wp:featuredmedia":[{"embeddable":true,"href":"https:\/\/los-odpowiedzialni-spolecznie.pl\/en\/wp-json\/wp\/v2\/media\/896"}],"wp:attachment":[{"href":"https:\/\/los-odpowiedzialni-spolecznie.pl\/en\/wp-json\/wp\/v2\/media?parent=841"}],"wp:term":[{"taxonomy":"product_cat","embeddable":true,"href":"https:\/\/los-odpowiedzialni-spolecznie.pl\/en\/wp-json\/wp\/v2\/product_cat?post=841"},{"taxonomy":"product_tag","embeddable":true,"href":"https:\/\/los-odpowiedzialni-spolecznie.pl\/en\/wp-json\/wp\/v2\/product_tag?post=841"}],"curies":[{"name":"wp","href":"https:\/\/api.w.org\/{rel}","templated":true}]}}