{"id":834,"date":"2024-12-23T15:56:58","date_gmt":"2024-12-23T14:56:58","guid":{"rendered":"https:\/\/los-odpowiedzialni-spolecznie.pl\/?post_type=product&#038;p=834"},"modified":"2024-12-23T16:01:14","modified_gmt":"2024-12-23T15:01:14","slug":"bonum-espresso-creme-kawa-ziarnista-250g","status":"publish","type":"product","link":"https:\/\/los-odpowiedzialni-spolecznie.pl\/en\/sklep\/produkty-spozywcze\/kawy-2\/ziarniste\/bonum-espresso-creme-kawa-ziarnista-250g\/","title":{"rendered":"BONUM Espresso Cr\u00e8me Kawa ziarnista 250g"},"content":{"rendered":"<h3>Opis Produktu<\/h3>\n<p>Kawa BONUM Espresso Cr\u00e8me to kontynuacja pierwszej naszej kawy z linii BONUM.<\/p>\n<p>Obecnie sami komponujemy jej smak, kt\u00f3ry zbli\u017cony jest do wcze\u015bniejszej wersji.<\/p>\n<p>Wyselekcjonowane ziarna arabiki Brazylia Santos oraz szczypta wysokiej jako\u015bci indyjskiej robusty India Cherry AA, nadaj\u0105 jej wyrazisty smak i aromat.<\/p>\n<p>Wyrazista, pe\u0142na i intensywna.<\/p>\n<p>Znakomita z mlekiem lub \u015bmietank\u0105.<\/p>\n<p>&nbsp;<\/p>\n<p><strong>Sk\u0142ad:<\/strong>\u00a0wyselekcjonowana mieszanka kaw: arabica (ok. 70%) i robusta (ok. 30%).<\/p>\n<p><strong>Kraj pochodzenia:<\/strong>\u00a0Arabica \u2013 Brazylia Santos, Robusta \u2013 India Cherry AA<\/p>\n<p><strong>Nuta smakowa:<\/strong>\u00a0gorzka czekolada<\/p>\n<p>Kwasowo\u015b\u0107: 1\/5<\/p>\n<p>Intensywno\u015b\u0107: 4\/5<\/p>\n<p>Palenie: 3\/5<\/p>","protected":false},"excerpt":{"rendered":"<p>Opis Produktu Kawa BONUM Espresso Cr\u00e8me to kontynuacja pierwszej naszej kawy z linii BONUM. Obecnie sami komponujemy jej smak, kt\u00f3ry zbli\u017cony jest do wcze\u015bniejszej wersji. Wyselekcjonowane ziarna arabiki Brazylia Santos oraz szczypta wysokiej jako\u015bci indyjskiej robusty India Cherry AA, nadaj\u0105 jej wyrazisty smak i aromat. Wyrazista, pe\u0142na i intensywna. Znakomita z mlekiem lub \u015bmietank\u0105. &nbsp; [&hellip;]<\/p>","protected":false},"featured_media":891,"template":"","meta":{"site-sidebar-layout":"default","site-content-layout":"","ast-site-content-layout":"default","site-content-style":"default","site-sidebar-style":"default","ast-global-header-display":"","ast-banner-title-visibility":"","ast-main-header-display":"","ast-hfb-above-header-display":"","ast-hfb-below-header-display":"","ast-hfb-mobile-header-display":"","site-post-title":"","ast-breadcrumbs-content":"","ast-featured-img":"","footer-sml-layout":"","theme-transparent-header-meta":"default","adv-header-id-meta":"","stick-header-meta":"","header-above-stick-meta":"","header-main-stick-meta":"","header-below-stick-meta":"","astra-migrate-meta-layouts":"set","ast-page-background-enabled":"default","ast-page-background-meta":{"desktop":{"background-color":"var(--ast-global-color-4)","background-image":"","background-repeat":"repeat","background-position":"center center","background-size":"auto","background-attachment":"scroll","background-type":"","background-media":"","overlay-type":"","overlay-color":"","overlay-opacity":"","overlay-gradient":""},"tablet":{"background-color":"","background-image":"","background-repeat":"repeat","background-position":"center center","background-size":"auto","background-attachment":"scroll","background-type":"","background-media":"","overlay-type":"","overlay-color":"","overlay-opacity":"","overlay-gradient":""},"mobile":{"background-color":"","background-image":"","background-repeat":"repeat","background-position":"center center","background-size":"auto","background-attachment":"scroll","background-type":"","background-media":"","overlay-type":"","overlay-color":"","overlay-opacity":"","overlay-gradient":""}},"ast-content-background-meta":{"desktop":{"background-color":"var(--ast-global-color-5)","background-image":"","background-repeat":"repeat","background-position":"center center","background-size":"auto","background-attachment":"scroll","background-type":"","background-media":"","overlay-type":"","overlay-color":"","overlay-opacity":"","overlay-gradient":""},"tablet":{"background-color":"var(--ast-global-color-5)","background-image":"","background-repeat":"repeat","background-position":"center center","background-size":"auto","background-attachment":"scroll","background-type":"","background-media":"","overlay-type":"","overlay-color":"","overlay-opacity":"","overlay-gradient":""},"mobile":{"background-color":"var(--ast-global-color-5)","background-image":"","background-repeat":"repeat","background-position":"center center","background-size":"auto","background-attachment":"scroll","background-type":"","background-media":"","overlay-type":"","overlay-color":"","overlay-opacity":"","overlay-gradient":""}}},"product_cat":[40,41],"product_tag":[70],"class_list":{"0":"post-834","1":"product","2":"type-product","3":"status-publish","4":"has-post-thumbnail","6":"product_cat-kawy-2","7":"product_cat-ziarniste","8":"product_tag-eko","9":"desktop-align-center","10":"tablet-align-left","11":"mobile-align-left","13":"first","14":"instock","15":"taxable","16":"shipping-taxable","17":"purchasable","18":"product-type-simple"},"_links":{"self":[{"href":"https:\/\/los-odpowiedzialni-spolecznie.pl\/en\/wp-json\/wp\/v2\/product\/834","targetHints":{"allow":["GET"]}}],"collection":[{"href":"https:\/\/los-odpowiedzialni-spolecznie.pl\/en\/wp-json\/wp\/v2\/product"}],"about":[{"href":"https:\/\/los-odpowiedzialni-spolecznie.pl\/en\/wp-json\/wp\/v2\/types\/product"}],"wp:featuredmedia":[{"embeddable":true,"href":"https:\/\/los-odpowiedzialni-spolecznie.pl\/en\/wp-json\/wp\/v2\/media\/891"}],"wp:attachment":[{"href":"https:\/\/los-odpowiedzialni-spolecznie.pl\/en\/wp-json\/wp\/v2\/media?parent=834"}],"wp:term":[{"taxonomy":"product_cat","embeddable":true,"href":"https:\/\/los-odpowiedzialni-spolecznie.pl\/en\/wp-json\/wp\/v2\/product_cat?post=834"},{"taxonomy":"product_tag","embeddable":true,"href":"https:\/\/los-odpowiedzialni-spolecznie.pl\/en\/wp-json\/wp\/v2\/product_tag?post=834"}],"curies":[{"name":"wp","href":"https:\/\/api.w.org\/{rel}","templated":true}]}}