{"id":832,"date":"2024-12-23T15:56:58","date_gmt":"2024-12-23T14:56:58","guid":{"rendered":"https:\/\/los-odpowiedzialni-spolecznie.pl\/?post_type=product&#038;p=832"},"modified":"2024-12-23T16:00:35","modified_gmt":"2024-12-23T15:00:35","slug":"sianko-wigilijne-z-trawa-zubrowka-eko-8-12g","status":"publish","type":"product","link":"https:\/\/los-odpowiedzialni-spolecznie.pl\/en\/sklep\/srodki-czystosci\/eko-produkty-dla-domu-i-szkoly\/sianko-wigilijne-z-trawa-zubrowka-eko-8-12g\/","title":{"rendered":"Sianko Wigilijne z Traw\u0105 \u017bubr\u00f3wk\u0105 EKO 8-12g"},"content":{"rendered":"<h3>Opis Produktu<\/h3>\n<p class=\"name\"><strong>Sianko Wigilijne z Traw\u0105 \u017bubr\u00f3wk\u0105 EKO 8-12g<\/strong><\/p>\n<div id=\"box_description\" class=\"tab-wrap\">\n<div class=\"resetcss\">\n<div class=\"text\">\n<p>\u00a0 Sianko wigilijne to przede wszystkim kontynuacja pi\u0119knej tradycji wigilijnego sto\u0142u. Nieodzownym elementem Wigilii Bo\u017cego Narodzenia by\u0142o przykrywanie sto\u0142u bia\u0142ym obrusem pod kt\u00f3ry wk\u0142adano sianko. By\u0142 to symbol skromno\u015bci i ub\u00f3stwa, w jakim na \u015bwiat przyszed\u0142 Jezus. Wierzono r\u00f3wnie\u017c, ze zapewni to wszystkim domownikom pomy\u015blno\u015b\u0107 i dostatek w nadchodz\u0105cym roku. W niekt\u00f3rych rejonach Polski wyci\u0105ga\u0142o si\u0119 \u017ad\u017ab\u0142a siana spod obrusa \u2013 zielone symbolizowa\u0142o zdrowie, \u017ad\u017ab\u0142o z k\u0142osami \u2013 dostatek, a suche \u2013 z\u0142e samopoczucie. Zwyczaj ten, cho\u0107 coraz bardziej zapomniany nadal jest kultywowany w wielu domach na terenach Podlasia.<\/p>\n<\/div>\n<div class=\"attributes\">\n<div class=\"item\">\n<div class=\"attr-name\">\n<div><strong>Opakowanie:<\/strong><\/div>\n<div>\n<p>8-12g<\/p>\n<\/div>\n<\/div>\n<\/div>\n<\/div>\n<\/div>\n<\/div>","protected":false},"excerpt":{"rendered":"<p>Opis Produktu Sianko Wigilijne z Traw\u0105 \u017bubr\u00f3wk\u0105 EKO 8-12g \u00a0 Sianko wigilijne to przede wszystkim kontynuacja pi\u0119knej tradycji wigilijnego sto\u0142u. Nieodzownym elementem Wigilii Bo\u017cego Narodzenia by\u0142o przykrywanie sto\u0142u bia\u0142ym obrusem pod kt\u00f3ry wk\u0142adano sianko. By\u0142 to symbol skromno\u015bci i ub\u00f3stwa, w jakim na \u015bwiat przyszed\u0142 Jezus. Wierzono r\u00f3wnie\u017c, ze zapewni to wszystkim domownikom pomy\u015blno\u015b\u0107 i [&hellip;]<\/p>","protected":false},"featured_media":887,"template":"","meta":{"site-sidebar-layout":"default","site-content-layout":"","ast-site-content-layout":"default","site-content-style":"default","site-sidebar-style":"default","ast-global-header-display":"","ast-banner-title-visibility":"","ast-main-header-display":"","ast-hfb-above-header-display":"","ast-hfb-below-header-display":"","ast-hfb-mobile-header-display":"","site-post-title":"","ast-breadcrumbs-content":"","ast-featured-img":"","footer-sml-layout":"","theme-transparent-header-meta":"default","adv-header-id-meta":"","stick-header-meta":"","header-above-stick-meta":"","header-main-stick-meta":"","header-below-stick-meta":"","astra-migrate-meta-layouts":"set","ast-page-background-enabled":"default","ast-page-background-meta":{"desktop":{"background-color":"var(--ast-global-color-4)","background-image":"","background-repeat":"repeat","background-position":"center center","background-size":"auto","background-attachment":"scroll","background-type":"","background-media":"","overlay-type":"","overlay-color":"","overlay-opacity":"","overlay-gradient":""},"tablet":{"background-color":"","background-image":"","background-repeat":"repeat","background-position":"center center","background-size":"auto","background-attachment":"scroll","background-type":"","background-media":"","overlay-type":"","overlay-color":"","overlay-opacity":"","overlay-gradient":""},"mobile":{"background-color":"","background-image":"","background-repeat":"repeat","background-position":"center center","background-size":"auto","background-attachment":"scroll","background-type":"","background-media":"","overlay-type":"","overlay-color":"","overlay-opacity":"","overlay-gradient":""}},"ast-content-background-meta":{"desktop":{"background-color":"var(--ast-global-color-5)","background-image":"","background-repeat":"repeat","background-position":"center center","background-size":"auto","background-attachment":"scroll","background-type":"","background-media":"","overlay-type":"","overlay-color":"","overlay-opacity":"","overlay-gradient":""},"tablet":{"background-color":"var(--ast-global-color-5)","background-image":"","background-repeat":"repeat","background-position":"center center","background-size":"auto","background-attachment":"scroll","background-type":"","background-media":"","overlay-type":"","overlay-color":"","overlay-opacity":"","overlay-gradient":""},"mobile":{"background-color":"var(--ast-global-color-5)","background-image":"","background-repeat":"repeat","background-position":"center center","background-size":"auto","background-attachment":"scroll","background-type":"","background-media":"","overlay-type":"","overlay-color":"","overlay-opacity":"","overlay-gradient":""}}},"product_cat":[68],"product_tag":[],"class_list":{"0":"post-832","1":"product","2":"type-product","3":"status-publish","4":"has-post-thumbnail","6":"product_cat-eko-produkty-dla-domu-i-szkoly","7":"desktop-align-center","8":"tablet-align-left","9":"mobile-align-left","11":"first","12":"instock","13":"purchasable","14":"product-type-simple"},"_links":{"self":[{"href":"https:\/\/los-odpowiedzialni-spolecznie.pl\/en\/wp-json\/wp\/v2\/product\/832","targetHints":{"allow":["GET"]}}],"collection":[{"href":"https:\/\/los-odpowiedzialni-spolecznie.pl\/en\/wp-json\/wp\/v2\/product"}],"about":[{"href":"https:\/\/los-odpowiedzialni-spolecznie.pl\/en\/wp-json\/wp\/v2\/types\/product"}],"wp:featuredmedia":[{"embeddable":true,"href":"https:\/\/los-odpowiedzialni-spolecznie.pl\/en\/wp-json\/wp\/v2\/media\/887"}],"wp:attachment":[{"href":"https:\/\/los-odpowiedzialni-spolecznie.pl\/en\/wp-json\/wp\/v2\/media?parent=832"}],"wp:term":[{"taxonomy":"product_cat","embeddable":true,"href":"https:\/\/los-odpowiedzialni-spolecznie.pl\/en\/wp-json\/wp\/v2\/product_cat?post=832"},{"taxonomy":"product_tag","embeddable":true,"href":"https:\/\/los-odpowiedzialni-spolecznie.pl\/en\/wp-json\/wp\/v2\/product_tag?post=832"}],"curies":[{"name":"wp","href":"https:\/\/api.w.org\/{rel}","templated":true}]}}