{"id":821,"date":"2024-12-23T15:56:30","date_gmt":"2024-12-23T14:56:30","guid":{"rendered":"https:\/\/los-odpowiedzialni-spolecznie.pl\/?post_type=product&#038;p=821"},"modified":"2024-12-23T15:58:55","modified_gmt":"2024-12-23T14:58:55","slug":"cukier-cytrynowy-eko-15g","status":"publish","type":"product","link":"https:\/\/los-odpowiedzialni-spolecznie.pl\/en\/sklep\/produkty-spozywcze\/produkty-slodzace\/cukry\/cukier-cytrynowy-eko-15g\/","title":{"rendered":"Cukier cytrynowy EKO 15g"},"content":{"rendered":"<h3>Opis Produktu<\/h3>\n<p class=\"name\"><strong>Cukier cytrynowy EKO 15g<\/strong><\/p>\n<p>Ekologiczny cukier cytrynowy bez dodatku aromat\u00f3w.<\/p>\n<h3 class=\"tab-title\">Dodatkowe informacje<\/h3>\n<div class=\"resetcss\">\n<p><strong>Sk\u0142adniki:\u00a0<\/strong>cukier trzcinowy*80%, sok z cytryny*10% sk\u00f3rka z cytryny*8%, werbena cytrynowa. *produkty rolnictwa ekologicznego<\/p>\n<p><strong>Warto\u015b\u0107 od\u017cywcza w 100 g produktu:\u00a0<\/strong>warto\u015b\u0107 energetyczna 1384 kJ\/ 326 kcal; T\u0142uszcz 0,1 g; w tym kwasy t\u0142uszczowe nasycone 0,0 g; W\u0119glowodany 81,0 g; w tym cukry 80,0 g; Bia\u0142ko 0,2 g; S\u00f3l 0,1 g.<\/p>\n<p><strong>Masa netto:\u00a0<\/strong>15 g<\/p>\n<p><strong>Warunki przechowywania:\u00a0<\/strong>przechowywa\u0107 w suchym i zacienionym miejscu.<\/p>\n<p><strong>Kod EAN:\u00a0<\/strong>5903246865356<\/p>\n<\/div>","protected":false},"excerpt":{"rendered":"<p>Opis Produktu Cukier cytrynowy EKO 15g Ekologiczny cukier cytrynowy bez dodatku aromat\u00f3w. Dodatkowe informacje Sk\u0142adniki:\u00a0cukier trzcinowy*80%, sok z cytryny*10% sk\u00f3rka z cytryny*8%, werbena cytrynowa. *produkty rolnictwa ekologicznego Warto\u015b\u0107 od\u017cywcza w 100 g produktu:\u00a0warto\u015b\u0107 energetyczna 1384 kJ\/ 326 kcal; T\u0142uszcz 0,1 g; w tym kwasy t\u0142uszczowe nasycone 0,0 g; W\u0119glowodany 81,0 g; w tym cukry 80,0 [&hellip;]<\/p>","protected":false},"featured_media":875,"template":"","meta":{"site-sidebar-layout":"default","site-content-layout":"","ast-site-content-layout":"default","site-content-style":"default","site-sidebar-style":"default","ast-global-header-display":"","ast-banner-title-visibility":"","ast-main-header-display":"","ast-hfb-above-header-display":"","ast-hfb-below-header-display":"","ast-hfb-mobile-header-display":"","site-post-title":"","ast-breadcrumbs-content":"","ast-featured-img":"","footer-sml-layout":"","theme-transparent-header-meta":"default","adv-header-id-meta":"","stick-header-meta":"","header-above-stick-meta":"","header-main-stick-meta":"","header-below-stick-meta":"","astra-migrate-meta-layouts":"set","ast-page-background-enabled":"default","ast-page-background-meta":{"desktop":{"background-color":"var(--ast-global-color-4)","background-image":"","background-repeat":"repeat","background-position":"center center","background-size":"auto","background-attachment":"scroll","background-type":"","background-media":"","overlay-type":"","overlay-color":"","overlay-opacity":"","overlay-gradient":""},"tablet":{"background-color":"","background-image":"","background-repeat":"repeat","background-position":"center center","background-size":"auto","background-attachment":"scroll","background-type":"","background-media":"","overlay-type":"","overlay-color":"","overlay-opacity":"","overlay-gradient":""},"mobile":{"background-color":"","background-image":"","background-repeat":"repeat","background-position":"center center","background-size":"auto","background-attachment":"scroll","background-type":"","background-media":"","overlay-type":"","overlay-color":"","overlay-opacity":"","overlay-gradient":""}},"ast-content-background-meta":{"desktop":{"background-color":"var(--ast-global-color-5)","background-image":"","background-repeat":"repeat","background-position":"center center","background-size":"auto","background-attachment":"scroll","background-type":"","background-media":"","overlay-type":"","overlay-color":"","overlay-opacity":"","overlay-gradient":""},"tablet":{"background-color":"var(--ast-global-color-5)","background-image":"","background-repeat":"repeat","background-position":"center center","background-size":"auto","background-attachment":"scroll","background-type":"","background-media":"","overlay-type":"","overlay-color":"","overlay-opacity":"","overlay-gradient":""},"mobile":{"background-color":"var(--ast-global-color-5)","background-image":"","background-repeat":"repeat","background-position":"center center","background-size":"auto","background-attachment":"scroll","background-type":"","background-media":"","overlay-type":"","overlay-color":"","overlay-opacity":"","overlay-gradient":""}}},"product_cat":[90,89],"product_tag":[34],"class_list":{"0":"post-821","1":"product","2":"type-product","3":"status-publish","4":"has-post-thumbnail","6":"product_cat-cukry","7":"product_cat-produkty-slodzace","8":"product_tag-etykieta-eko","9":"desktop-align-center","10":"tablet-align-left","11":"mobile-align-left","13":"first","14":"instock","15":"purchasable","16":"product-type-simple"},"_links":{"self":[{"href":"https:\/\/los-odpowiedzialni-spolecznie.pl\/en\/wp-json\/wp\/v2\/product\/821","targetHints":{"allow":["GET"]}}],"collection":[{"href":"https:\/\/los-odpowiedzialni-spolecznie.pl\/en\/wp-json\/wp\/v2\/product"}],"about":[{"href":"https:\/\/los-odpowiedzialni-spolecznie.pl\/en\/wp-json\/wp\/v2\/types\/product"}],"wp:featuredmedia":[{"embeddable":true,"href":"https:\/\/los-odpowiedzialni-spolecznie.pl\/en\/wp-json\/wp\/v2\/media\/875"}],"wp:attachment":[{"href":"https:\/\/los-odpowiedzialni-spolecznie.pl\/en\/wp-json\/wp\/v2\/media?parent=821"}],"wp:term":[{"taxonomy":"product_cat","embeddable":true,"href":"https:\/\/los-odpowiedzialni-spolecznie.pl\/en\/wp-json\/wp\/v2\/product_cat?post=821"},{"taxonomy":"product_tag","embeddable":true,"href":"https:\/\/los-odpowiedzialni-spolecznie.pl\/en\/wp-json\/wp\/v2\/product_tag?post=821"}],"curies":[{"name":"wp","href":"https:\/\/api.w.org\/{rel}","templated":true}]}}