{"id":820,"date":"2024-12-23T15:56:30","date_gmt":"2024-12-23T14:56:30","guid":{"rendered":"https:\/\/los-odpowiedzialni-spolecznie.pl\/?post_type=product&#038;p=820"},"modified":"2024-12-23T15:58:40","modified_gmt":"2024-12-23T14:58:40","slug":"ciastka-sezamowe-lakoc-warszawski-150g-z-pylkiem-pszczelim","status":"publish","type":"product","link":"https:\/\/los-odpowiedzialni-spolecznie.pl\/en\/sklep\/produkty-spozywcze\/przekaski\/slodkie\/ciastka-sezamowe-lakoc-warszawski-150g-z-pylkiem-pszczelim\/","title":{"rendered":"CIASTKA SEZAMOWE \u0141AKO\u0106 WARSZAWSKI 150G Z PY\u0141KIEM PSZCZELIM"},"content":{"rendered":"<h3>Opis Produktu<\/h3>\n<p class=\"product-heading\"><strong>CIASTKA SEZAMOWE\u00a0 BEZGLUTENOWE \u0141AKO\u0106 WARSZAWSKI 150G Z PY\u0141KIEM PSZCZELIM<\/strong><\/p>\n<p><strong>SK\u0141ADNIKI<\/strong><br \/>\nsezam, m\u0105ka gryczana, m\u0105ka ry\u017cowa, olej kokosowy, daktyle suszone, simi\u0119 lniane, erytrytol (substancja s\u0142odz\u0105ca), py\u0142ek pszczeli, naturalny mi\u00f3d gryczany, s\u00f3l himalajska, wanilia.<\/p>\n<p><strong>Nie zawiera:<\/strong> glutenu, laktozy, cukru dodanego, orzech\u00f3w, jaj.<\/p>\n<p><u><strong>Warto\u015bci od\u017cywcze na 1 opakowanie\/150g:<\/strong><br \/>\n<\/u><strong>warto\u015b\u0107 energetyczna 2790\u00a0 kJ\/667 kcal<\/strong><br \/>\n<strong>t\u0142uszcz<\/strong> 44,4g (<strong>w tym kwasy t\u0142uszczowe nasycone<\/strong> 18,6g)<br \/>\n<strong>w\u0119glowodany<\/strong> 55,6g (w tym cukry 16,8g, w tym b\u0142onnik 15,3g)<br \/>\n<strong>bia\u0142ko<\/strong> 16,3g<br \/>\n<strong>s\u00f3l<\/strong> 0,15g.<\/p>\n<p><strong>PRZECHOWYWANIE<\/strong><br \/>\nPrzechowywa\u0107 w suchym i ch\u0142odnym miejscu.<\/p>\n<p><strong>Uwaga dost\u0119pna 1szt!<\/strong><\/p>","protected":false},"excerpt":{"rendered":"<p>Opis Produktu CIASTKA SEZAMOWE\u00a0 BEZGLUTENOWE \u0141AKO\u0106 WARSZAWSKI 150G Z PY\u0141KIEM PSZCZELIM SK\u0141ADNIKI sezam, m\u0105ka gryczana, m\u0105ka ry\u017cowa, olej kokosowy, daktyle suszone, simi\u0119 lniane, erytrytol (substancja s\u0142odz\u0105ca), py\u0142ek pszczeli, naturalny mi\u00f3d gryczany, s\u00f3l himalajska, wanilia. Nie zawiera: glutenu, laktozy, cukru dodanego, orzech\u00f3w, jaj. Warto\u015bci od\u017cywcze na 1 opakowanie\/150g: warto\u015b\u0107 energetyczna 2790\u00a0 kJ\/667 kcal t\u0142uszcz 44,4g (w [&hellip;]<\/p>","protected":false},"featured_media":870,"template":"","meta":{"site-sidebar-layout":"default","site-content-layout":"","ast-site-content-layout":"default","site-content-style":"default","site-sidebar-style":"default","ast-global-header-display":"","ast-banner-title-visibility":"","ast-main-header-display":"","ast-hfb-above-header-display":"","ast-hfb-below-header-display":"","ast-hfb-mobile-header-display":"","site-post-title":"","ast-breadcrumbs-content":"","ast-featured-img":"","footer-sml-layout":"","theme-transparent-header-meta":"default","adv-header-id-meta":"","stick-header-meta":"","header-above-stick-meta":"","header-main-stick-meta":"","header-below-stick-meta":"","astra-migrate-meta-layouts":"set","ast-page-background-enabled":"default","ast-page-background-meta":{"desktop":{"background-color":"var(--ast-global-color-4)","background-image":"","background-repeat":"repeat","background-position":"center center","background-size":"auto","background-attachment":"scroll","background-type":"","background-media":"","overlay-type":"","overlay-color":"","overlay-opacity":"","overlay-gradient":""},"tablet":{"background-color":"","background-image":"","background-repeat":"repeat","background-position":"center center","background-size":"auto","background-attachment":"scroll","background-type":"","background-media":"","overlay-type":"","overlay-color":"","overlay-opacity":"","overlay-gradient":""},"mobile":{"background-color":"","background-image":"","background-repeat":"repeat","background-position":"center center","background-size":"auto","background-attachment":"scroll","background-type":"","background-media":"","overlay-type":"","overlay-color":"","overlay-opacity":"","overlay-gradient":""}},"ast-content-background-meta":{"desktop":{"background-color":"var(--ast-global-color-5)","background-image":"","background-repeat":"repeat","background-position":"center center","background-size":"auto","background-attachment":"scroll","background-type":"","background-media":"","overlay-type":"","overlay-color":"","overlay-opacity":"","overlay-gradient":""},"tablet":{"background-color":"var(--ast-global-color-5)","background-image":"","background-repeat":"repeat","background-position":"center center","background-size":"auto","background-attachment":"scroll","background-type":"","background-media":"","overlay-type":"","overlay-color":"","overlay-opacity":"","overlay-gradient":""},"mobile":{"background-color":"var(--ast-global-color-5)","background-image":"","background-repeat":"repeat","background-position":"center center","background-size":"auto","background-attachment":"scroll","background-type":"","background-media":"","overlay-type":"","overlay-color":"","overlay-opacity":"","overlay-gradient":""}}},"product_cat":[25,24],"product_tag":[],"class_list":{"0":"post-820","1":"product","2":"type-product","3":"status-publish","4":"has-post-thumbnail","6":"product_cat-slodkie","7":"product_cat-przekaski","8":"desktop-align-center","9":"tablet-align-left","10":"mobile-align-left","12":"first","13":"instock","14":"purchasable","15":"product-type-simple"},"_links":{"self":[{"href":"https:\/\/los-odpowiedzialni-spolecznie.pl\/en\/wp-json\/wp\/v2\/product\/820","targetHints":{"allow":["GET"]}}],"collection":[{"href":"https:\/\/los-odpowiedzialni-spolecznie.pl\/en\/wp-json\/wp\/v2\/product"}],"about":[{"href":"https:\/\/los-odpowiedzialni-spolecznie.pl\/en\/wp-json\/wp\/v2\/types\/product"}],"wp:featuredmedia":[{"embeddable":true,"href":"https:\/\/los-odpowiedzialni-spolecznie.pl\/en\/wp-json\/wp\/v2\/media\/870"}],"wp:attachment":[{"href":"https:\/\/los-odpowiedzialni-spolecznie.pl\/en\/wp-json\/wp\/v2\/media?parent=820"}],"wp:term":[{"taxonomy":"product_cat","embeddable":true,"href":"https:\/\/los-odpowiedzialni-spolecznie.pl\/en\/wp-json\/wp\/v2\/product_cat?post=820"},{"taxonomy":"product_tag","embeddable":true,"href":"https:\/\/los-odpowiedzialni-spolecznie.pl\/en\/wp-json\/wp\/v2\/product_tag?post=820"}],"curies":[{"name":"wp","href":"https:\/\/api.w.org\/{rel}","templated":true}]}}