{"id":814,"date":"2024-12-23T15:56:07","date_gmt":"2024-12-23T14:56:07","guid":{"rendered":"https:\/\/los-odpowiedzialni-spolecznie.pl\/?post_type=product&#038;p=814"},"modified":"2024-12-23T15:58:32","modified_gmt":"2024-12-23T14:58:32","slug":"beanny-chips-proteine-proteinowe-chrupki-z-soczewicy-proteinowe-prazone-powietrzem-4-tluszczu-40-g","status":"publish","type":"product","link":"https:\/\/los-odpowiedzialni-spolecznie.pl\/en\/sklep\/produkty-spozywcze\/przekaski\/produkty-proteinowe\/beanny-chips-proteine-proteinowe-chrupki-z-soczewicy-proteinowe-prazone-powietrzem-4-tluszczu-40-g\/","title":{"rendered":"Beanny Chips Proteine &#8211; proteinowe chrupki z soczewicy proteinowe pra\u017cone powietrzem 4% t\u0142uszczu-40 g"},"content":{"rendered":"<h3>Opis Produktu<\/h3>\n<p class=\"prod_h1 h1\"><strong>Beanny Chips Proteine &#8211; proteinowe chrupki z soczewicy proteinowe pra\u017cone powietrzem 4% t\u0142uszczu<\/strong><\/p>\n<p>Pakowano w atmosferze ochronnej.<strong>\u00a0<\/strong>Wysoka zawarto\u015b\u0107 bia\u0142ka. Niesma\u017cone, niepieczone. Pra\u017cone gor\u0105cym powietrzem.<\/p>\n<p><strong>SK\u0141ADNIKI<br \/>\n<\/strong>m\u0105ka z soczewicy* 58%, skrobia z tapioki* 5%, m\u0105ka ziemniaczana* 21%, ry\u017c* 6%, skrobia ziemniaczana* 4%, olej s\u0142onecznikowy* 4%, s\u00f3l 2%, kurkuma*<strong>\u00a0<\/strong>(*certyfikowany sk\u0142adnik ekologiczny)<\/p>\n<p><span style=\"font-family: face\"><strong>WARTO\u015a\u0106 OD\u017bYWCZA W 100 g<\/strong><br \/>\n<strong>Warto\u015b\u0107 energetyczna: 1412,9 kJ \/ 337,7 kcal<\/strong><br \/>\n<strong>T\u0142uszcz:<\/strong> 5,0 g;<br \/>\n<strong>w tym kwasy t\u0142uszczowe nasycone:<\/strong> 1,5 g;<br \/>\n<strong>W\u0119glowodany:<\/strong> 53,2 g;<br \/>\n<strong>w tym cukry:<\/strong> 4,6 g;<br \/>\n<strong>B\u0142onnik:<\/strong> 6,0 g;<br \/>\n<strong>Bia\u0142ko:<\/strong> 17,0 g;<br \/>\n<strong>S\u00f3l:<\/strong> 2,0 g<\/span><\/p>\n<p><span style=\"font-family: face\"><strong>INFORMACJA ALERGENNA<br \/>\n<\/strong>Mo\u017ce zawiera\u0107 soj\u0119<\/span><\/p>\n<p><span style=\"font-family: face\"><strong>ZALECANE WARUNKI PRZECHOWYWANIA<br \/>\n<\/strong><\/span><span style=\"font-family: face\">Przechowywa\u0107 w suchym i ch\u0142odnym miejscu.<\/span><\/p>","protected":false},"excerpt":{"rendered":"<p>Opis Produktu Beanny Chips Proteine &#8211; proteinowe chrupki z soczewicy proteinowe pra\u017cone powietrzem 4% t\u0142uszczu Pakowano w atmosferze ochronnej.\u00a0Wysoka zawarto\u015b\u0107 bia\u0142ka. Niesma\u017cone, niepieczone. Pra\u017cone gor\u0105cym powietrzem. SK\u0141ADNIKI m\u0105ka z soczewicy* 58%, skrobia z tapioki* 5%, m\u0105ka ziemniaczana* 21%, ry\u017c* 6%, skrobia ziemniaczana* 4%, olej s\u0142onecznikowy* 4%, s\u00f3l 2%, kurkuma*\u00a0(*certyfikowany sk\u0142adnik ekologiczny) WARTO\u015a\u0106 OD\u017bYWCZA W 100 [&hellip;]<\/p>","protected":false},"featured_media":869,"template":"","meta":{"site-sidebar-layout":"default","site-content-layout":"","ast-site-content-layout":"default","site-content-style":"default","site-sidebar-style":"default","ast-global-header-display":"","ast-banner-title-visibility":"","ast-main-header-display":"","ast-hfb-above-header-display":"","ast-hfb-below-header-display":"","ast-hfb-mobile-header-display":"","site-post-title":"","ast-breadcrumbs-content":"","ast-featured-img":"","footer-sml-layout":"","theme-transparent-header-meta":"default","adv-header-id-meta":"","stick-header-meta":"","header-above-stick-meta":"","header-main-stick-meta":"","header-below-stick-meta":"","astra-migrate-meta-layouts":"set","ast-page-background-enabled":"default","ast-page-background-meta":{"desktop":{"background-color":"var(--ast-global-color-4)","background-image":"","background-repeat":"repeat","background-position":"center center","background-size":"auto","background-attachment":"scroll","background-type":"","background-media":"","overlay-type":"","overlay-color":"","overlay-opacity":"","overlay-gradient":""},"tablet":{"background-color":"","background-image":"","background-repeat":"repeat","background-position":"center center","background-size":"auto","background-attachment":"scroll","background-type":"","background-media":"","overlay-type":"","overlay-color":"","overlay-opacity":"","overlay-gradient":""},"mobile":{"background-color":"","background-image":"","background-repeat":"repeat","background-position":"center center","background-size":"auto","background-attachment":"scroll","background-type":"","background-media":"","overlay-type":"","overlay-color":"","overlay-opacity":"","overlay-gradient":""}},"ast-content-background-meta":{"desktop":{"background-color":"var(--ast-global-color-5)","background-image":"","background-repeat":"repeat","background-position":"center center","background-size":"auto","background-attachment":"scroll","background-type":"","background-media":"","overlay-type":"","overlay-color":"","overlay-opacity":"","overlay-gradient":""},"tablet":{"background-color":"var(--ast-global-color-5)","background-image":"","background-repeat":"repeat","background-position":"center center","background-size":"auto","background-attachment":"scroll","background-type":"","background-media":"","overlay-type":"","overlay-color":"","overlay-opacity":"","overlay-gradient":""},"mobile":{"background-color":"var(--ast-global-color-5)","background-image":"","background-repeat":"repeat","background-position":"center center","background-size":"auto","background-attachment":"scroll","background-type":"","background-media":"","overlay-type":"","overlay-color":"","overlay-opacity":"","overlay-gradient":""}}},"product_cat":[66,24,65],"product_tag":[34],"class_list":{"0":"post-814","1":"product","2":"type-product","3":"status-publish","4":"has-post-thumbnail","6":"product_cat-slone","7":"product_cat-przekaski","8":"product_cat-produkty-proteinowe","9":"product_tag-etykieta-eko","10":"desktop-align-center","11":"tablet-align-left","12":"mobile-align-left","14":"first","15":"onbackorder","16":"purchasable","17":"product-type-simple"},"_links":{"self":[{"href":"https:\/\/los-odpowiedzialni-spolecznie.pl\/en\/wp-json\/wp\/v2\/product\/814","targetHints":{"allow":["GET"]}}],"collection":[{"href":"https:\/\/los-odpowiedzialni-spolecznie.pl\/en\/wp-json\/wp\/v2\/product"}],"about":[{"href":"https:\/\/los-odpowiedzialni-spolecznie.pl\/en\/wp-json\/wp\/v2\/types\/product"}],"wp:featuredmedia":[{"embeddable":true,"href":"https:\/\/los-odpowiedzialni-spolecznie.pl\/en\/wp-json\/wp\/v2\/media\/869"}],"wp:attachment":[{"href":"https:\/\/los-odpowiedzialni-spolecznie.pl\/en\/wp-json\/wp\/v2\/media?parent=814"}],"wp:term":[{"taxonomy":"product_cat","embeddable":true,"href":"https:\/\/los-odpowiedzialni-spolecznie.pl\/en\/wp-json\/wp\/v2\/product_cat?post=814"},{"taxonomy":"product_tag","embeddable":true,"href":"https:\/\/los-odpowiedzialni-spolecznie.pl\/en\/wp-json\/wp\/v2\/product_tag?post=814"}],"curies":[{"name":"wp","href":"https:\/\/api.w.org\/{rel}","templated":true}]}}