{"id":812,"date":"2024-12-23T15:56:07","date_gmt":"2024-12-23T14:56:07","guid":{"rendered":"https:\/\/los-odpowiedzialni-spolecznie.pl\/?post_type=product&#038;p=812"},"modified":"2024-12-23T15:58:19","modified_gmt":"2024-12-23T14:58:19","slug":"chipsy-chrupki-z-soczewicy-i-ziemniakow-o-smaku-cytryny-z-pieprzem-bezglutenowe-bio-40-g-beanny-chips","status":"publish","type":"product","link":"https:\/\/los-odpowiedzialni-spolecznie.pl\/en\/sklep\/produkty-spozywcze\/przekaski\/slone\/chipsy-chrupki-z-soczewicy-i-ziemniakow-o-smaku-cytryny-z-pieprzem-bezglutenowe-bio-40-g-beanny-chips\/","title":{"rendered":"CHIPSY (CHRUPKI) Z SOCZEWICY I ZIEMNIAK\u00d3W O SMAKU CYTRYNY Z PIEPRZEM BEZGLUTENOWE BIO 40 g &#8211; BEANNY CHIPS"},"content":{"rendered":"<h3>Opis Produktu<\/h3>\n<p><strong>CHIPSY (CHRUPKI) Z SOCZEWICY I ZIEMNIAK\u00d3W O SMAKU CYTRYNY Z PIEPRZEM BEZGLUTENOWE BIO 40 g &#8211; BEANNY CHIPS<\/strong><\/p>\n<p>Wyj\u0105tkowa i smaczna przek\u0105ska, kt\u00f3rej g\u0142\u00f3wnym sk\u0142adnikiem jest soczewica i ziemniaki. 7 % t\u0142uszczu, 4 % b\u0142onnika.<br \/>\nNiesma\u017cone, niepieczone. Pra\u017cone gor\u0105cym powietrzem, wykorzystuje now\u0105 technologi\u0119 &#8222;AIR POP&#8221;, kt\u00f3ra umo\u017cliwia pra\u017cenie bez u\u017cycia oleju.<br \/>\nPakowano w atmosferze ochronnej.<br \/>\nCiesz si\u0119 smakiem nowych Lentil chips i chrup bez wyrzut\u00f3w sumienia!<\/p>\n<p><strong>SK\u0141ADNIKI<\/strong><br \/>\np\u00f3\u0142przetworzona soczewica* (m\u0105ka z soczewicy* 39,6 %, skrobia z tapioki* 4,2 %, s\u00f3l), p\u00f3\u0142przetworzone ziemniaki* (m\u0105ka ziemniaczana* 30,8 %, ry\u017c* 7,5 %, skrobia ziemniaczana* 5,3 %, s\u00f3l, kurkuma*), przyprawa o smaku cytryny z czarnym pieprzem* 7 % (maltodekstryna*, glukoza*, s\u00f3l, ekstrakt z cytryny* 0,4 %, ekstrakt dro\u017cd\u017cowy*, trawa cytrynowa*, pieprz czarny* 0,2 %, olej s\u0142onecznikowy*, regulator kwasowo\u015bci: kwas cytrynowy), olej s\u0142onecznikowy*. (*certyfikowany sk\u0142adnik ekologiczny)<\/p>\n<p><strong>WARTO\u015a\u0106 OD\u017bYWCZA W 100 g<\/strong><br \/>\n<strong>Warto\u015b\u0107 energetyczna &#8211; 1527 kJ\/365 kcal<\/strong><br \/>\n<strong>T\u0142uszcz &#8211;<\/strong> 7,0 g<br \/>\n<strong>w tym kwasy t\u0142uszczowe nasycone<\/strong> &#8211; 1,5 g<br \/>\n<strong>W\u0119glowodany<\/strong> &#8211; 60 g<br \/>\n<strong>w tym cukry<\/strong> &#8211; 3,8 g<br \/>\n<strong>B\u0142onnik<\/strong> &#8211; 4,4 g<br \/>\n<strong>Bia\u0142ko<\/strong> &#8211; 13 g<br \/>\n<strong>S\u00f3l &#8211;<\/strong> 1,8 g<\/p>\n<p><strong>INFORMACJA ALERGENNA<\/strong><br \/>\nMo\u017ce zawiera\u0107 SOJ\u0118<\/p>\n<p><strong>ZALECANE WARUNKI PRZECHOWYWANIA<\/strong><br \/>\nPrzechowywa\u0107 w suchym i ch\u0142odnym miejscu.<\/p>","protected":false},"excerpt":{"rendered":"<p>Opis Produktu CHIPSY (CHRUPKI) Z SOCZEWICY I ZIEMNIAK\u00d3W O SMAKU CYTRYNY Z PIEPRZEM BEZGLUTENOWE BIO 40 g &#8211; BEANNY CHIPS Wyj\u0105tkowa i smaczna przek\u0105ska, kt\u00f3rej g\u0142\u00f3wnym sk\u0142adnikiem jest soczewica i ziemniaki. 7 % t\u0142uszczu, 4 % b\u0142onnika. Niesma\u017cone, niepieczone. Pra\u017cone gor\u0105cym powietrzem, wykorzystuje now\u0105 technologi\u0119 &#8222;AIR POP&#8221;, kt\u00f3ra umo\u017cliwia pra\u017cenie bez u\u017cycia oleju. Pakowano w [&hellip;]<\/p>","protected":false},"featured_media":867,"template":"","meta":{"site-sidebar-layout":"default","site-content-layout":"","ast-site-content-layout":"default","site-content-style":"default","site-sidebar-style":"default","ast-global-header-display":"","ast-banner-title-visibility":"","ast-main-header-display":"","ast-hfb-above-header-display":"","ast-hfb-below-header-display":"","ast-hfb-mobile-header-display":"","site-post-title":"","ast-breadcrumbs-content":"","ast-featured-img":"","footer-sml-layout":"","theme-transparent-header-meta":"default","adv-header-id-meta":"","stick-header-meta":"","header-above-stick-meta":"","header-main-stick-meta":"","header-below-stick-meta":"","astra-migrate-meta-layouts":"set","ast-page-background-enabled":"default","ast-page-background-meta":{"desktop":{"background-color":"var(--ast-global-color-4)","background-image":"","background-repeat":"repeat","background-position":"center center","background-size":"auto","background-attachment":"scroll","background-type":"","background-media":"","overlay-type":"","overlay-color":"","overlay-opacity":"","overlay-gradient":""},"tablet":{"background-color":"","background-image":"","background-repeat":"repeat","background-position":"center center","background-size":"auto","background-attachment":"scroll","background-type":"","background-media":"","overlay-type":"","overlay-color":"","overlay-opacity":"","overlay-gradient":""},"mobile":{"background-color":"","background-image":"","background-repeat":"repeat","background-position":"center center","background-size":"auto","background-attachment":"scroll","background-type":"","background-media":"","overlay-type":"","overlay-color":"","overlay-opacity":"","overlay-gradient":""}},"ast-content-background-meta":{"desktop":{"background-color":"var(--ast-global-color-5)","background-image":"","background-repeat":"repeat","background-position":"center center","background-size":"auto","background-attachment":"scroll","background-type":"","background-media":"","overlay-type":"","overlay-color":"","overlay-opacity":"","overlay-gradient":""},"tablet":{"background-color":"var(--ast-global-color-5)","background-image":"","background-repeat":"repeat","background-position":"center center","background-size":"auto","background-attachment":"scroll","background-type":"","background-media":"","overlay-type":"","overlay-color":"","overlay-opacity":"","overlay-gradient":""},"mobile":{"background-color":"var(--ast-global-color-5)","background-image":"","background-repeat":"repeat","background-position":"center center","background-size":"auto","background-attachment":"scroll","background-type":"","background-media":"","overlay-type":"","overlay-color":"","overlay-opacity":"","overlay-gradient":""}}},"product_cat":[66,24],"product_tag":[34],"class_list":{"0":"post-812","1":"product","2":"type-product","3":"status-publish","4":"has-post-thumbnail","6":"product_cat-slone","7":"product_cat-przekaski","8":"product_tag-etykieta-eko","9":"desktop-align-center","10":"tablet-align-left","11":"mobile-align-left","13":"first","14":"onbackorder","15":"purchasable","16":"product-type-simple"},"_links":{"self":[{"href":"https:\/\/los-odpowiedzialni-spolecznie.pl\/en\/wp-json\/wp\/v2\/product\/812","targetHints":{"allow":["GET"]}}],"collection":[{"href":"https:\/\/los-odpowiedzialni-spolecznie.pl\/en\/wp-json\/wp\/v2\/product"}],"about":[{"href":"https:\/\/los-odpowiedzialni-spolecznie.pl\/en\/wp-json\/wp\/v2\/types\/product"}],"wp:featuredmedia":[{"embeddable":true,"href":"https:\/\/los-odpowiedzialni-spolecznie.pl\/en\/wp-json\/wp\/v2\/media\/867"}],"wp:attachment":[{"href":"https:\/\/los-odpowiedzialni-spolecznie.pl\/en\/wp-json\/wp\/v2\/media?parent=812"}],"wp:term":[{"taxonomy":"product_cat","embeddable":true,"href":"https:\/\/los-odpowiedzialni-spolecznie.pl\/en\/wp-json\/wp\/v2\/product_cat?post=812"},{"taxonomy":"product_tag","embeddable":true,"href":"https:\/\/los-odpowiedzialni-spolecznie.pl\/en\/wp-json\/wp\/v2\/product_tag?post=812"}],"curies":[{"name":"wp","href":"https:\/\/api.w.org\/{rel}","templated":true}]}}