{"id":810,"date":"2024-12-23T15:56:07","date_gmt":"2024-12-23T14:56:07","guid":{"rendered":"https:\/\/los-odpowiedzialni-spolecznie.pl\/?post_type=product&#038;p=810"},"modified":"2024-12-23T15:58:07","modified_gmt":"2024-12-23T14:58:07","slug":"cukierki-z-ksylitolu-ksylicuksy-o-smaku-mietowym-bezglutenowe-13-g-piec-przemian","status":"publish","type":"product","link":"https:\/\/los-odpowiedzialni-spolecznie.pl\/en\/sklep\/produkty-spozywcze\/przekaski\/slodkie\/cukierki-z-ksylitolu-ksylicuksy-o-smaku-mietowym-bezglutenowe-13-g-piec-przemian\/","title":{"rendered":"CUKIERKI Z KSYLITOLU KSYLICUKSY O SMAKU MI\u0118TOWYM BEZGLUTENOWE 13 g &#8211; PI\u0118\u0106 PRZEMIAN"},"content":{"rendered":"<h3>Opis Produktu<\/h3>\n<p><strong>CUKIERKI Z KSYLITOLU KSYLICUKSY O SMAKU MI\u0118TOWYM BEZGLUTENOWE 13 g &#8211; PI\u0118\u0106 PRZEMIAN<\/strong><\/p>\n<p>Zawiera substancj\u0119 s\u0142odz\u0105c\u0105.<\/p>\n<p><strong>SK\u0141ADNIKI<\/strong><br \/>\nsubstancja s\u0142odz\u0105ca: ksylitol (98 %), naturalny aromat mi\u0119towy (1,8 %), olej kokosowy bezwonny* (*certyfikowany sk\u0142adnik ekologiczny)<\/p>\n<div class=\"container\" data-class=\" czcionka-tekstowa-paragraf \">\n<div class=\"row czcionka-tekstowa-paragraf\">\n<div class=\"col-xs-12 kontrolka-PoleProduktu czcionka-tekstowa-paragraf\">\n<div class=\"tresc-pojemnik tresc-pojemnik-235\">\n<div id=\"kontrolka-235\" class=\"\">\n<div class=\"pole-opis-wartosc\"><span class=\"wartosc test\"><span class=\"wartosc test\"><strong>WARTO\u015a\u0106 OD\u017bYWCZA W 100 g<\/strong><br \/>\n<strong>Warto\u015b\u0107 energetyczna: 1017 kJ\/243 kcal<\/strong><br \/>\n<strong>T\u0142uszcz:<\/strong> 0,2 g<br \/>\n<strong>w tym kwasy t\u0142uszczowe nasycone:<\/strong> 0,18 g<br \/>\n<strong>W\u0119glowodany:<\/strong> 99,6 g<br \/>\n<strong>w tym cukry:<\/strong> 0,2 g<br \/>\n<strong>alkohole wielowodorotlenowe:<\/strong> 95,5 g<br \/>\n<strong>Bia\u0142ko:<\/strong> 0 g<br \/>\n<strong>S\u00f3l:<\/strong> 0,01 g<\/span><\/span><strong>UWAGA<\/strong><br \/>\nSpo\u017cycie w nadmiernych ilo\u015bciach mo\u017ce mie\u0107 efekt przeczyszczaj\u0105cy.<strong>ZALECANE WARUNKI PRZECHOWYWANIA<\/strong><br \/>\nPrzechowywa\u0107 w suchym i ch\u0142odnym miejscu, szczelnie zamkni\u0119te.<\/div>\n<\/div>\n<\/div>\n<\/div>\n<\/div>\n<\/div>\n<div class=\"container\" data-class=\" czcionka-tekstowa-paragraf \">\n<div class=\"row czcionka-tekstowa-paragraf\">\n<div class=\"col-xs-12 kontrolka-Tekst hidden-print wiersz-wysrodkuj-w-pionie\">\n<div class=\"tresc-pojemnik tresc-pojemnik-238\">\n<div id=\"kontrolka-238\" class=\"\">\n<h6><\/h6>\n<\/div>\n<\/div>\n<\/div>\n<\/div>\n<\/div>","protected":false},"excerpt":{"rendered":"<p>Opis Produktu CUKIERKI Z KSYLITOLU KSYLICUKSY O SMAKU MI\u0118TOWYM BEZGLUTENOWE 13 g &#8211; PI\u0118\u0106 PRZEMIAN Zawiera substancj\u0119 s\u0142odz\u0105c\u0105. SK\u0141ADNIKI substancja s\u0142odz\u0105ca: ksylitol (98 %), naturalny aromat mi\u0119towy (1,8 %), olej kokosowy bezwonny* (*certyfikowany sk\u0142adnik ekologiczny) WARTO\u015a\u0106 OD\u017bYWCZA W 100 g Warto\u015b\u0107 energetyczna: 1017 kJ\/243 kcal T\u0142uszcz: 0,2 g w tym kwasy t\u0142uszczowe nasycone: 0,18 g [&hellip;]<\/p>","protected":false},"featured_media":857,"template":"","meta":{"site-sidebar-layout":"default","site-content-layout":"","ast-site-content-layout":"default","site-content-style":"default","site-sidebar-style":"default","ast-global-header-display":"","ast-banner-title-visibility":"","ast-main-header-display":"","ast-hfb-above-header-display":"","ast-hfb-below-header-display":"","ast-hfb-mobile-header-display":"","site-post-title":"","ast-breadcrumbs-content":"","ast-featured-img":"","footer-sml-layout":"","theme-transparent-header-meta":"default","adv-header-id-meta":"","stick-header-meta":"","header-above-stick-meta":"","header-main-stick-meta":"","header-below-stick-meta":"","astra-migrate-meta-layouts":"set","ast-page-background-enabled":"default","ast-page-background-meta":{"desktop":{"background-color":"var(--ast-global-color-4)","background-image":"","background-repeat":"repeat","background-position":"center center","background-size":"auto","background-attachment":"scroll","background-type":"","background-media":"","overlay-type":"","overlay-color":"","overlay-opacity":"","overlay-gradient":""},"tablet":{"background-color":"","background-image":"","background-repeat":"repeat","background-position":"center center","background-size":"auto","background-attachment":"scroll","background-type":"","background-media":"","overlay-type":"","overlay-color":"","overlay-opacity":"","overlay-gradient":""},"mobile":{"background-color":"","background-image":"","background-repeat":"repeat","background-position":"center center","background-size":"auto","background-attachment":"scroll","background-type":"","background-media":"","overlay-type":"","overlay-color":"","overlay-opacity":"","overlay-gradient":""}},"ast-content-background-meta":{"desktop":{"background-color":"var(--ast-global-color-5)","background-image":"","background-repeat":"repeat","background-position":"center center","background-size":"auto","background-attachment":"scroll","background-type":"","background-media":"","overlay-type":"","overlay-color":"","overlay-opacity":"","overlay-gradient":""},"tablet":{"background-color":"var(--ast-global-color-5)","background-image":"","background-repeat":"repeat","background-position":"center center","background-size":"auto","background-attachment":"scroll","background-type":"","background-media":"","overlay-type":"","overlay-color":"","overlay-opacity":"","overlay-gradient":""},"mobile":{"background-color":"var(--ast-global-color-5)","background-image":"","background-repeat":"repeat","background-position":"center center","background-size":"auto","background-attachment":"scroll","background-type":"","background-media":"","overlay-type":"","overlay-color":"","overlay-opacity":"","overlay-gradient":""}}},"product_cat":[25,24],"product_tag":[],"class_list":{"0":"post-810","1":"product","2":"type-product","3":"status-publish","4":"has-post-thumbnail","6":"product_cat-slodkie","7":"product_cat-przekaski","8":"desktop-align-center","9":"tablet-align-left","10":"mobile-align-left","12":"first","13":"instock","14":"purchasable","15":"product-type-simple"},"_links":{"self":[{"href":"https:\/\/los-odpowiedzialni-spolecznie.pl\/en\/wp-json\/wp\/v2\/product\/810","targetHints":{"allow":["GET"]}}],"collection":[{"href":"https:\/\/los-odpowiedzialni-spolecznie.pl\/en\/wp-json\/wp\/v2\/product"}],"about":[{"href":"https:\/\/los-odpowiedzialni-spolecznie.pl\/en\/wp-json\/wp\/v2\/types\/product"}],"wp:featuredmedia":[{"embeddable":true,"href":"https:\/\/los-odpowiedzialni-spolecznie.pl\/en\/wp-json\/wp\/v2\/media\/857"}],"wp:attachment":[{"href":"https:\/\/los-odpowiedzialni-spolecznie.pl\/en\/wp-json\/wp\/v2\/media?parent=810"}],"wp:term":[{"taxonomy":"product_cat","embeddable":true,"href":"https:\/\/los-odpowiedzialni-spolecznie.pl\/en\/wp-json\/wp\/v2\/product_cat?post=810"},{"taxonomy":"product_tag","embeddable":true,"href":"https:\/\/los-odpowiedzialni-spolecznie.pl\/en\/wp-json\/wp\/v2\/product_tag?post=810"}],"curies":[{"name":"wp","href":"https:\/\/api.w.org\/{rel}","templated":true}]}}