{"id":802,"date":"2024-12-23T15:55:44","date_gmt":"2024-12-23T14:55:44","guid":{"rendered":"https:\/\/los-odpowiedzialni-spolecznie.pl\/?post_type=product&#038;p=802"},"modified":"2024-12-23T15:58:00","modified_gmt":"2024-12-23T14:58:00","slug":"guma-do-zucia-z-ksylitolem-o-smaku-gumy-balonowej-bezglutenowa-10-sztuk-12-g-spry","status":"publish","type":"product","link":"https:\/\/los-odpowiedzialni-spolecznie.pl\/en\/sklep\/produkty-spozywcze\/przekaski\/slodkie\/guma-do-zucia-z-ksylitolem-o-smaku-gumy-balonowej-bezglutenowa-10-sztuk-12-g-spry\/","title":{"rendered":"GUMA DO \u017bUCIA Z KSYLITOLEM O SMAKU GUMY BALONOWEJ BEZGLUTENOWA 10 SZTUK (12 g) &#8211; SPRY"},"content":{"rendered":"<h3>Opis Produktu<\/h3>\n<p><strong>GUMA DO \u017bUCIA Z KSYLITOLEM O SMAKU GUMY BALONOWEJ BEZGLUTENOWA 10 SZTUK (12 g) &#8211; SPRY<\/strong><\/p>\n<p>Opakowanie zawiera 10 gum. \u017bucie gumy z ksylitolem to doskona\u0142e uzupe\u0142nienie codziennej higieny jamy ustnej. Zaleca si\u0119 jej stosowanie codziennie po ka\u017cdym posi\u0142ku.<br \/>\nProdukty z zawarto\u015bci\u0105 ksylitolu s\u0105 przeznaczone dla os\u00f3b z nie\u015bwie\u017cym oddechem. Zawiera substancj\u0119 s\u0142odz\u0105c\u0105. Nadmierne spo\u017cycie mo\u017ce mie\u0107 efekt przeczyszczaj\u0105cy.<\/p>\n<p><strong>SK\u0141ADNIKI<\/strong><br \/>\nsubstancja s\u0142odz\u0105ca: ksylitol, baza gumowa, naturalny aromat, barwnik: w\u0119glan wapnia, substancja zag\u0119szczaj\u0105ca: guma arabska, glicerol, emulgator: lecytyny(ze s\u0142onecznika), substancja glazuruj\u0105ca: wosk carnauba, substancja s\u0142odz\u0105ca: glikozydy stewiolowe<\/p>\n<p><strong>ZALECANE WARUNKI PRZECHOWYWANIA<\/strong><br \/>\nPrzechowywa\u0107 w suchym miejscu.<\/p>","protected":false},"excerpt":{"rendered":"<p>Opis Produktu GUMA DO \u017bUCIA Z KSYLITOLEM O SMAKU GUMY BALONOWEJ BEZGLUTENOWA 10 SZTUK (12 g) &#8211; SPRY Opakowanie zawiera 10 gum. \u017bucie gumy z ksylitolem to doskona\u0142e uzupe\u0142nienie codziennej higieny jamy ustnej. Zaleca si\u0119 jej stosowanie codziennie po ka\u017cdym posi\u0142ku. Produkty z zawarto\u015bci\u0105 ksylitolu s\u0105 przeznaczone dla os\u00f3b z nie\u015bwie\u017cym oddechem. Zawiera substancj\u0119 s\u0142odz\u0105c\u0105. [&hellip;]<\/p>","protected":false},"featured_media":855,"template":"","meta":{"site-sidebar-layout":"default","site-content-layout":"","ast-site-content-layout":"default","site-content-style":"default","site-sidebar-style":"default","ast-global-header-display":"","ast-banner-title-visibility":"","ast-main-header-display":"","ast-hfb-above-header-display":"","ast-hfb-below-header-display":"","ast-hfb-mobile-header-display":"","site-post-title":"","ast-breadcrumbs-content":"","ast-featured-img":"","footer-sml-layout":"","theme-transparent-header-meta":"default","adv-header-id-meta":"","stick-header-meta":"","header-above-stick-meta":"","header-main-stick-meta":"","header-below-stick-meta":"","astra-migrate-meta-layouts":"set","ast-page-background-enabled":"default","ast-page-background-meta":{"desktop":{"background-color":"var(--ast-global-color-4)","background-image":"","background-repeat":"repeat","background-position":"center center","background-size":"auto","background-attachment":"scroll","background-type":"","background-media":"","overlay-type":"","overlay-color":"","overlay-opacity":"","overlay-gradient":""},"tablet":{"background-color":"","background-image":"","background-repeat":"repeat","background-position":"center center","background-size":"auto","background-attachment":"scroll","background-type":"","background-media":"","overlay-type":"","overlay-color":"","overlay-opacity":"","overlay-gradient":""},"mobile":{"background-color":"","background-image":"","background-repeat":"repeat","background-position":"center center","background-size":"auto","background-attachment":"scroll","background-type":"","background-media":"","overlay-type":"","overlay-color":"","overlay-opacity":"","overlay-gradient":""}},"ast-content-background-meta":{"desktop":{"background-color":"var(--ast-global-color-5)","background-image":"","background-repeat":"repeat","background-position":"center center","background-size":"auto","background-attachment":"scroll","background-type":"","background-media":"","overlay-type":"","overlay-color":"","overlay-opacity":"","overlay-gradient":""},"tablet":{"background-color":"var(--ast-global-color-5)","background-image":"","background-repeat":"repeat","background-position":"center center","background-size":"auto","background-attachment":"scroll","background-type":"","background-media":"","overlay-type":"","overlay-color":"","overlay-opacity":"","overlay-gradient":""},"mobile":{"background-color":"var(--ast-global-color-5)","background-image":"","background-repeat":"repeat","background-position":"center center","background-size":"auto","background-attachment":"scroll","background-type":"","background-media":"","overlay-type":"","overlay-color":"","overlay-opacity":"","overlay-gradient":""}}},"product_cat":[25,24],"product_tag":[],"class_list":{"0":"post-802","1":"product","2":"type-product","3":"status-publish","4":"has-post-thumbnail","6":"product_cat-slodkie","7":"product_cat-przekaski","8":"desktop-align-center","9":"tablet-align-left","10":"mobile-align-left","12":"first","13":"instock","14":"purchasable","15":"product-type-simple"},"_links":{"self":[{"href":"https:\/\/los-odpowiedzialni-spolecznie.pl\/en\/wp-json\/wp\/v2\/product\/802","targetHints":{"allow":["GET"]}}],"collection":[{"href":"https:\/\/los-odpowiedzialni-spolecznie.pl\/en\/wp-json\/wp\/v2\/product"}],"about":[{"href":"https:\/\/los-odpowiedzialni-spolecznie.pl\/en\/wp-json\/wp\/v2\/types\/product"}],"wp:featuredmedia":[{"embeddable":true,"href":"https:\/\/los-odpowiedzialni-spolecznie.pl\/en\/wp-json\/wp\/v2\/media\/855"}],"wp:attachment":[{"href":"https:\/\/los-odpowiedzialni-spolecznie.pl\/en\/wp-json\/wp\/v2\/media?parent=802"}],"wp:term":[{"taxonomy":"product_cat","embeddable":true,"href":"https:\/\/los-odpowiedzialni-spolecznie.pl\/en\/wp-json\/wp\/v2\/product_cat?post=802"},{"taxonomy":"product_tag","embeddable":true,"href":"https:\/\/los-odpowiedzialni-spolecznie.pl\/en\/wp-json\/wp\/v2\/product_tag?post=802"}],"curies":[{"name":"wp","href":"https:\/\/api.w.org\/{rel}","templated":true}]}}