{"id":794,"date":"2024-12-23T15:55:22","date_gmt":"2024-12-23T14:55:22","guid":{"rendered":"https:\/\/los-odpowiedzialni-spolecznie.pl\/?post_type=product&#038;p=794"},"modified":"2024-12-23T15:57:51","modified_gmt":"2024-12-23T14:57:51","slug":"guma-do-zucia-z-ksylitolem-o-smaku-miety-pieprzowej-15-g-chewsy","status":"publish","type":"product","link":"https:\/\/los-odpowiedzialni-spolecznie.pl\/en\/sklep\/produkty-spozywcze\/przekaski\/guma-do-zucia-z-ksylitolem-o-smaku-miety-pieprzowej-15-g-chewsy\/","title":{"rendered":"GUMA DO \u017bUCIA Z KSYLITOLEM O SMAKU MI\u0118TY PIEPRZOWEJ 15 g &#8211; CHEWSY"},"content":{"rendered":"<h3>Opis Produktu<\/h3>\n<p><strong>GUMA DO \u017bUCIA Z KSYLITOLEM O SMAKU MI\u0118TY PIEPRZOWEJ 15 g &#8211; CHEWSY<\/strong><\/p>\n<p>Naturalna guma do \u017cucia o smaku mi\u0119ty pieprzowej z ksylitolem. Zawiera substancj\u0119 s\u0142odz\u0105c\u0105.<br \/>\nKsylitol pomaga redukowa\u0107 powstawanie p\u0142ytki naz\u0119bnej. Spo\u017cywa\u0107 po jedzeniu lub piciu.<\/p>\n<p><strong>SK\u0141ADNIKI<\/strong><br \/>\nsubstancja s\u0142odz\u0105ca: ksylitol (70 %), baza gumowa, substancja zag\u0119szczaj\u0105ca: guma arabska, naturalny aromat mi\u0119ty pieprzowej (2 %), emulgator: lecytyny (ze s\u0142onecznika), substancja glazuruj\u0105ca: wosk carnauba.<\/p>\n<p><strong>WARTO\u015a\u0106 OD\u017bYWCZA W 100 g<\/strong><br \/>\n<strong>Warto\u015b\u0107 energetyczna: 702 kJ\/168 kcal<\/strong><br \/>\n<strong>T\u0142uszcz:<\/strong> 0 g<br \/>\n<strong>w tym kwasy t\u0142uszczowe nasycone:<\/strong> 0 g<br \/>\n<strong>W\u0119glowodany:<\/strong> 70 g<br \/>\n<strong>w tym cukry:<\/strong> 0 g<br \/>\n<strong>alkohole wielowodorotlenowe:<\/strong> 70 g<br \/>\n<strong>Bia\u0142ko:<\/strong> 0 g<br \/>\n<strong>S\u00f3l:<\/strong> 0 g<\/p>\n<p><strong>UWAGA<\/strong><br \/>\nNadmierne spo\u017cycie mo\u017ce mie\u0107 efekt przeczyszczaj\u0105cy.<\/p>\n<p><strong>ZALECANE WARUNKI PRZECHOWYWANIA<\/strong><br \/>\nPrzechowywa\u0107 w suchym i ch\u0142odnym miejscu, szczelnie zamkni\u0119te.<\/p>","protected":false},"excerpt":{"rendered":"<p>Opis Produktu GUMA DO \u017bUCIA Z KSYLITOLEM O SMAKU MI\u0118TY PIEPRZOWEJ 15 g &#8211; CHEWSY Naturalna guma do \u017cucia o smaku mi\u0119ty pieprzowej z ksylitolem. Zawiera substancj\u0119 s\u0142odz\u0105c\u0105. Ksylitol pomaga redukowa\u0107 powstawanie p\u0142ytki naz\u0119bnej. Spo\u017cywa\u0107 po jedzeniu lub piciu. SK\u0141ADNIKI substancja s\u0142odz\u0105ca: ksylitol (70 %), baza gumowa, substancja zag\u0119szczaj\u0105ca: guma arabska, naturalny aromat mi\u0119ty pieprzowej [&hellip;]<\/p>","protected":false},"featured_media":851,"template":"","meta":{"site-sidebar-layout":"default","site-content-layout":"","ast-site-content-layout":"default","site-content-style":"default","site-sidebar-style":"default","ast-global-header-display":"","ast-banner-title-visibility":"","ast-main-header-display":"","ast-hfb-above-header-display":"","ast-hfb-below-header-display":"","ast-hfb-mobile-header-display":"","site-post-title":"","ast-breadcrumbs-content":"","ast-featured-img":"","footer-sml-layout":"","theme-transparent-header-meta":"default","adv-header-id-meta":"","stick-header-meta":"","header-above-stick-meta":"","header-main-stick-meta":"","header-below-stick-meta":"","astra-migrate-meta-layouts":"set","ast-page-background-enabled":"default","ast-page-background-meta":{"desktop":{"background-color":"var(--ast-global-color-4)","background-image":"","background-repeat":"repeat","background-position":"center center","background-size":"auto","background-attachment":"scroll","background-type":"","background-media":"","overlay-type":"","overlay-color":"","overlay-opacity":"","overlay-gradient":""},"tablet":{"background-color":"","background-image":"","background-repeat":"repeat","background-position":"center center","background-size":"auto","background-attachment":"scroll","background-type":"","background-media":"","overlay-type":"","overlay-color":"","overlay-opacity":"","overlay-gradient":""},"mobile":{"background-color":"","background-image":"","background-repeat":"repeat","background-position":"center center","background-size":"auto","background-attachment":"scroll","background-type":"","background-media":"","overlay-type":"","overlay-color":"","overlay-opacity":"","overlay-gradient":""}},"ast-content-background-meta":{"desktop":{"background-color":"var(--ast-global-color-5)","background-image":"","background-repeat":"repeat","background-position":"center center","background-size":"auto","background-attachment":"scroll","background-type":"","background-media":"","overlay-type":"","overlay-color":"","overlay-opacity":"","overlay-gradient":""},"tablet":{"background-color":"var(--ast-global-color-5)","background-image":"","background-repeat":"repeat","background-position":"center center","background-size":"auto","background-attachment":"scroll","background-type":"","background-media":"","overlay-type":"","overlay-color":"","overlay-opacity":"","overlay-gradient":""},"mobile":{"background-color":"var(--ast-global-color-5)","background-image":"","background-repeat":"repeat","background-position":"center center","background-size":"auto","background-attachment":"scroll","background-type":"","background-media":"","overlay-type":"","overlay-color":"","overlay-opacity":"","overlay-gradient":""}}},"product_cat":[24],"product_tag":[],"class_list":{"0":"post-794","1":"product","2":"type-product","3":"status-publish","4":"has-post-thumbnail","6":"product_cat-przekaski","7":"desktop-align-center","8":"tablet-align-left","9":"mobile-align-left","11":"first","12":"onbackorder","13":"purchasable","14":"product-type-simple"},"_links":{"self":[{"href":"https:\/\/los-odpowiedzialni-spolecznie.pl\/en\/wp-json\/wp\/v2\/product\/794","targetHints":{"allow":["GET"]}}],"collection":[{"href":"https:\/\/los-odpowiedzialni-spolecznie.pl\/en\/wp-json\/wp\/v2\/product"}],"about":[{"href":"https:\/\/los-odpowiedzialni-spolecznie.pl\/en\/wp-json\/wp\/v2\/types\/product"}],"wp:featuredmedia":[{"embeddable":true,"href":"https:\/\/los-odpowiedzialni-spolecznie.pl\/en\/wp-json\/wp\/v2\/media\/851"}],"wp:attachment":[{"href":"https:\/\/los-odpowiedzialni-spolecznie.pl\/en\/wp-json\/wp\/v2\/media?parent=794"}],"wp:term":[{"taxonomy":"product_cat","embeddable":true,"href":"https:\/\/los-odpowiedzialni-spolecznie.pl\/en\/wp-json\/wp\/v2\/product_cat?post=794"},{"taxonomy":"product_tag","embeddable":true,"href":"https:\/\/los-odpowiedzialni-spolecznie.pl\/en\/wp-json\/wp\/v2\/product_tag?post=794"}],"curies":[{"name":"wp","href":"https:\/\/api.w.org\/{rel}","templated":true}]}}