{"id":793,"date":"2024-12-23T15:55:22","date_gmt":"2024-12-23T14:55:22","guid":{"rendered":"https:\/\/los-odpowiedzialni-spolecznie.pl\/?post_type=product&#038;p=793"},"modified":"2024-12-23T15:57:47","modified_gmt":"2024-12-23T14:57:47","slug":"paluszki-o-smaku-pizzy-z-serem-i-oliwa-z-oliwek-demeter-bio-75-g-mogli","status":"publish","type":"product","link":"https:\/\/los-odpowiedzialni-spolecznie.pl\/en\/sklep\/produkty-spozywcze\/przekaski\/slone\/paluszki-o-smaku-pizzy-z-serem-i-oliwa-z-oliwek-demeter-bio-75-g-mogli\/","title":{"rendered":"PALUSZKI O SMAKU PIZZY Z SEREM I OLIW\u0104 Z OLIWEK DEMETER BIO 75 g &#8211; MOGLI"},"content":{"rendered":"<h3>Opis Produktu<\/h3>\n<p><strong>PALUSZKI O SMAKU PIZZY Z SEREM I OLIW\u0104 Z OLIWEK DEMETER BIO 75 g &#8211; MOGLI<\/strong><\/p>\n<p><strong>SK\u0141ADNIKI<\/strong><br \/>\nm\u0105ka PSZENNA*, SER* (9 %), dro\u017cd\u017ce**, oliwa z oliwek*, zio\u0142a suszone** (2 %) (pomidor w proszku**, cebula w proszku**, oregano**, bazylia **, papryka w proszku**, czosnek w proszku**), s\u00f3l, ekstrakt s\u0142odu J\u0118CZMIENNEGO (*certyfikowany sk\u0142adnik ekologiczny,** sk\u0142adnik z rolnictwa biodynamicznego)<\/p>\n<p><strong>WARTO\u015a\u0106 OD\u017bYWCZA W 100 g<\/strong><br \/>\n<strong>Warto\u015b\u0107 energetyczna: 1755 kJ\/416 kcal<\/strong><br \/>\n<strong>T\u0142uszcz:<\/strong> 9,2 g<br \/>\n<strong>w tym kwasy t\u0142uszczowe nasycone:<\/strong> 3,6 g<br \/>\n<strong>W\u0119glowodany:<\/strong> 67 g<br \/>\n<strong>w tym cukry:<\/strong> 1,5 g<br \/>\n<strong>B\u0142onnik:<\/strong> 4,4 g<br \/>\n<strong>Bia\u0142ko:<\/strong> 14 g<br \/>\n<strong>S\u00f3l:<\/strong> 2,1 g<\/p>\n<p><strong>INFORMACJA ALERGENNA<\/strong><br \/>\nMo\u017ce zawiera\u0107 JAJA, ORZECHY, nasiona sezamu.<\/p>\n<p><strong>ZALECANE WARUNKI PRZECHOWYWANIA<\/strong><br \/>\nPrzechowywa\u0107 w suchym i ch\u0142odnym miejscu, z dala od ciep\u0142a.<\/p>","protected":false},"excerpt":{"rendered":"<p>Opis Produktu PALUSZKI O SMAKU PIZZY Z SEREM I OLIW\u0104 Z OLIWEK DEMETER BIO 75 g &#8211; MOGLI SK\u0141ADNIKI m\u0105ka PSZENNA*, SER* (9 %), dro\u017cd\u017ce**, oliwa z oliwek*, zio\u0142a suszone** (2 %) (pomidor w proszku**, cebula w proszku**, oregano**, bazylia **, papryka w proszku**, czosnek w proszku**), s\u00f3l, ekstrakt s\u0142odu J\u0118CZMIENNEGO (*certyfikowany sk\u0142adnik ekologiczny,** sk\u0142adnik [&hellip;]<\/p>","protected":false},"featured_media":846,"template":"","meta":{"site-sidebar-layout":"default","site-content-layout":"","ast-site-content-layout":"default","site-content-style":"default","site-sidebar-style":"default","ast-global-header-display":"","ast-banner-title-visibility":"","ast-main-header-display":"","ast-hfb-above-header-display":"","ast-hfb-below-header-display":"","ast-hfb-mobile-header-display":"","site-post-title":"","ast-breadcrumbs-content":"","ast-featured-img":"","footer-sml-layout":"","theme-transparent-header-meta":"default","adv-header-id-meta":"","stick-header-meta":"","header-above-stick-meta":"","header-main-stick-meta":"","header-below-stick-meta":"","astra-migrate-meta-layouts":"set","ast-page-background-enabled":"default","ast-page-background-meta":{"desktop":{"background-color":"var(--ast-global-color-4)","background-image":"","background-repeat":"repeat","background-position":"center center","background-size":"auto","background-attachment":"scroll","background-type":"","background-media":"","overlay-type":"","overlay-color":"","overlay-opacity":"","overlay-gradient":""},"tablet":{"background-color":"","background-image":"","background-repeat":"repeat","background-position":"center center","background-size":"auto","background-attachment":"scroll","background-type":"","background-media":"","overlay-type":"","overlay-color":"","overlay-opacity":"","overlay-gradient":""},"mobile":{"background-color":"","background-image":"","background-repeat":"repeat","background-position":"center center","background-size":"auto","background-attachment":"scroll","background-type":"","background-media":"","overlay-type":"","overlay-color":"","overlay-opacity":"","overlay-gradient":""}},"ast-content-background-meta":{"desktop":{"background-color":"var(--ast-global-color-5)","background-image":"","background-repeat":"repeat","background-position":"center center","background-size":"auto","background-attachment":"scroll","background-type":"","background-media":"","overlay-type":"","overlay-color":"","overlay-opacity":"","overlay-gradient":""},"tablet":{"background-color":"var(--ast-global-color-5)","background-image":"","background-repeat":"repeat","background-position":"center center","background-size":"auto","background-attachment":"scroll","background-type":"","background-media":"","overlay-type":"","overlay-color":"","overlay-opacity":"","overlay-gradient":""},"mobile":{"background-color":"var(--ast-global-color-5)","background-image":"","background-repeat":"repeat","background-position":"center center","background-size":"auto","background-attachment":"scroll","background-type":"","background-media":"","overlay-type":"","overlay-color":"","overlay-opacity":"","overlay-gradient":""}}},"product_cat":[66,24],"product_tag":[34],"class_list":{"0":"post-793","1":"product","2":"type-product","3":"status-publish","4":"has-post-thumbnail","6":"product_cat-slone","7":"product_cat-przekaski","8":"product_tag-etykieta-eko","9":"desktop-align-center","10":"tablet-align-left","11":"mobile-align-left","13":"first","14":"onbackorder","15":"purchasable","16":"product-type-simple"},"_links":{"self":[{"href":"https:\/\/los-odpowiedzialni-spolecznie.pl\/en\/wp-json\/wp\/v2\/product\/793","targetHints":{"allow":["GET"]}}],"collection":[{"href":"https:\/\/los-odpowiedzialni-spolecznie.pl\/en\/wp-json\/wp\/v2\/product"}],"about":[{"href":"https:\/\/los-odpowiedzialni-spolecznie.pl\/en\/wp-json\/wp\/v2\/types\/product"}],"wp:featuredmedia":[{"embeddable":true,"href":"https:\/\/los-odpowiedzialni-spolecznie.pl\/en\/wp-json\/wp\/v2\/media\/846"}],"wp:attachment":[{"href":"https:\/\/los-odpowiedzialni-spolecznie.pl\/en\/wp-json\/wp\/v2\/media?parent=793"}],"wp:term":[{"taxonomy":"product_cat","embeddable":true,"href":"https:\/\/los-odpowiedzialni-spolecznie.pl\/en\/wp-json\/wp\/v2\/product_cat?post=793"},{"taxonomy":"product_tag","embeddable":true,"href":"https:\/\/los-odpowiedzialni-spolecznie.pl\/en\/wp-json\/wp\/v2\/product_tag?post=793"}],"curies":[{"name":"wp","href":"https:\/\/api.w.org\/{rel}","templated":true}]}}