{"id":792,"date":"2024-12-23T15:55:22","date_gmt":"2024-12-23T14:55:22","guid":{"rendered":"https:\/\/los-odpowiedzialni-spolecznie.pl\/?post_type=product&#038;p=792"},"modified":"2024-12-23T15:57:44","modified_gmt":"2024-12-23T14:57:44","slug":"paluszki-lekko-solone-bezglutenowe-bio-45-g-biopont","status":"publish","type":"product","link":"https:\/\/los-odpowiedzialni-spolecznie.pl\/en\/sklep\/produkty-spozywcze\/przekaski\/slone\/paluszki-lekko-solone-bezglutenowe-bio-45-g-biopont\/","title":{"rendered":"PALUSZKI LEKKO SOLONE BEZGLUTENOWE BIO 45 g &#8211; BIOPONT"},"content":{"rendered":"<h3>Opis Produktu<\/h3>\n<p><strong>PALUSZKI LEKKO SOLONE BEZGLUTENOWE BIO 45 g &#8211; BIOPONT<\/strong><\/p>\n<p>Z\u0142ota, lekko b\u0142yszcz\u0105 przek\u0105ska o chrupi\u0105cej teksturze.<\/p>\n<p><strong>SK\u0141ADNIKI<\/strong><br \/>\nskrobia (kukurydziana*, ziemniaczana*), woda, m\u0105ka* (ry\u017cowa*, kukurydziana*, jaglana*), syrop ry\u017cowy*, olej s\u0142onecznikowy*, s\u00f3l morska (2,2 %), cukier trzcinowy*, \u0142uski babki p\u0142esznik*, w\u0142\u00f3kno bambusowe, emulgator: lecytyny (ze s\u0142onecznika*), substancja zag\u0119szczajaca: guma ksantanowa, dro\u017cd\u017ce suszone, substancje spulchniaj\u0105ce: wodorow\u0119glan sodu, wodorow\u0119glan amonu, przeciwutleniacz: ekstrakty z rozmarynu*, substancja glazuruj\u0105ca: wodorotlenek sodu (*certyfikowany sk\u0142adnik ekologiczny)<\/p>\n<p><strong>WARTO\u015a\u0106 OD\u017bYWCZA W 100 g<\/strong><br \/>\n<strong>Warto\u015b\u0107 energetyczna: 1645 kJ\/390 kcal<\/strong><br \/>\n<strong>T\u0142uszcz:<\/strong> 10 g<br \/>\n<strong>w tym kwasy t\u0142uszczowe nasycone:<\/strong> 1,7 g<br \/>\n<strong>W\u0119glowodany:<\/strong> 71 g<br \/>\n<strong>w tym cukry:<\/strong> 7,3 g<br \/>\n<strong>B\u0142onnik:<\/strong> 2,2 g<br \/>\n<strong>Bia\u0142ko:<\/strong> 2,0 g<br \/>\n<strong>S\u00f3l:<\/strong> 2,2 g<\/p>\n<p><strong>ZALECANE WARUNKI PRZECHOWYWANIA<\/strong><br \/>\nPrzechowywa\u0107 w suchym i ch\u0142odnym miejscu<\/p>","protected":false},"excerpt":{"rendered":"<p>Opis Produktu PALUSZKI LEKKO SOLONE BEZGLUTENOWE BIO 45 g &#8211; BIOPONT Z\u0142ota, lekko b\u0142yszcz\u0105 przek\u0105ska o chrupi\u0105cej teksturze. SK\u0141ADNIKI skrobia (kukurydziana*, ziemniaczana*), woda, m\u0105ka* (ry\u017cowa*, kukurydziana*, jaglana*), syrop ry\u017cowy*, olej s\u0142onecznikowy*, s\u00f3l morska (2,2 %), cukier trzcinowy*, \u0142uski babki p\u0142esznik*, w\u0142\u00f3kno bambusowe, emulgator: lecytyny (ze s\u0142onecznika*), substancja zag\u0119szczajaca: guma ksantanowa, dro\u017cd\u017ce suszone, substancje spulchniaj\u0105ce: wodorow\u0119glan [&hellip;]<\/p>","protected":false},"featured_media":845,"template":"","meta":{"site-sidebar-layout":"default","site-content-layout":"","ast-site-content-layout":"default","site-content-style":"default","site-sidebar-style":"default","ast-global-header-display":"","ast-banner-title-visibility":"","ast-main-header-display":"","ast-hfb-above-header-display":"","ast-hfb-below-header-display":"","ast-hfb-mobile-header-display":"","site-post-title":"","ast-breadcrumbs-content":"","ast-featured-img":"","footer-sml-layout":"","theme-transparent-header-meta":"default","adv-header-id-meta":"","stick-header-meta":"","header-above-stick-meta":"","header-main-stick-meta":"","header-below-stick-meta":"","astra-migrate-meta-layouts":"set","ast-page-background-enabled":"default","ast-page-background-meta":{"desktop":{"background-color":"var(--ast-global-color-4)","background-image":"","background-repeat":"repeat","background-position":"center center","background-size":"auto","background-attachment":"scroll","background-type":"","background-media":"","overlay-type":"","overlay-color":"","overlay-opacity":"","overlay-gradient":""},"tablet":{"background-color":"","background-image":"","background-repeat":"repeat","background-position":"center center","background-size":"auto","background-attachment":"scroll","background-type":"","background-media":"","overlay-type":"","overlay-color":"","overlay-opacity":"","overlay-gradient":""},"mobile":{"background-color":"","background-image":"","background-repeat":"repeat","background-position":"center center","background-size":"auto","background-attachment":"scroll","background-type":"","background-media":"","overlay-type":"","overlay-color":"","overlay-opacity":"","overlay-gradient":""}},"ast-content-background-meta":{"desktop":{"background-color":"var(--ast-global-color-5)","background-image":"","background-repeat":"repeat","background-position":"center center","background-size":"auto","background-attachment":"scroll","background-type":"","background-media":"","overlay-type":"","overlay-color":"","overlay-opacity":"","overlay-gradient":""},"tablet":{"background-color":"var(--ast-global-color-5)","background-image":"","background-repeat":"repeat","background-position":"center center","background-size":"auto","background-attachment":"scroll","background-type":"","background-media":"","overlay-type":"","overlay-color":"","overlay-opacity":"","overlay-gradient":""},"mobile":{"background-color":"var(--ast-global-color-5)","background-image":"","background-repeat":"repeat","background-position":"center center","background-size":"auto","background-attachment":"scroll","background-type":"","background-media":"","overlay-type":"","overlay-color":"","overlay-opacity":"","overlay-gradient":""}}},"product_cat":[66,24],"product_tag":[34],"class_list":{"0":"post-792","1":"product","2":"type-product","3":"status-publish","4":"has-post-thumbnail","6":"product_cat-slone","7":"product_cat-przekaski","8":"product_tag-etykieta-eko","9":"desktop-align-center","10":"tablet-align-left","11":"mobile-align-left","13":"first","14":"onbackorder","15":"purchasable","16":"product-type-simple"},"_links":{"self":[{"href":"https:\/\/los-odpowiedzialni-spolecznie.pl\/en\/wp-json\/wp\/v2\/product\/792","targetHints":{"allow":["GET"]}}],"collection":[{"href":"https:\/\/los-odpowiedzialni-spolecznie.pl\/en\/wp-json\/wp\/v2\/product"}],"about":[{"href":"https:\/\/los-odpowiedzialni-spolecznie.pl\/en\/wp-json\/wp\/v2\/types\/product"}],"wp:featuredmedia":[{"embeddable":true,"href":"https:\/\/los-odpowiedzialni-spolecznie.pl\/en\/wp-json\/wp\/v2\/media\/845"}],"wp:attachment":[{"href":"https:\/\/los-odpowiedzialni-spolecznie.pl\/en\/wp-json\/wp\/v2\/media?parent=792"}],"wp:term":[{"taxonomy":"product_cat","embeddable":true,"href":"https:\/\/los-odpowiedzialni-spolecznie.pl\/en\/wp-json\/wp\/v2\/product_cat?post=792"},{"taxonomy":"product_tag","embeddable":true,"href":"https:\/\/los-odpowiedzialni-spolecznie.pl\/en\/wp-json\/wp\/v2\/product_tag?post=792"}],"curies":[{"name":"wp","href":"https:\/\/api.w.org\/{rel}","templated":true}]}}