{"id":773,"date":"2024-12-23T15:54:34","date_gmt":"2024-12-23T14:54:34","guid":{"rendered":"https:\/\/los-odpowiedzialni-spolecznie.pl\/?post_type=product&#038;p=773"},"modified":"2024-12-23T15:56:38","modified_gmt":"2024-12-23T14:56:38","slug":"przecier-owocowy-jablko-brzoskwinia-bez-dodatku-cukrow-bezglutenowy-od-6-miesiaca-bio-100-g-frulla-natura-nuova","status":"publish","type":"product","link":"https:\/\/los-odpowiedzialni-spolecznie.pl\/en\/sklep\/produkty-spozywcze\/przekaski\/owocowe\/przecier-owocowy-jablko-brzoskwinia-bez-dodatku-cukrow-bezglutenowy-od-6-miesiaca-bio-100-g-frulla-natura-nuova\/","title":{"rendered":"PRZECIER OWOCOWY JAB\u0141KO &#8211; BRZOSKWINIA BEZ DODATKU CUKR\u00d3W BEZGLUTENOWY OD 6 MIESI\u0104CA BIO 100 g &#8211; FRULLA (NATURA NUOVA)"},"content":{"rendered":"<h3>Opis Produktu<\/h3>\n<p><strong>PRZECIER OWOCOWY JAB\u0141KO &#8211; BRZOSKWINIA BEZ DODATKU CUKR\u00d3W BEZGLUTENOWY OD 6 MIESI\u0104CA BIO 100 g &#8211; FRULLA (NATURA NUOVA)<\/strong><\/p>\n<p>Przecier przeznaczony dla dzieci od 6 miesi\u0105ca \u017cycia. Produkt bez dodatku cukr\u00f3w, zawiera naturalnie wyst\u0119puj\u0105ce cukry.<\/p>\n<p><strong>SK\u0141ADNIKI<\/strong><br \/>\njab\u0142ko* (80%), brzoskwinia* (20%) (*certyfikowany sk\u0142adnik ekologiczny)<\/p>\n<p><strong>WARTO\u015a\u0106 OD\u017bYWCZA W 100 g<\/strong><br \/>\n<strong>Warto\u015b\u0107 energetyczna: 241 kJ\/ 57 kca<\/strong>l<br \/>\n<strong>T\u0142uszcz:<\/strong> 0,2 g<br \/>\n<strong>w tym kwasy t\u0142uszczowe nasycone:<\/strong> 0,01 g<br \/>\n<strong>W\u0119glowodany:<\/strong> 12,5 g<br \/>\n<strong>w tym cukry:<\/strong> 12,4 g<br \/>\n<strong>Bia\u0142ko:<\/strong> 0,5 g<br \/>\n<strong>S\u00f3l:<\/strong> 0,01 g<br \/>\n<strong>S\u00f3d:<\/strong> 0,004 g<\/p>\n<p><strong>ZALECANE WARUNKI PRZECHOWYWANIA<\/strong><br \/>\nPrzechowywa\u0107 w suchym i ch\u0142odnym miejscu. Po otwarciu przechowywa\u0107 w lod\u00f3wce i spo\u017cy\u0107 w ci\u0105gu 24h.<\/p>","protected":false},"excerpt":{"rendered":"<p>Opis Produktu PRZECIER OWOCOWY JAB\u0141KO &#8211; BRZOSKWINIA BEZ DODATKU CUKR\u00d3W BEZGLUTENOWY OD 6 MIESI\u0104CA BIO 100 g &#8211; FRULLA (NATURA NUOVA) Przecier przeznaczony dla dzieci od 6 miesi\u0105ca \u017cycia. Produkt bez dodatku cukr\u00f3w, zawiera naturalnie wyst\u0119puj\u0105ce cukry. SK\u0141ADNIKI jab\u0142ko* (80%), brzoskwinia* (20%) (*certyfikowany sk\u0142adnik ekologiczny) WARTO\u015a\u0106 OD\u017bYWCZA W 100 g Warto\u015b\u0107 energetyczna: 241 kJ\/ 57 [&hellip;]<\/p>","protected":false},"featured_media":826,"template":"","meta":{"site-sidebar-layout":"default","site-content-layout":"","ast-site-content-layout":"default","site-content-style":"default","site-sidebar-style":"default","ast-global-header-display":"","ast-banner-title-visibility":"","ast-main-header-display":"","ast-hfb-above-header-display":"","ast-hfb-below-header-display":"","ast-hfb-mobile-header-display":"","site-post-title":"","ast-breadcrumbs-content":"","ast-featured-img":"","footer-sml-layout":"","theme-transparent-header-meta":"default","adv-header-id-meta":"","stick-header-meta":"","header-above-stick-meta":"","header-main-stick-meta":"","header-below-stick-meta":"","astra-migrate-meta-layouts":"set","ast-page-background-enabled":"default","ast-page-background-meta":{"desktop":{"background-color":"var(--ast-global-color-4)","background-image":"","background-repeat":"repeat","background-position":"center center","background-size":"auto","background-attachment":"scroll","background-type":"","background-media":"","overlay-type":"","overlay-color":"","overlay-opacity":"","overlay-gradient":""},"tablet":{"background-color":"","background-image":"","background-repeat":"repeat","background-position":"center center","background-size":"auto","background-attachment":"scroll","background-type":"","background-media":"","overlay-type":"","overlay-color":"","overlay-opacity":"","overlay-gradient":""},"mobile":{"background-color":"","background-image":"","background-repeat":"repeat","background-position":"center center","background-size":"auto","background-attachment":"scroll","background-type":"","background-media":"","overlay-type":"","overlay-color":"","overlay-opacity":"","overlay-gradient":""}},"ast-content-background-meta":{"desktop":{"background-color":"var(--ast-global-color-5)","background-image":"","background-repeat":"repeat","background-position":"center center","background-size":"auto","background-attachment":"scroll","background-type":"","background-media":"","overlay-type":"","overlay-color":"","overlay-opacity":"","overlay-gradient":""},"tablet":{"background-color":"var(--ast-global-color-5)","background-image":"","background-repeat":"repeat","background-position":"center center","background-size":"auto","background-attachment":"scroll","background-type":"","background-media":"","overlay-type":"","overlay-color":"","overlay-opacity":"","overlay-gradient":""},"mobile":{"background-color":"var(--ast-global-color-5)","background-image":"","background-repeat":"repeat","background-position":"center center","background-size":"auto","background-attachment":"scroll","background-type":"","background-media":"","overlay-type":"","overlay-color":"","overlay-opacity":"","overlay-gradient":""}}},"product_cat":[37,24],"product_tag":[34],"class_list":{"0":"post-773","1":"product","2":"type-product","3":"status-publish","4":"has-post-thumbnail","6":"product_cat-owocowe","7":"product_cat-przekaski","8":"product_tag-etykieta-eko","9":"desktop-align-center","10":"tablet-align-left","11":"mobile-align-left","13":"first","14":"onbackorder","15":"purchasable","16":"product-type-simple"},"_links":{"self":[{"href":"https:\/\/los-odpowiedzialni-spolecznie.pl\/en\/wp-json\/wp\/v2\/product\/773","targetHints":{"allow":["GET"]}}],"collection":[{"href":"https:\/\/los-odpowiedzialni-spolecznie.pl\/en\/wp-json\/wp\/v2\/product"}],"about":[{"href":"https:\/\/los-odpowiedzialni-spolecznie.pl\/en\/wp-json\/wp\/v2\/types\/product"}],"wp:featuredmedia":[{"embeddable":true,"href":"https:\/\/los-odpowiedzialni-spolecznie.pl\/en\/wp-json\/wp\/v2\/media\/826"}],"wp:attachment":[{"href":"https:\/\/los-odpowiedzialni-spolecznie.pl\/en\/wp-json\/wp\/v2\/media?parent=773"}],"wp:term":[{"taxonomy":"product_cat","embeddable":true,"href":"https:\/\/los-odpowiedzialni-spolecznie.pl\/en\/wp-json\/wp\/v2\/product_cat?post=773"},{"taxonomy":"product_tag","embeddable":true,"href":"https:\/\/los-odpowiedzialni-spolecznie.pl\/en\/wp-json\/wp\/v2\/product_tag?post=773"}],"curies":[{"name":"wp","href":"https:\/\/api.w.org\/{rel}","templated":true}]}}