{"id":764,"date":"2024-12-23T15:54:11","date_gmt":"2024-12-23T14:54:11","guid":{"rendered":"https:\/\/los-odpowiedzialni-spolecznie.pl\/?post_type=product&#038;p=764"},"modified":"2024-12-23T15:56:24","modified_gmt":"2024-12-23T14:56:24","slug":"galaretki-owocowe-bez-zelatyny-bezglutenowe-bio-100-g-bio-planet","status":"publish","type":"product","link":"https:\/\/los-odpowiedzialni-spolecznie.pl\/en\/sklep\/produkty-spozywcze\/przekaski\/slodkie\/galaretki-owocowe-bez-zelatyny-bezglutenowe-bio-100-g-bio-planet\/","title":{"rendered":"GALARETKI OWOCOWE BEZ \u017bELATYNY BEZGLUTENOWE BIO 100 g &#8211; BIO PLANET"},"content":{"rendered":"<h3>Opis Produktu<\/h3>\n<p><strong>GALARETKI OWOCOWE BEZ \u017bELATYNY BEZGLUTENOWE BIO 100 g &#8211; BIO PLANET<\/strong><\/p>\n<p>Owocowe galaretki ekologiczne stanowi\u0105 doskona\u0142\u0105 przek\u0105sk\u0119, zar\u00f3wno dla dzieci, jak i doros\u0142ych.<\/p>\n<p><strong>UWAGA<\/strong><br \/>\nprodukt nieodpowiedni do spo\u017cycia dla dzieci poni\u017cej 3 lat!<\/p>\n<p><strong>SK\u0141ADNIKI<\/strong><br \/>\ncukier*, syrop glukozowy*, koncentraty sok\u00f3w owocowych* 2,85 % (cytrynowy* 1,1 %, jab\u0142kowy* 0,84 %, z czarnej porzeczki* 0,47 %, malinowy* 0,44 %), substancja \u017celuj\u0105ca: agar*, kwas: kwas cytrynowy, owocowe i ro\u015blinne wyci\u0105gi barwi\u0105ce (z dyni*, jab\u0142ek*, spiruliny*, krokosza barwierskiego, bzu czarnego*), naturalne aromaty (cytrynowy, jab\u0142kowy, malinowy, z czarnej porzeczki) (*certyfikowany sk\u0142adnik ekologiczny).<\/p>\n<p><strong>WARTO\u015a\u0106 OD\u017bYWCZA W 100 g<\/strong><br \/>\n<strong>Warto\u015b\u0107 energetyczna 1450 kJ\/341 kcal<\/strong><br \/>\n<strong>T\u0142uszcz<\/strong> 0 g<br \/>\n<strong>w tym kwasy t\u0142uszczowe nasycone<\/strong> 0 g<br \/>\nW\u0119glowodany 85 g<br \/>\n<strong>w tym cukry<\/strong> 72 g<br \/>\n<strong>Bia\u0142ko<\/strong> &lt;0,5 g<br \/>\n<strong>S\u00f3l<\/strong> 0,2 g<\/p>\n<p><strong>ZALECANE WARUNKI PRZECHOWYWANIA<\/strong><br \/>\nPrzechowywa\u0107 w suchym i ch\u0142odnym miejscu.<\/p>","protected":false},"excerpt":{"rendered":"<p>Opis Produktu GALARETKI OWOCOWE BEZ \u017bELATYNY BEZGLUTENOWE BIO 100 g &#8211; BIO PLANET Owocowe galaretki ekologiczne stanowi\u0105 doskona\u0142\u0105 przek\u0105sk\u0119, zar\u00f3wno dla dzieci, jak i doros\u0142ych. UWAGA produkt nieodpowiedni do spo\u017cycia dla dzieci poni\u017cej 3 lat! SK\u0141ADNIKI cukier*, syrop glukozowy*, koncentraty sok\u00f3w owocowych* 2,85 % (cytrynowy* 1,1 %, jab\u0142kowy* 0,84 %, z czarnej porzeczki* 0,47 %, [&hellip;]<\/p>","protected":false},"featured_media":818,"template":"","meta":{"site-sidebar-layout":"default","site-content-layout":"","ast-site-content-layout":"default","site-content-style":"default","site-sidebar-style":"default","ast-global-header-display":"","ast-banner-title-visibility":"","ast-main-header-display":"","ast-hfb-above-header-display":"","ast-hfb-below-header-display":"","ast-hfb-mobile-header-display":"","site-post-title":"","ast-breadcrumbs-content":"","ast-featured-img":"","footer-sml-layout":"","theme-transparent-header-meta":"default","adv-header-id-meta":"","stick-header-meta":"","header-above-stick-meta":"","header-main-stick-meta":"","header-below-stick-meta":"","astra-migrate-meta-layouts":"set","ast-page-background-enabled":"default","ast-page-background-meta":{"desktop":{"background-color":"var(--ast-global-color-4)","background-image":"","background-repeat":"repeat","background-position":"center center","background-size":"auto","background-attachment":"scroll","background-type":"","background-media":"","overlay-type":"","overlay-color":"","overlay-opacity":"","overlay-gradient":""},"tablet":{"background-color":"","background-image":"","background-repeat":"repeat","background-position":"center center","background-size":"auto","background-attachment":"scroll","background-type":"","background-media":"","overlay-type":"","overlay-color":"","overlay-opacity":"","overlay-gradient":""},"mobile":{"background-color":"","background-image":"","background-repeat":"repeat","background-position":"center center","background-size":"auto","background-attachment":"scroll","background-type":"","background-media":"","overlay-type":"","overlay-color":"","overlay-opacity":"","overlay-gradient":""}},"ast-content-background-meta":{"desktop":{"background-color":"var(--ast-global-color-5)","background-image":"","background-repeat":"repeat","background-position":"center center","background-size":"auto","background-attachment":"scroll","background-type":"","background-media":"","overlay-type":"","overlay-color":"","overlay-opacity":"","overlay-gradient":""},"tablet":{"background-color":"var(--ast-global-color-5)","background-image":"","background-repeat":"repeat","background-position":"center center","background-size":"auto","background-attachment":"scroll","background-type":"","background-media":"","overlay-type":"","overlay-color":"","overlay-opacity":"","overlay-gradient":""},"mobile":{"background-color":"var(--ast-global-color-5)","background-image":"","background-repeat":"repeat","background-position":"center center","background-size":"auto","background-attachment":"scroll","background-type":"","background-media":"","overlay-type":"","overlay-color":"","overlay-opacity":"","overlay-gradient":""}}},"product_cat":[25,37,24],"product_tag":[34],"class_list":{"0":"post-764","1":"product","2":"type-product","3":"status-publish","4":"has-post-thumbnail","6":"product_cat-slodkie","7":"product_cat-owocowe","8":"product_cat-przekaski","9":"product_tag-etykieta-eko","10":"desktop-align-center","11":"tablet-align-left","12":"mobile-align-left","14":"first","15":"instock","16":"purchasable","17":"product-type-simple"},"_links":{"self":[{"href":"https:\/\/los-odpowiedzialni-spolecznie.pl\/en\/wp-json\/wp\/v2\/product\/764","targetHints":{"allow":["GET"]}}],"collection":[{"href":"https:\/\/los-odpowiedzialni-spolecznie.pl\/en\/wp-json\/wp\/v2\/product"}],"about":[{"href":"https:\/\/los-odpowiedzialni-spolecznie.pl\/en\/wp-json\/wp\/v2\/types\/product"}],"wp:featuredmedia":[{"embeddable":true,"href":"https:\/\/los-odpowiedzialni-spolecznie.pl\/en\/wp-json\/wp\/v2\/media\/818"}],"wp:attachment":[{"href":"https:\/\/los-odpowiedzialni-spolecznie.pl\/en\/wp-json\/wp\/v2\/media?parent=764"}],"wp:term":[{"taxonomy":"product_cat","embeddable":true,"href":"https:\/\/los-odpowiedzialni-spolecznie.pl\/en\/wp-json\/wp\/v2\/product_cat?post=764"},{"taxonomy":"product_tag","embeddable":true,"href":"https:\/\/los-odpowiedzialni-spolecznie.pl\/en\/wp-json\/wp\/v2\/product_tag?post=764"}],"curies":[{"name":"wp","href":"https:\/\/api.w.org\/{rel}","templated":true}]}}