{"id":763,"date":"2024-12-23T15:54:11","date_gmt":"2024-12-23T14:54:11","guid":{"rendered":"https:\/\/los-odpowiedzialni-spolecznie.pl\/?post_type=product&#038;p=763"},"modified":"2024-12-23T15:56:19","modified_gmt":"2024-12-23T14:56:19","slug":"zelki-misie-bez-zelatyny-bezglutenowe-bio-100-g-biominki","status":"publish","type":"product","link":"https:\/\/los-odpowiedzialni-spolecznie.pl\/en\/sklep\/produkty-spozywcze\/przekaski\/slodkie\/zelki-misie-bez-zelatyny-bezglutenowe-bio-100-g-biominki\/","title":{"rendered":"\u017bELKI (MISIE) BEZ \u017bELATYNY BEZGLUTENOWE BIO 100 g &#8211; BIOMINKI"},"content":{"rendered":"<h3>Opis Produktu<\/h3>\n<p><strong>\u017bELKI (MISIE) BEZ \u017bELATYNY BEZGLUTENOWE BIO 100 g &#8211; BIOMINKI<\/strong><\/p>\n<p>Ekologiczne \u017celki stanowi\u0105 wy\u015bmienit\u0105 przek\u0105sk\u0119 dla dzieci w szkole, w domu i na spacerze!<\/p>\n<p><strong>SK\u0141ADNIKI<\/strong><br \/>\nsyrop glukozowy*, cukier trzcinowy nierafinowany*, substancja \u017celuj\u0105ca: pektyna, koncentraty owocowe 3,7% (jab\u0142kowy* 0,9%, pomara\u0144czowy* 0,77%, cytrynowy* 0,52%, z czarnej porzeczki* 0,51%, malinowy* 0,5%, ananasowy* 0,5%), kwas: kwas cytrynowy, regulator kwasowo\u015bci: cytryniany wapnia, wyci\u0105gi ro\u015blinne barwi\u0105ce i aromatyzuj\u0105ce (z alg, szafranu, dyni*, jab\u0142ek*, marchwi*, czarnego bzu*), naturalne aromaty, substancja glazuruj\u0105ca: wosk carnauba* (*certyfikowany sk\u0142adnik ekologiczny).<\/p>\n<p><strong>UWAGA<\/strong><br \/>\nprodukt nieodpowiedni do spo\u017cycia dla dzieci poni\u017cej 3 lat!<\/p>\n<p><strong>WARTO\u015a\u0106 OD\u017bYWCZA W 100 g<\/strong><br \/>\n<strong>Warto\u015b\u0107 energetyczna &#8211; 1372 kJ \/ 323 kcal<\/strong><br \/>\n<strong>T\u0142uszcz<\/strong> &#8211; 0,1 g<br \/>\n<strong>w tym kwasy t\u0142uszczowe nasycone<\/strong> &#8211; 0,1 g<br \/>\n<strong>W\u0119glowodany<\/strong> &#8211; 78 g<br \/>\n<strong>w tym cukry<\/strong> &#8211; 58 g<br \/>\n<strong>B\u0142onnik<\/strong> &#8211; 2,8 g<br \/>\n<strong>Bia\u0142ko<\/strong> &#8211; &lt;0,2 g<br \/>\n<strong>S\u00f3l<\/strong> &#8211; &lt;0,2 g<\/p>\n<p><strong>ZALECANE WARUNKI PRZECHOWYWANIA<\/strong><br \/>\nPrzechowywa\u0107 w suchym i ch\u0142odnym miejscu.<\/p>","protected":false},"excerpt":{"rendered":"<p>Opis Produktu \u017bELKI (MISIE) BEZ \u017bELATYNY BEZGLUTENOWE BIO 100 g &#8211; BIOMINKI Ekologiczne \u017celki stanowi\u0105 wy\u015bmienit\u0105 przek\u0105sk\u0119 dla dzieci w szkole, w domu i na spacerze! SK\u0141ADNIKI syrop glukozowy*, cukier trzcinowy nierafinowany*, substancja \u017celuj\u0105ca: pektyna, koncentraty owocowe 3,7% (jab\u0142kowy* 0,9%, pomara\u0144czowy* 0,77%, cytrynowy* 0,52%, z czarnej porzeczki* 0,51%, malinowy* 0,5%, ananasowy* 0,5%), kwas: kwas cytrynowy, [&hellip;]<\/p>","protected":false},"featured_media":817,"template":"","meta":{"site-sidebar-layout":"default","site-content-layout":"","ast-site-content-layout":"default","site-content-style":"default","site-sidebar-style":"default","ast-global-header-display":"","ast-banner-title-visibility":"","ast-main-header-display":"","ast-hfb-above-header-display":"","ast-hfb-below-header-display":"","ast-hfb-mobile-header-display":"","site-post-title":"","ast-breadcrumbs-content":"","ast-featured-img":"","footer-sml-layout":"","theme-transparent-header-meta":"default","adv-header-id-meta":"","stick-header-meta":"","header-above-stick-meta":"","header-main-stick-meta":"","header-below-stick-meta":"","astra-migrate-meta-layouts":"set","ast-page-background-enabled":"default","ast-page-background-meta":{"desktop":{"background-color":"var(--ast-global-color-4)","background-image":"","background-repeat":"repeat","background-position":"center center","background-size":"auto","background-attachment":"scroll","background-type":"","background-media":"","overlay-type":"","overlay-color":"","overlay-opacity":"","overlay-gradient":""},"tablet":{"background-color":"","background-image":"","background-repeat":"repeat","background-position":"center center","background-size":"auto","background-attachment":"scroll","background-type":"","background-media":"","overlay-type":"","overlay-color":"","overlay-opacity":"","overlay-gradient":""},"mobile":{"background-color":"","background-image":"","background-repeat":"repeat","background-position":"center center","background-size":"auto","background-attachment":"scroll","background-type":"","background-media":"","overlay-type":"","overlay-color":"","overlay-opacity":"","overlay-gradient":""}},"ast-content-background-meta":{"desktop":{"background-color":"var(--ast-global-color-5)","background-image":"","background-repeat":"repeat","background-position":"center center","background-size":"auto","background-attachment":"scroll","background-type":"","background-media":"","overlay-type":"","overlay-color":"","overlay-opacity":"","overlay-gradient":""},"tablet":{"background-color":"var(--ast-global-color-5)","background-image":"","background-repeat":"repeat","background-position":"center center","background-size":"auto","background-attachment":"scroll","background-type":"","background-media":"","overlay-type":"","overlay-color":"","overlay-opacity":"","overlay-gradient":""},"mobile":{"background-color":"var(--ast-global-color-5)","background-image":"","background-repeat":"repeat","background-position":"center center","background-size":"auto","background-attachment":"scroll","background-type":"","background-media":"","overlay-type":"","overlay-color":"","overlay-opacity":"","overlay-gradient":""}}},"product_cat":[25,37,24],"product_tag":[34],"class_list":{"0":"post-763","1":"product","2":"type-product","3":"status-publish","4":"has-post-thumbnail","6":"product_cat-slodkie","7":"product_cat-owocowe","8":"product_cat-przekaski","9":"product_tag-etykieta-eko","10":"desktop-align-center","11":"tablet-align-left","12":"mobile-align-left","14":"first","15":"instock","16":"purchasable","17":"product-type-simple"},"_links":{"self":[{"href":"https:\/\/los-odpowiedzialni-spolecznie.pl\/en\/wp-json\/wp\/v2\/product\/763","targetHints":{"allow":["GET"]}}],"collection":[{"href":"https:\/\/los-odpowiedzialni-spolecznie.pl\/en\/wp-json\/wp\/v2\/product"}],"about":[{"href":"https:\/\/los-odpowiedzialni-spolecznie.pl\/en\/wp-json\/wp\/v2\/types\/product"}],"wp:featuredmedia":[{"embeddable":true,"href":"https:\/\/los-odpowiedzialni-spolecznie.pl\/en\/wp-json\/wp\/v2\/media\/817"}],"wp:attachment":[{"href":"https:\/\/los-odpowiedzialni-spolecznie.pl\/en\/wp-json\/wp\/v2\/media?parent=763"}],"wp:term":[{"taxonomy":"product_cat","embeddable":true,"href":"https:\/\/los-odpowiedzialni-spolecznie.pl\/en\/wp-json\/wp\/v2\/product_cat?post=763"},{"taxonomy":"product_tag","embeddable":true,"href":"https:\/\/los-odpowiedzialni-spolecznie.pl\/en\/wp-json\/wp\/v2\/product_tag?post=763"}],"curies":[{"name":"wp","href":"https:\/\/api.w.org\/{rel}","templated":true}]}}