{"id":760,"date":"2024-12-23T15:54:11","date_gmt":"2024-12-23T14:54:11","guid":{"rendered":"https:\/\/los-odpowiedzialni-spolecznie.pl\/?post_type=product&#038;p=760"},"modified":"2024-12-23T15:56:05","modified_gmt":"2024-12-23T14:56:05","slug":"lizak-o-smaku-truskawkowym-bez-dodatku-cukru-bio-6-g-lizuu","status":"publish","type":"product","link":"https:\/\/los-odpowiedzialni-spolecznie.pl\/en\/sklep\/produkty-spozywcze\/przekaski\/slodkie\/lizak-o-smaku-truskawkowym-bez-dodatku-cukru-bio-6-g-lizuu\/","title":{"rendered":"LIZAK O SMAKU TRUSKAWKOWYM BEZ DODATKU CUKRU BIO 6 g &#8211; LIZUU"},"content":{"rendered":"<h3>Opis Produktu<\/h3>\n<p><strong>LIZAK O SMAKU TRUSKAWKOWYM BEZ DODATKU CUKRU BIO 6 g &#8211; LIZUU<\/strong><\/p>\n<p>Suplement diety. Zawiera substancj\u0119 s\u0142odz\u0105c\u0105. Lizak zosta\u0142 wzbogacony o naturaln\u0105 witamin\u0119 C z koncentratu owoc\u00f3w z aceroli, kt\u00f3ra pomaga w prawid\u0142owym funkcjonowaniu uk\u0142adu odporno\u015bciowego.<br \/>\nNiejednorodny kolor lizaka mo\u017ce wynika\u0107 z zawarto\u015bci naturalnych sk\u0142adnik\u00f3w produktu.<\/p>\n<p><strong>SK\u0141ADNIKI<\/strong><br \/>\nsubstancja s\u0142odz\u0105ca: erytrytol*, izomaltooligosacharydy* (\u017ar\u00f3d\u0142o glukozy), koncentrat z owoc\u00f3w aceroli* 5 %, truskawki liofilizowane* 3 %, daktyle suszone* 3 %, naturalny aromat truskawkowy, koncentrat (z marchwi* i porzeczki czarnej*), b\u0142onnik akacjowy*, substancja przeciwzbrylaj\u0105ca: w\u0119glan wapnia (*certyfikowany sk\u0142adnik ekologiczny)<\/p>\n<p><strong>ZALECANE SPO\u017bYCIE I INNE UWAGI<\/strong><br \/>\n1-2 lizaki. Produkt przeznaczony jest dla doros\u0142ych i dzieci powy\u017cej 3 roku \u017cycia.<br \/>\nSuplement diety nie mo\u017ce by\u0107 stosowany jako substytut (zamiennik) zr\u00f3\u017cnicowanej diety. Nie przekracza\u0107 zalecanej porcji do spo\u017cycia w ci\u0105gu dnia.<br \/>\nNale\u017cy pami\u0119ta\u0107 o zr\u00f3wnowa\u017conym sposobie \u017cywienia i zdrowym trybie \u017cycia. Spo\u017cycie w nadmiernych ilo\u015bciach mo\u017ce mie\u0107 efekt przeczyszczaj\u0105cy.<\/p>\n<p><strong>ZALECANE WARUNKI PRZECHOWYWANIA<\/strong><br \/>\nPrzechowywa\u0107 w temperaturze pokojowej, w suchym miejscu niedost\u0119pnym dla ma\u0142ych dzieci.<\/p>","protected":false},"excerpt":{"rendered":"<p>Opis Produktu LIZAK O SMAKU TRUSKAWKOWYM BEZ DODATKU CUKRU BIO 6 g &#8211; LIZUU Suplement diety. Zawiera substancj\u0119 s\u0142odz\u0105c\u0105. Lizak zosta\u0142 wzbogacony o naturaln\u0105 witamin\u0119 C z koncentratu owoc\u00f3w z aceroli, kt\u00f3ra pomaga w prawid\u0142owym funkcjonowaniu uk\u0142adu odporno\u015bciowego. Niejednorodny kolor lizaka mo\u017ce wynika\u0107 z zawarto\u015bci naturalnych sk\u0142adnik\u00f3w produktu. SK\u0141ADNIKI substancja s\u0142odz\u0105ca: erytrytol*, izomaltooligosacharydy* (\u017ar\u00f3d\u0142o glukozy), [&hellip;]<\/p>","protected":false},"featured_media":808,"template":"","meta":{"site-sidebar-layout":"default","site-content-layout":"","ast-site-content-layout":"default","site-content-style":"default","site-sidebar-style":"default","ast-global-header-display":"","ast-banner-title-visibility":"","ast-main-header-display":"","ast-hfb-above-header-display":"","ast-hfb-below-header-display":"","ast-hfb-mobile-header-display":"","site-post-title":"","ast-breadcrumbs-content":"","ast-featured-img":"","footer-sml-layout":"","theme-transparent-header-meta":"default","adv-header-id-meta":"","stick-header-meta":"","header-above-stick-meta":"","header-main-stick-meta":"","header-below-stick-meta":"","astra-migrate-meta-layouts":"set","ast-page-background-enabled":"default","ast-page-background-meta":{"desktop":{"background-color":"var(--ast-global-color-4)","background-image":"","background-repeat":"repeat","background-position":"center center","background-size":"auto","background-attachment":"scroll","background-type":"","background-media":"","overlay-type":"","overlay-color":"","overlay-opacity":"","overlay-gradient":""},"tablet":{"background-color":"","background-image":"","background-repeat":"repeat","background-position":"center center","background-size":"auto","background-attachment":"scroll","background-type":"","background-media":"","overlay-type":"","overlay-color":"","overlay-opacity":"","overlay-gradient":""},"mobile":{"background-color":"","background-image":"","background-repeat":"repeat","background-position":"center center","background-size":"auto","background-attachment":"scroll","background-type":"","background-media":"","overlay-type":"","overlay-color":"","overlay-opacity":"","overlay-gradient":""}},"ast-content-background-meta":{"desktop":{"background-color":"var(--ast-global-color-5)","background-image":"","background-repeat":"repeat","background-position":"center center","background-size":"auto","background-attachment":"scroll","background-type":"","background-media":"","overlay-type":"","overlay-color":"","overlay-opacity":"","overlay-gradient":""},"tablet":{"background-color":"var(--ast-global-color-5)","background-image":"","background-repeat":"repeat","background-position":"center center","background-size":"auto","background-attachment":"scroll","background-type":"","background-media":"","overlay-type":"","overlay-color":"","overlay-opacity":"","overlay-gradient":""},"mobile":{"background-color":"var(--ast-global-color-5)","background-image":"","background-repeat":"repeat","background-position":"center center","background-size":"auto","background-attachment":"scroll","background-type":"","background-media":"","overlay-type":"","overlay-color":"","overlay-opacity":"","overlay-gradient":""}}},"product_cat":[25,24],"product_tag":[34],"class_list":{"0":"post-760","1":"product","2":"type-product","3":"status-publish","4":"has-post-thumbnail","6":"product_cat-slodkie","7":"product_cat-przekaski","8":"product_tag-etykieta-eko","9":"desktop-align-center","10":"tablet-align-left","11":"mobile-align-left","13":"first","14":"instock","15":"purchasable","16":"product-type-simple"},"_links":{"self":[{"href":"https:\/\/los-odpowiedzialni-spolecznie.pl\/en\/wp-json\/wp\/v2\/product\/760","targetHints":{"allow":["GET"]}}],"collection":[{"href":"https:\/\/los-odpowiedzialni-spolecznie.pl\/en\/wp-json\/wp\/v2\/product"}],"about":[{"href":"https:\/\/los-odpowiedzialni-spolecznie.pl\/en\/wp-json\/wp\/v2\/types\/product"}],"wp:featuredmedia":[{"embeddable":true,"href":"https:\/\/los-odpowiedzialni-spolecznie.pl\/en\/wp-json\/wp\/v2\/media\/808"}],"wp:attachment":[{"href":"https:\/\/los-odpowiedzialni-spolecznie.pl\/en\/wp-json\/wp\/v2\/media?parent=760"}],"wp:term":[{"taxonomy":"product_cat","embeddable":true,"href":"https:\/\/los-odpowiedzialni-spolecznie.pl\/en\/wp-json\/wp\/v2\/product_cat?post=760"},{"taxonomy":"product_tag","embeddable":true,"href":"https:\/\/los-odpowiedzialni-spolecznie.pl\/en\/wp-json\/wp\/v2\/product_tag?post=760"}],"curies":[{"name":"wp","href":"https:\/\/api.w.org\/{rel}","templated":true}]}}