{"id":749,"date":"2024-12-23T15:53:50","date_gmt":"2024-12-23T14:53:50","guid":{"rendered":"https:\/\/los-odpowiedzialni-spolecznie.pl\/?post_type=product&#038;p=749"},"modified":"2024-12-23T15:55:47","modified_gmt":"2024-12-23T14:55:47","slug":"syrop-dla-dzieci-z-tymianku-i-dzikiej-rozy-po-1-roku-zycia-bio-250-g-apotheke","status":"publish","type":"product","link":"https:\/\/los-odpowiedzialni-spolecznie.pl\/en\/sklep\/produkty-spozywcze\/syropy\/smakowe-syropy\/syrop-dla-dzieci-z-tymianku-i-dzikiej-rozy-po-1-roku-zycia-bio-250-g-apotheke\/","title":{"rendered":"SYROP DLA DZIECI Z TYMIANKU I DZIKIEJ R\u00d3\u017bY PO 1 ROKU \u017bYCIA BIO 250 G APOTHEKE"},"content":{"rendered":"<h3>Opis Produktu<\/h3>\n<p class=\"name\"><strong>SYROP DLA DZIECI Z TYMIANKU I DZIKIEJ R\u00d3\u017bY PO 1 ROKU \u017bYCIA BIO 250 G APOTHEKE<\/strong><\/p>\n<p>Suplement diety. Syrop dla dzieci od 12 miesi\u0105ca \u017cycia.<br \/>\nZawarto\u015b\u0107 ekstraktu z suszonego tymianku: 660 mg, zawarto\u015b\u0107 ekstraktu z suszonych owoc\u00f3w dzikiej r\u00f3\u017cy: 660 mg w maksymalnej dziennej dawce 20 ml.<br \/>\nTymianek i dzika r\u00f3\u017ca wspomagaj\u0105 zdrowie g\u00f3rnych dr\u00f3g oddechowych. Zr\u00f3wnowa\u017cony spos\u00f3b \u017cywienia oraz zdrowy tryb \u017cycia s\u0105 niezb\u0119dne do prawid\u0142owego funkcjonowania organizmu.<\/p>\n<p>&nbsp;<\/p>\n<p><strong>SK\u0141ADNIKI<\/strong><br \/>\ncukier trzcinowy*, woda, ekstrakt z suszonego tymianku* (3,3 %), ekstrakt z owoc\u00f3w dzikiej r\u00f3\u017cy* (3,3 %), regulator kwasowo\u015bci: kwas cytrynowy, koncentrat soku cytrynowego* (*certyfikowany sk\u0142adnik ekologiczny)<\/p>\n<p><strong>WARTO\u015a\u0106 OD\u017bYWCZA W 100 g<\/strong><br \/>\n<strong>Warto\u015b\u0107 energetyczna: 1092 kJ\/261 kcal<\/strong><br \/>\n<strong>T\u0142uszcz:<\/strong> 0 g<br \/>\n<strong>w tym kwasy t\u0142uszczowe nasycone<\/strong>: 0 g<br \/>\n<strong>W\u0119glowodany<\/strong>: 65 g<br \/>\n<strong>w tym cukry:<\/strong> 65 g<br \/>\n<strong>Bia\u0142ko:<\/strong> 0 g<br \/>\n<strong>S\u00f3l:<\/strong> 0 g<\/p>\n<p><strong>ZALECANE DZIENNE SPO\u017bYCIE<\/strong><br \/>\nDzieci od 12 miesi\u0105ca \u017cycia: 2 razy dziennie 1,5 \u0142y\u017ceczki (2 x 7,5 ml dziennie)<br \/>\nDzieci powy\u017cej 3-go roku \u017cycia: 2 razy dziennie 2 \u0142y\u017ceczki (2 x 10 ml dziennie)<\/p>\n<p><strong>UWAGI<\/strong><br \/>\nNieodpowiedni dla kobiet w ci\u0105\u017cy i karmi\u0105cych. Suplement diety nie mog\u0105 by\u0107 stosowane jako substytut zr\u00f3\u017cnicowanej diety.<br \/>\nWstrz\u0105sn\u0105\u0107 przed spo\u017cyciem. Spo\u017cywa\u0107 bezpo\u015brednio lub wymieszany z napojem. Nie nale\u017cy przekracza\u0107 zalecanej porcji do spo\u017cycia w ci\u0105gu dnia.<br \/>\nNie zawiera alkoholu.<\/p>\n<p><strong>ZALECANE WARUNKI PRZECHOWYWANIA<\/strong><br \/>\nPrzechowywa\u0107 w temperaturze poni\u017cej 25 stopni Celsjusza. Po otwarciu przechowywa\u0107 w lod\u00f3wce i spo\u017cy\u0107 w ciagu 2 tygodni. Suplementy diety powinny by\u0107 przechowywane w spos\u00f3b niedost\u0119pny dla ma\u0142ych dzieci.<\/p>","protected":false},"excerpt":{"rendered":"<p>Opis Produktu SYROP DLA DZIECI Z TYMIANKU I DZIKIEJ R\u00d3\u017bY PO 1 ROKU \u017bYCIA BIO 250 G APOTHEKE Suplement diety. Syrop dla dzieci od 12 miesi\u0105ca \u017cycia. Zawarto\u015b\u0107 ekstraktu z suszonego tymianku: 660 mg, zawarto\u015b\u0107 ekstraktu z suszonych owoc\u00f3w dzikiej r\u00f3\u017cy: 660 mg w maksymalnej dziennej dawce 20 ml. Tymianek i dzika r\u00f3\u017ca wspomagaj\u0105 zdrowie [&hellip;]<\/p>","protected":false},"featured_media":803,"template":"","meta":{"site-sidebar-layout":"default","site-content-layout":"","ast-site-content-layout":"default","site-content-style":"default","site-sidebar-style":"default","ast-global-header-display":"","ast-banner-title-visibility":"","ast-main-header-display":"","ast-hfb-above-header-display":"","ast-hfb-below-header-display":"","ast-hfb-mobile-header-display":"","site-post-title":"","ast-breadcrumbs-content":"","ast-featured-img":"","footer-sml-layout":"","theme-transparent-header-meta":"default","adv-header-id-meta":"","stick-header-meta":"","header-above-stick-meta":"","header-main-stick-meta":"","header-below-stick-meta":"","astra-migrate-meta-layouts":"set","ast-page-background-enabled":"default","ast-page-background-meta":{"desktop":{"background-color":"var(--ast-global-color-4)","background-image":"","background-repeat":"repeat","background-position":"center center","background-size":"auto","background-attachment":"scroll","background-type":"","background-media":"","overlay-type":"","overlay-color":"","overlay-opacity":"","overlay-gradient":""},"tablet":{"background-color":"","background-image":"","background-repeat":"repeat","background-position":"center center","background-size":"auto","background-attachment":"scroll","background-type":"","background-media":"","overlay-type":"","overlay-color":"","overlay-opacity":"","overlay-gradient":""},"mobile":{"background-color":"","background-image":"","background-repeat":"repeat","background-position":"center center","background-size":"auto","background-attachment":"scroll","background-type":"","background-media":"","overlay-type":"","overlay-color":"","overlay-opacity":"","overlay-gradient":""}},"ast-content-background-meta":{"desktop":{"background-color":"var(--ast-global-color-5)","background-image":"","background-repeat":"repeat","background-position":"center center","background-size":"auto","background-attachment":"scroll","background-type":"","background-media":"","overlay-type":"","overlay-color":"","overlay-opacity":"","overlay-gradient":""},"tablet":{"background-color":"var(--ast-global-color-5)","background-image":"","background-repeat":"repeat","background-position":"center center","background-size":"auto","background-attachment":"scroll","background-type":"","background-media":"","overlay-type":"","overlay-color":"","overlay-opacity":"","overlay-gradient":""},"mobile":{"background-color":"var(--ast-global-color-5)","background-image":"","background-repeat":"repeat","background-position":"center center","background-size":"auto","background-attachment":"scroll","background-type":"","background-media":"","overlay-type":"","overlay-color":"","overlay-opacity":"","overlay-gradient":""}}},"product_cat":[98,97],"product_tag":[34],"class_list":{"0":"post-749","1":"product","2":"type-product","3":"status-publish","4":"has-post-thumbnail","6":"product_cat-smakowe-syropy","7":"product_cat-syropy","8":"product_tag-etykieta-eko","9":"desktop-align-center","10":"tablet-align-left","11":"mobile-align-left","13":"first","14":"instock","15":"purchasable","16":"product-type-simple"},"_links":{"self":[{"href":"https:\/\/los-odpowiedzialni-spolecznie.pl\/en\/wp-json\/wp\/v2\/product\/749","targetHints":{"allow":["GET"]}}],"collection":[{"href":"https:\/\/los-odpowiedzialni-spolecznie.pl\/en\/wp-json\/wp\/v2\/product"}],"about":[{"href":"https:\/\/los-odpowiedzialni-spolecznie.pl\/en\/wp-json\/wp\/v2\/types\/product"}],"wp:featuredmedia":[{"embeddable":true,"href":"https:\/\/los-odpowiedzialni-spolecznie.pl\/en\/wp-json\/wp\/v2\/media\/803"}],"wp:attachment":[{"href":"https:\/\/los-odpowiedzialni-spolecznie.pl\/en\/wp-json\/wp\/v2\/media?parent=749"}],"wp:term":[{"taxonomy":"product_cat","embeddable":true,"href":"https:\/\/los-odpowiedzialni-spolecznie.pl\/en\/wp-json\/wp\/v2\/product_cat?post=749"},{"taxonomy":"product_tag","embeddable":true,"href":"https:\/\/los-odpowiedzialni-spolecznie.pl\/en\/wp-json\/wp\/v2\/product_tag?post=749"}],"curies":[{"name":"wp","href":"https:\/\/api.w.org\/{rel}","templated":true}]}}